{"id":993,"date":"2016-03-23T16:39:36","date_gmt":"2016-03-23T21:39:36","guid":{"rendered":"http:\/\/decor-resto.com\/?post_type=product&#038;p=993"},"modified":"2018-12-17T16:44:33","modified_gmt":"2018-12-17T21:44:33","slug":"bennett-sr-18","status":"publish","type":"product","link":"https:\/\/decor-resto.com\/en\/produit\/bennett-sr-18\/","title":{"rendered":"BENNETT-SR-18"},"content":{"rendered":"","protected":false},"excerpt":{"rendered":"","protected":false},"featured_media":994,"comment_status":"open","ping_status":"closed","template":"","meta":[],"product_brand":[],"product_cat":[9,24],"product_tag":[],"class_list":{"0":"post-993","1":"product","2":"type-product","3":"status-publish","4":"has-post-thumbnail","6":"product_cat-chaise-en-bois","7":"product_cat-mobilier-en-bois","9":"first","10":"instock","11":"shipping-taxable","12":"purchasable","13":"product-type-simple"},"yoast_head":"<!-- This site is optimized with the Yoast SEO Premium plugin v27.4 (Yoast SEO v27.4) - https:\/\/yoast.com\/product\/yoast-seo-premium-wordpress\/ -->\n<title>BENNETT-SR-18 - D\u00e9cor-Resto<\/title>\n<meta name=\"description\" content=\"D\u00c9COR RESTO: chaises empilables, bancs de bar, banquettes et tables. Que ce soit pour une entreprise, une \u00e9cole, un restaurant, salle de r\u00e9ception et h\u00f4tel, nous avons la chaise parfaite.\" \/>\n<meta name=\"robots\" content=\"index, follow, max-snippet:-1, max-image-preview:large, max-video-preview:-1\" \/>\n<link rel=\"canonical\" href=\"https:\/\/decor-resto.com\/en\/product-2\/bennett-sr-18\/\" \/>\n<meta property=\"og:locale\" content=\"en_US\" \/>\n<meta property=\"og:type\" content=\"article\" \/>\n<meta property=\"og:title\" content=\"BENNETT-SR-18\" \/>\n<meta property=\"og:url\" content=\"https:\/\/decor-resto.com\/en\/product-2\/bennett-sr-18\/\" \/>\n<meta property=\"og:site_name\" content=\"D\u00e9cor-Resto\" \/>\n<meta property=\"article:publisher\" content=\"https:\/\/www.facebook.com\/DecorResto\/\" \/>\n<meta property=\"article:modified_time\" content=\"2018-12-17T21:44:33+00:00\" \/>\n<meta property=\"og:image\" content=\"https:\/\/decor-resto.com\/wp-content\/uploads\/2016\/03\/BENNETT-SR-18.jpg\" \/>\n\t<meta property=\"og:image:width\" content=\"600\" \/>\n\t<meta property=\"og:image:height\" content=\"600\" \/>\n\t<meta property=\"og:image:type\" content=\"image\/jpeg\" \/>\n<meta name=\"twitter:card\" content=\"summary_large_image\" \/>\n<meta name=\"twitter:site\" content=\"@DECORRESTO\" \/>\n<meta name=\"twitter:label1\" content=\"Price\" \/>\n\t<meta name=\"twitter:data1\" content=\"&#036;0.00\" \/>\n\t<meta name=\"twitter:label2\" content=\"Availability\" \/>\n\t<meta name=\"twitter:data2\" content=\"In stock\" \/>\n<script type=\"application\/ld+json\" class=\"yoast-schema-graph\">{\"@context\":\"https:\\\/\\\/schema.org\",\"@graph\":[{\"@type\":\"WebPage\",\"@id\":\"https:\\\/\\\/decor-resto.com\\\/en\\\/product-2\\\/bennett-sr-18\\\/\",\"url\":\"https:\\\/\\\/decor-resto.com\\\/en\\\/product-2\\\/bennett-sr-18\\\/\",\"name\":\"BENNETT-SR-18 - D\u00e9cor-Resto\",\"isPartOf\":{\"@id\":\"https:\\\/\\\/decor-resto.com\\\/#website\"},\"primaryImageOfPage\":{\"@id\":\"https:\\\/\\\/decor-resto.com\\\/en\\\/product-2\\\/bennett-sr-18\\\/#primaryimage\"},\"image\":{\"@id\":\"https:\\\/\\\/decor-resto.com\\\/en\\\/product-2\\\/bennett-sr-18\\\/#primaryimage\"},\"thumbnailUrl\":\"https:\\\/\\\/decor-resto.com\\\/wp-content\\\/uploads\\\/2016\\\/03\\\/BENNETT-SR-18.jpg\",\"datePublished\":\"2016-03-23T21:39:36+00:00\",\"dateModified\":\"2018-12-17T21:44:33+00:00\",\"description\":\"D\u00c9COR RESTO: chaises empilables, bancs de bar, banquettes et tables. Que ce soit pour une entreprise, une \u00e9cole, un restaurant, salle de r\u00e9ception et h\u00f4tel, nous avons la chaise parfaite.\",\"breadcrumb\":{\"@id\":\"https:\\\/\\\/decor-resto.com\\\/en\\\/product-2\\\/bennett-sr-18\\\/#breadcrumb\"},\"inLanguage\":\"en-CA\",\"potentialAction\":[{\"@type\":\"ReadAction\",\"target\":[\"https:\\\/\\\/decor-resto.com\\\/en\\\/product-2\\\/bennett-sr-18\\\/\"]}]},{\"@type\":\"ImageObject\",\"inLanguage\":\"en-CA\",\"@id\":\"https:\\\/\\\/decor-resto.com\\\/en\\\/product-2\\\/bennett-sr-18\\\/#primaryimage\",\"url\":\"https:\\\/\\\/decor-resto.com\\\/wp-content\\\/uploads\\\/2016\\\/03\\\/BENNETT-SR-18.jpg\",\"contentUrl\":\"https:\\\/\\\/decor-resto.com\\\/wp-content\\\/uploads\\\/2016\\\/03\\\/BENNETT-SR-18.jpg\",\"width\":600,\"height\":600},{\"@type\":\"BreadcrumbList\",\"@id\":\"https:\\\/\\\/decor-resto.com\\\/en\\\/product-2\\\/bennett-sr-18\\\/#breadcrumb\",\"itemListElement\":[{\"@type\":\"ListItem\",\"position\":1,\"name\":\"Home\",\"item\":\"https:\\\/\\\/decor-resto.com\\\/accueil\\\/\"},{\"@type\":\"ListItem\",\"position\":2,\"name\":\"Shop\",\"item\":\"https:\\\/\\\/decor-resto.com\\\/boutique-2\\\/\"},{\"@type\":\"ListItem\",\"position\":3,\"name\":\"Mobilier en Bois\",\"item\":\"https:\\\/\\\/decor-resto.com\\\/categorie-produit\\\/mobilier-en-bois\\\/\"},{\"@type\":\"ListItem\",\"position\":4,\"name\":\"chaises en bois sans bras\",\"item\":\"https:\\\/\\\/decor-resto.com\\\/categorie-produit\\\/mobilier-en-bois\\\/chaise-en-bois\\\/\"},{\"@type\":\"ListItem\",\"position\":5,\"name\":\"BENNETT-SR-18\"}]},{\"@type\":\"WebSite\",\"@id\":\"https:\\\/\\\/decor-resto.com\\\/#website\",\"url\":\"https:\\\/\\\/decor-resto.com\\\/\",\"name\":\"D\u00e9cor-Resto\",\"description\":\"mobilier et chaise de restaurant\",\"publisher\":{\"@id\":\"https:\\\/\\\/decor-resto.com\\\/#organization\"},\"alternateName\":\"D\u00e9cor-Resto chaises et tables\",\"potentialAction\":[{\"@type\":\"SearchAction\",\"target\":{\"@type\":\"EntryPoint\",\"urlTemplate\":\"https:\\\/\\\/decor-resto.com\\\/?s={search_term_string}\"},\"query-input\":{\"@type\":\"PropertyValueSpecification\",\"valueRequired\":true,\"valueName\":\"search_term_string\"}}],\"inLanguage\":\"en-CA\"},{\"@type\":\"Organization\",\"@id\":\"https:\\\/\\\/decor-resto.com\\\/#organization\",\"name\":\"Decor Resto\",\"alternateName\":\"D\u00e9cor-Resto Chaises & Tables inc.\",\"url\":\"https:\\\/\\\/decor-resto.com\\\/\",\"logo\":{\"@type\":\"ImageObject\",\"inLanguage\":\"en-CA\",\"@id\":\"https:\\\/\\\/decor-resto.com\\\/#\\\/schema\\\/logo\\\/image\\\/\",\"url\":\"https:\\\/\\\/decor-resto.com\\\/wp-content\\\/uploads\\\/2018\\\/11\\\/decorResto.jpg\",\"contentUrl\":\"https:\\\/\\\/decor-resto.com\\\/wp-content\\\/uploads\\\/2018\\\/11\\\/decorResto.jpg\",\"width\":580,\"height\":580,\"caption\":\"Decor Resto\"},\"image\":{\"@id\":\"https:\\\/\\\/decor-resto.com\\\/#\\\/schema\\\/logo\\\/image\\\/\"},\"sameAs\":[\"https:\\\/\\\/www.facebook.com\\\/DecorResto\\\/\",\"https:\\\/\\\/x.com\\\/DECORRESTO\",\"https:\\\/\\\/www.youtube.com\\\/user\\\/decorresto\",\"https:\\\/\\\/www.linkedin.com\\\/in\\\/decor-resto-chairs-tables-inc-a23698a0\\\/?locale=fr_FR\"]}]}<\/script>\n<meta property=\"product:brand\" content=\"simple\" \/>\n<meta property=\"product:price:amount\" content=\"0.00\" \/>\n<meta property=\"product:price:currency\" content=\"CAD\" \/>\n<meta property=\"og:availability\" content=\"instock\" \/>\n<meta property=\"product:availability\" content=\"instock\" \/>\n<meta property=\"product:condition\" content=\"new\" \/>\n<!-- \/ Yoast SEO Premium plugin. -->","yoast_head_json":{"title":"BENNETT-SR-18 - D\u00e9cor-Resto","description":"D\u00c9COR RESTO: chaises empilables, bancs de bar, banquettes et tables. Que ce soit pour une entreprise, une \u00e9cole, un restaurant, salle de r\u00e9ception et h\u00f4tel, nous avons la chaise parfaite.","robots":{"index":"index","follow":"follow","max-snippet":"max-snippet:-1","max-image-preview":"max-image-preview:large","max-video-preview":"max-video-preview:-1"},"canonical":"https:\/\/decor-resto.com\/en\/product-2\/bennett-sr-18\/","og_locale":"en_US","og_type":"article","og_title":"BENNETT-SR-18","og_url":"https:\/\/decor-resto.com\/en\/product-2\/bennett-sr-18\/","og_site_name":"D\u00e9cor-Resto","article_publisher":"https:\/\/www.facebook.com\/DecorResto\/","article_modified_time":"2018-12-17T21:44:33+00:00","og_image":[{"width":600,"height":600,"url":"https:\/\/decor-resto.com\/wp-content\/uploads\/2016\/03\/BENNETT-SR-18.jpg","type":"image\/jpeg"}],"twitter_card":"summary_large_image","twitter_site":"@DECORRESTO","twitter_misc":{"Price":"&#36;0.00","Availability":"In stock"},"schema":{"@context":"https:\/\/schema.org","@graph":[{"@type":"WebPage","@id":"https:\/\/decor-resto.com\/en\/product-2\/bennett-sr-18\/","url":"https:\/\/decor-resto.com\/en\/product-2\/bennett-sr-18\/","name":"BENNETT-SR-18 - D\u00e9cor-Resto","isPartOf":{"@id":"https:\/\/decor-resto.com\/#website"},"primaryImageOfPage":{"@id":"https:\/\/decor-resto.com\/en\/product-2\/bennett-sr-18\/#primaryimage"},"image":{"@id":"https:\/\/decor-resto.com\/en\/product-2\/bennett-sr-18\/#primaryimage"},"thumbnailUrl":"https:\/\/decor-resto.com\/wp-content\/uploads\/2016\/03\/BENNETT-SR-18.jpg","datePublished":"2016-03-23T21:39:36+00:00","dateModified":"2018-12-17T21:44:33+00:00","description":"D\u00c9COR RESTO: chaises empilables, bancs de bar, banquettes et tables. Que ce soit pour une entreprise, une \u00e9cole, un restaurant, salle de r\u00e9ception et h\u00f4tel, nous avons la chaise parfaite.","breadcrumb":{"@id":"https:\/\/decor-resto.com\/en\/product-2\/bennett-sr-18\/#breadcrumb"},"inLanguage":"en-CA","potentialAction":[{"@type":"ReadAction","target":["https:\/\/decor-resto.com\/en\/product-2\/bennett-sr-18\/"]}]},{"@type":"ImageObject","inLanguage":"en-CA","@id":"https:\/\/decor-resto.com\/en\/product-2\/bennett-sr-18\/#primaryimage","url":"https:\/\/decor-resto.com\/wp-content\/uploads\/2016\/03\/BENNETT-SR-18.jpg","contentUrl":"https:\/\/decor-resto.com\/wp-content\/uploads\/2016\/03\/BENNETT-SR-18.jpg","width":600,"height":600},{"@type":"BreadcrumbList","@id":"https:\/\/decor-resto.com\/en\/product-2\/bennett-sr-18\/#breadcrumb","itemListElement":[{"@type":"ListItem","position":1,"name":"Home","item":"https:\/\/decor-resto.com\/accueil\/"},{"@type":"ListItem","position":2,"name":"Shop","item":"https:\/\/decor-resto.com\/boutique-2\/"},{"@type":"ListItem","position":3,"name":"Mobilier en Bois","item":"https:\/\/decor-resto.com\/categorie-produit\/mobilier-en-bois\/"},{"@type":"ListItem","position":4,"name":"chaises en bois sans bras","item":"https:\/\/decor-resto.com\/categorie-produit\/mobilier-en-bois\/chaise-en-bois\/"},{"@type":"ListItem","position":5,"name":"BENNETT-SR-18"}]},{"@type":"WebSite","@id":"https:\/\/decor-resto.com\/#website","url":"https:\/\/decor-resto.com\/","name":"D\u00e9cor-Resto","description":"restaurant chairs and furniture","publisher":{"@id":"https:\/\/decor-resto.com\/#organization"},"alternateName":"D\u00e9cor-Resto chaises et tables","potentialAction":[{"@type":"SearchAction","target":{"@type":"EntryPoint","urlTemplate":"https:\/\/decor-resto.com\/?s={search_term_string}"},"query-input":{"@type":"PropertyValueSpecification","valueRequired":true,"valueName":"search_term_string"}}],"inLanguage":"en-CA"},{"@type":"Organization","@id":"https:\/\/decor-resto.com\/#organization","name":"Decor Resto","alternateName":"D\u00e9cor-Resto Chaises & Tables inc.","url":"https:\/\/decor-resto.com\/","logo":{"@type":"ImageObject","inLanguage":"en-CA","@id":"https:\/\/decor-resto.com\/#\/schema\/logo\/image\/","url":"https:\/\/decor-resto.com\/wp-content\/uploads\/2018\/11\/decorResto.jpg","contentUrl":"https:\/\/decor-resto.com\/wp-content\/uploads\/2018\/11\/decorResto.jpg","width":580,"height":580,"caption":"Decor Resto"},"image":{"@id":"https:\/\/decor-resto.com\/#\/schema\/logo\/image\/"},"sameAs":["https:\/\/www.facebook.com\/DecorResto\/","https:\/\/x.com\/DECORRESTO","https:\/\/www.youtube.com\/user\/decorresto","https:\/\/www.linkedin.com\/in\/decor-resto-chairs-tables-inc-a23698a0\/?locale=fr_FR"]}]},"product_brand":"simple","product_price_amount":"0.00","product_price_currency":"CAD","og_availability":"instock","product_availability":"instock","product_condition":"new"},"jetpack_sharing_enabled":true,"jetpack-related-posts":[{"id":991,"url":"https:\/\/decor-resto.com\/en\/produit\/bennett-jr-16\/","url_meta":{"origin":993,"position":0},"title":"BENNETT-JR-16","author":"","date":"23 March 2016","format":false,"excerpt":"","rel":"","context":"Similar post","block_context":{"text":"Similar post","link":""},"img":{"alt_text":"","src":"https:\/\/i0.wp.com\/decor-resto.com\/wp-content\/uploads\/2016\/03\/BENNETT-JR-16.jpg?resize=350%2C200&ssl=1","width":350,"height":200,"srcset":"https:\/\/i0.wp.com\/decor-resto.com\/wp-content\/uploads\/2016\/03\/BENNETT-JR-16.jpg?resize=350%2C200&ssl=1 1x, https:\/\/i0.wp.com\/decor-resto.com\/wp-content\/uploads\/2016\/03\/BENNETT-JR-16.jpg?resize=525%2C300&ssl=1 1.5x"},"classes":[]},{"id":2009,"url":"https:\/\/decor-resto.com\/en\/produit\/fr-18\/","url_meta":{"origin":993,"position":1},"title":"Fr-18","author":"","date":"17 May 2016","format":false,"excerpt":"Mod\u00e8le Description FR-18B\/C Black\/Chrome 18\" Foot Ring","rel":"","context":"Similar post","block_context":{"text":"Similar post","link":""},"img":{"alt_text":"","src":"https:\/\/i0.wp.com\/decor-resto.com\/wp-content\/uploads\/2016\/05\/Fr-18.jpg?resize=350%2C200&ssl=1","width":350,"height":200},"classes":[]},{"id":1570,"url":"https:\/\/decor-resto.com\/en\/produit\/booth-18\/","url_meta":{"origin":993,"position":2},"title":"Booth 18","author":"","date":"31 March 2016","format":false,"excerpt":"","rel":"","context":"Similar post","block_context":{"text":"Similar post","link":""},"img":{"alt_text":"","src":"https:\/\/i0.wp.com\/decor-resto.com\/wp-content\/uploads\/2016\/03\/Booth_18-1.jpg?resize=350%2C200&ssl=1","width":350,"height":200,"srcset":"https:\/\/i0.wp.com\/decor-resto.com\/wp-content\/uploads\/2016\/03\/Booth_18-1.jpg?resize=350%2C200&ssl=1 1x, https:\/\/i0.wp.com\/decor-resto.com\/wp-content\/uploads\/2016\/03\/Booth_18-1.jpg?resize=525%2C300&ssl=1 1.5x"},"classes":[]},{"id":2028,"url":"https:\/\/decor-resto.com\/en\/produit\/ctl246m\/","url_meta":{"origin":993,"position":3},"title":"CTL246M","author":"","date":"18 May 2016","format":false,"excerpt":"Mod\u00e8le Taille Poids(LB) CTL185M 18\"X60\"X29\" 62 CTL186M 18\"X72\"X29\" 80 CTL188M 18\"X96\"X29\" 96 CTL245M 24\"X60\"X29\" 87 CTL246M 24\"X72\"X29\" 97 CTL248M 24\"X96\"X29\" 118","rel":"","context":"Similar post","block_context":{"text":"Similar post","link":""},"img":{"alt_text":"","src":"https:\/\/i0.wp.com\/decor-resto.com\/wp-content\/uploads\/2016\/05\/CTL246M.jpg?resize=350%2C200&ssl=1","width":350,"height":200,"srcset":"https:\/\/i0.wp.com\/decor-resto.com\/wp-content\/uploads\/2016\/05\/CTL246M.jpg?resize=350%2C200&ssl=1 1x, https:\/\/i0.wp.com\/decor-resto.com\/wp-content\/uploads\/2016\/05\/CTL246M.jpg?resize=525%2C300&ssl=1 1.5x, https:\/\/i0.wp.com\/decor-resto.com\/wp-content\/uploads\/2016\/05\/CTL246M.jpg?resize=700%2C400&ssl=1 2x"},"classes":[]},{"id":2032,"url":"https:\/\/decor-resto.com\/en\/produit\/ctla246m\/","url_meta":{"origin":993,"position":4},"title":"CTLA246M","author":"","date":"18 May 2016","format":false,"excerpt":"Mod\u00e8le Taille Poids(LB) CTLA185M 18\"X60\"X22\"-29\" 62 CTLA186M 18\"X72\"X22\"-29\" 80 CTLA188M 18\"X96\"X22\"-29\" 96 CTLA245M 24\"X60\"X22\"-29\" 87 CTLA246M 24\"X72\"X22\"-29\" 96 CTLA248M 24\"X96\"X22\"-29\" 117","rel":"","context":"Similar post","block_context":{"text":"Similar post","link":""},"img":{"alt_text":"","src":"https:\/\/i0.wp.com\/decor-resto.com\/wp-content\/uploads\/2016\/05\/CTLA246M.jpg?resize=350%2C200&ssl=1","width":350,"height":200,"srcset":"https:\/\/i0.wp.com\/decor-resto.com\/wp-content\/uploads\/2016\/05\/CTLA246M.jpg?resize=350%2C200&ssl=1 1x, https:\/\/i0.wp.com\/decor-resto.com\/wp-content\/uploads\/2016\/05\/CTLA246M.jpg?resize=525%2C300&ssl=1 1.5x, https:\/\/i0.wp.com\/decor-resto.com\/wp-content\/uploads\/2016\/05\/CTLA246M.jpg?resize=700%2C400&ssl=1 2x"},"classes":[]},{"id":2037,"url":"https:\/\/decor-resto.com\/en\/produit\/ctl-246-f\/","url_meta":{"origin":993,"position":5},"title":"CTL-246-F","author":"","date":"18 May 2016","format":false,"excerpt":"Mod\u00e8le Taille Poids(LB) CTL185F 18\"X60\"X29\" 54 CTL186F 18\"X72\"X29\" 60 CTL188F 18\"X96\"X29\" 71 CTL245F 24\"X60\"X29\" 63 CTL246F 24\"X72\"X29\" 72 CTL248F 24\"X96\"X29\" 86","rel":"","context":"Similar post","block_context":{"text":"Similar post","link":""},"img":{"alt_text":"","src":"https:\/\/i0.wp.com\/decor-resto.com\/wp-content\/uploads\/2016\/05\/CTL246F.jpg?resize=350%2C200&ssl=1","width":350,"height":200,"srcset":"https:\/\/i0.wp.com\/decor-resto.com\/wp-content\/uploads\/2016\/05\/CTL246F.jpg?resize=350%2C200&ssl=1 1x, https:\/\/i0.wp.com\/decor-resto.com\/wp-content\/uploads\/2016\/05\/CTL246F.jpg?resize=525%2C300&ssl=1 1.5x, https:\/\/i0.wp.com\/decor-resto.com\/wp-content\/uploads\/2016\/05\/CTL246F.jpg?resize=700%2C400&ssl=1 2x"},"classes":[]}],"_links":{"self":[{"href":"https:\/\/decor-resto.com\/en\/wp-json\/wp\/v2\/product\/993","targetHints":{"allow":["GET"]}}],"collection":[{"href":"https:\/\/decor-resto.com\/en\/wp-json\/wp\/v2\/product"}],"about":[{"href":"https:\/\/decor-resto.com\/en\/wp-json\/wp\/v2\/types\/product"}],"replies":[{"embeddable":true,"href":"https:\/\/decor-resto.com\/en\/wp-json\/wp\/v2\/comments?post=993"}],"wp:featuredmedia":[{"embeddable":true,"href":"https:\/\/decor-resto.com\/en\/wp-json\/wp\/v2\/media\/994"}],"wp:attachment":[{"href":"https:\/\/decor-resto.com\/en\/wp-json\/wp\/v2\/media?parent=993"}],"wp:term":[{"taxonomy":"product_brand","embeddable":true,"href":"https:\/\/decor-resto.com\/en\/wp-json\/wp\/v2\/product_brand?post=993"},{"taxonomy":"product_cat","embeddable":true,"href":"https:\/\/decor-resto.com\/en\/wp-json\/wp\/v2\/product_cat?post=993"},{"taxonomy":"product_tag","embeddable":true,"href":"https:\/\/decor-resto.com\/en\/wp-json\/wp\/v2\/product_tag?post=993"}],"curies":[{"name":"wp","href":"https:\/\/api.w.org\/{rel}","templated":true}]}}