{"id":699,"date":"2016-03-02T20:14:53","date_gmt":"2016-03-02T19:14:53","guid":{"rendered":"http:\/\/decor-resto\/?post_type=product&#038;p=699"},"modified":"2016-03-10T19:22:38","modified_gmt":"2016-03-10T18:22:38","slug":"base-bistro-1","status":"publish","type":"product","link":"https:\/\/decor-resto.com\/en\/produit\/base-bistro-1\/","title":{"rendered":"BASE-BISTRO-1"},"content":{"rendered":"","protected":false},"excerpt":{"rendered":"","protected":false},"featured_media":700,"comment_status":"open","ping_status":"closed","template":"","meta":[],"product_brand":[],"product_cat":[15,11],"product_tag":[],"class_list":{"0":"post-699","1":"product","2":"type-product","3":"status-publish","4":"has-post-thumbnail","6":"product_cat-bases-de-table","7":"product_cat-mobilier-metal","9":"first","10":"instock","11":"shipping-taxable","12":"purchasable","13":"product-type-simple"},"yoast_head":"<!-- This site is optimized with the Yoast SEO Premium plugin v27.5 (Yoast SEO v27.5) - https:\/\/yoast.com\/product\/yoast-seo-premium-wordpress\/ -->\n<title>BASE-BISTRO-1 - D\u00e9cor-Resto<\/title>\n<meta name=\"description\" content=\"D\u00c9COR RESTO: chaises empilables, bancs de bar, banquettes et tables. Que ce soit pour une entreprise, une \u00e9cole, un restaurant, salle de r\u00e9ception et h\u00f4tel, nous avons la chaise parfaite.\" \/>\n<meta name=\"robots\" content=\"index, follow, max-snippet:-1, max-image-preview:large, max-video-preview:-1\" \/>\n<link rel=\"canonical\" href=\"https:\/\/decor-resto.com\/en\/product-2\/base-bistro-1\/\" \/>\n<meta property=\"og:locale\" content=\"en_US\" \/>\n<meta property=\"og:type\" content=\"article\" \/>\n<meta property=\"og:title\" content=\"BASE-BISTRO-1\" \/>\n<meta property=\"og:url\" content=\"https:\/\/decor-resto.com\/en\/product-2\/base-bistro-1\/\" \/>\n<meta property=\"og:site_name\" content=\"D\u00e9cor-Resto\" \/>\n<meta property=\"article:publisher\" content=\"https:\/\/www.facebook.com\/DecorResto\/\" \/>\n<meta property=\"article:modified_time\" content=\"2016-03-10T18:22:38+00:00\" \/>\n<meta property=\"og:image\" content=\"https:\/\/decor-resto.com\/wp-content\/uploads\/2016\/03\/BASE-BISTO-1.jpg\" \/>\n\t<meta property=\"og:image:width\" content=\"600\" \/>\n\t<meta property=\"og:image:height\" content=\"600\" \/>\n\t<meta property=\"og:image:type\" content=\"image\/jpeg\" \/>\n<meta name=\"twitter:card\" content=\"summary_large_image\" \/>\n<meta name=\"twitter:site\" content=\"@DECORRESTO\" \/>\n<meta name=\"twitter:label1\" content=\"Price\" \/>\n\t<meta name=\"twitter:data1\" content=\"&#036;0.00\" \/>\n\t<meta name=\"twitter:label2\" content=\"Availability\" \/>\n\t<meta name=\"twitter:data2\" content=\"In stock\" \/>\n<script type=\"application\/ld+json\" class=\"yoast-schema-graph\">{\"@context\":\"https:\\\/\\\/schema.org\",\"@graph\":[{\"@type\":\"WebPage\",\"@id\":\"https:\\\/\\\/decor-resto.com\\\/produit\\\/base-bistro-1\\\/\",\"url\":\"https:\\\/\\\/decor-resto.com\\\/produit\\\/base-bistro-1\\\/\",\"name\":\"BASE-BISTRO-1 - D\u00e9cor-Resto\",\"isPartOf\":{\"@id\":\"https:\\\/\\\/decor-resto.com\\\/#website\"},\"primaryImageOfPage\":{\"@id\":\"https:\\\/\\\/decor-resto.com\\\/produit\\\/base-bistro-1\\\/#primaryimage\"},\"image\":{\"@id\":\"https:\\\/\\\/decor-resto.com\\\/produit\\\/base-bistro-1\\\/#primaryimage\"},\"thumbnailUrl\":\"https:\\\/\\\/decor-resto.com\\\/wp-content\\\/uploads\\\/2016\\\/03\\\/BASE-BISTO-1.jpg\",\"datePublished\":\"2016-03-02T19:14:53+00:00\",\"dateModified\":\"2016-03-10T18:22:38+00:00\",\"description\":\"D\u00c9COR RESTO: chaises empilables, bancs de bar, banquettes et tables. Que ce soit pour une entreprise, une \u00e9cole, un restaurant, salle de r\u00e9ception et h\u00f4tel, nous avons la chaise parfaite.\",\"breadcrumb\":{\"@id\":\"https:\\\/\\\/decor-resto.com\\\/produit\\\/base-bistro-1\\\/#breadcrumb\"},\"inLanguage\":\"en-CA\",\"potentialAction\":[{\"@type\":\"ReadAction\",\"target\":[\"https:\\\/\\\/decor-resto.com\\\/produit\\\/base-bistro-1\\\/\"]}]},{\"@type\":\"ImageObject\",\"inLanguage\":\"en-CA\",\"@id\":\"https:\\\/\\\/decor-resto.com\\\/produit\\\/base-bistro-1\\\/#primaryimage\",\"url\":\"https:\\\/\\\/decor-resto.com\\\/wp-content\\\/uploads\\\/2016\\\/03\\\/BASE-BISTO-1.jpg\",\"contentUrl\":\"https:\\\/\\\/decor-resto.com\\\/wp-content\\\/uploads\\\/2016\\\/03\\\/BASE-BISTO-1.jpg\",\"width\":600,\"height\":600},{\"@type\":\"BreadcrumbList\",\"@id\":\"https:\\\/\\\/decor-resto.com\\\/produit\\\/base-bistro-1\\\/#breadcrumb\",\"itemListElement\":[{\"@type\":\"ListItem\",\"position\":1,\"name\":\"Home\",\"item\":\"https:\\\/\\\/decor-resto.com\\\/accueil\\\/\"},{\"@type\":\"ListItem\",\"position\":2,\"name\":\"Shop\",\"item\":\"https:\\\/\\\/decor-resto.com\\\/boutique-2\\\/\"},{\"@type\":\"ListItem\",\"position\":3,\"name\":\"Mobilier en m\u00e9tal\",\"item\":\"https:\\\/\\\/decor-resto.com\\\/categorie-produit\\\/mobilier-metal\\\/\"},{\"@type\":\"ListItem\",\"position\":4,\"name\":\"Bases de Table\",\"item\":\"https:\\\/\\\/decor-resto.com\\\/categorie-produit\\\/mobilier-metal\\\/bases-de-table\\\/\"},{\"@type\":\"ListItem\",\"position\":5,\"name\":\"BASE-BISTRO-1\"}]},{\"@type\":\"WebSite\",\"@id\":\"https:\\\/\\\/decor-resto.com\\\/#website\",\"url\":\"https:\\\/\\\/decor-resto.com\\\/\",\"name\":\"D\u00e9cor-Resto\",\"description\":\"mobilier et chaise de restaurant\",\"publisher\":{\"@id\":\"https:\\\/\\\/decor-resto.com\\\/#organization\"},\"alternateName\":\"D\u00e9cor-Resto chaises et tables\",\"potentialAction\":[{\"@type\":\"SearchAction\",\"target\":{\"@type\":\"EntryPoint\",\"urlTemplate\":\"https:\\\/\\\/decor-resto.com\\\/?s={search_term_string}\"},\"query-input\":{\"@type\":\"PropertyValueSpecification\",\"valueRequired\":true,\"valueName\":\"search_term_string\"}}],\"inLanguage\":\"en-CA\"},{\"@type\":\"Organization\",\"@id\":\"https:\\\/\\\/decor-resto.com\\\/#organization\",\"name\":\"Decor Resto\",\"alternateName\":\"D\u00e9cor-Resto Chaises & Tables inc.\",\"url\":\"https:\\\/\\\/decor-resto.com\\\/\",\"logo\":{\"@type\":\"ImageObject\",\"inLanguage\":\"en-CA\",\"@id\":\"https:\\\/\\\/decor-resto.com\\\/#\\\/schema\\\/logo\\\/image\\\/\",\"url\":\"https:\\\/\\\/decor-resto.com\\\/wp-content\\\/uploads\\\/2018\\\/11\\\/decorResto.jpg\",\"contentUrl\":\"https:\\\/\\\/decor-resto.com\\\/wp-content\\\/uploads\\\/2018\\\/11\\\/decorResto.jpg\",\"width\":580,\"height\":580,\"caption\":\"Decor Resto\"},\"image\":{\"@id\":\"https:\\\/\\\/decor-resto.com\\\/#\\\/schema\\\/logo\\\/image\\\/\"},\"sameAs\":[\"https:\\\/\\\/www.facebook.com\\\/DecorResto\\\/\",\"https:\\\/\\\/x.com\\\/DECORRESTO\",\"https:\\\/\\\/www.youtube.com\\\/user\\\/decorresto\",\"https:\\\/\\\/www.linkedin.com\\\/in\\\/decor-resto-chairs-tables-inc-a23698a0\\\/?locale=fr_FR\"]}]}<\/script>\n<meta property=\"product:brand\" content=\"simple\" \/>\n<meta property=\"product:price:amount\" content=\"0.00\" \/>\n<meta property=\"product:price:currency\" content=\"CAD\" \/>\n<meta property=\"og:availability\" content=\"instock\" \/>\n<meta property=\"product:availability\" content=\"instock\" \/>\n<meta property=\"product:condition\" content=\"new\" \/>\n<!-- \/ Yoast SEO Premium plugin. -->","yoast_head_json":{"title":"BASE-BISTRO-1 - D\u00e9cor-Resto","description":"D\u00c9COR RESTO: chaises empilables, bancs de bar, banquettes et tables. Que ce soit pour une entreprise, une \u00e9cole, un restaurant, salle de r\u00e9ception et h\u00f4tel, nous avons la chaise parfaite.","robots":{"index":"index","follow":"follow","max-snippet":"max-snippet:-1","max-image-preview":"max-image-preview:large","max-video-preview":"max-video-preview:-1"},"canonical":"https:\/\/decor-resto.com\/en\/product-2\/base-bistro-1\/","og_locale":"en_US","og_type":"article","og_title":"BASE-BISTRO-1","og_url":"https:\/\/decor-resto.com\/en\/product-2\/base-bistro-1\/","og_site_name":"D\u00e9cor-Resto","article_publisher":"https:\/\/www.facebook.com\/DecorResto\/","article_modified_time":"2016-03-10T18:22:38+00:00","og_image":[{"width":600,"height":600,"url":"https:\/\/decor-resto.com\/wp-content\/uploads\/2016\/03\/BASE-BISTO-1.jpg","type":"image\/jpeg"}],"twitter_card":"summary_large_image","twitter_site":"@DECORRESTO","twitter_misc":{"Price":"&#36;0.00","Availability":"In stock"},"schema":{"@context":"https:\/\/schema.org","@graph":[{"@type":"WebPage","@id":"https:\/\/decor-resto.com\/produit\/base-bistro-1\/","url":"https:\/\/decor-resto.com\/produit\/base-bistro-1\/","name":"BASE-BISTRO-1 - D\u00e9cor-Resto","isPartOf":{"@id":"https:\/\/decor-resto.com\/#website"},"primaryImageOfPage":{"@id":"https:\/\/decor-resto.com\/produit\/base-bistro-1\/#primaryimage"},"image":{"@id":"https:\/\/decor-resto.com\/produit\/base-bistro-1\/#primaryimage"},"thumbnailUrl":"https:\/\/decor-resto.com\/wp-content\/uploads\/2016\/03\/BASE-BISTO-1.jpg","datePublished":"2016-03-02T19:14:53+00:00","dateModified":"2016-03-10T18:22:38+00:00","description":"D\u00c9COR RESTO: chaises empilables, bancs de bar, banquettes et tables. Que ce soit pour une entreprise, une \u00e9cole, un restaurant, salle de r\u00e9ception et h\u00f4tel, nous avons la chaise parfaite.","breadcrumb":{"@id":"https:\/\/decor-resto.com\/produit\/base-bistro-1\/#breadcrumb"},"inLanguage":"en-CA","potentialAction":[{"@type":"ReadAction","target":["https:\/\/decor-resto.com\/produit\/base-bistro-1\/"]}]},{"@type":"ImageObject","inLanguage":"en-CA","@id":"https:\/\/decor-resto.com\/produit\/base-bistro-1\/#primaryimage","url":"https:\/\/decor-resto.com\/wp-content\/uploads\/2016\/03\/BASE-BISTO-1.jpg","contentUrl":"https:\/\/decor-resto.com\/wp-content\/uploads\/2016\/03\/BASE-BISTO-1.jpg","width":600,"height":600},{"@type":"BreadcrumbList","@id":"https:\/\/decor-resto.com\/produit\/base-bistro-1\/#breadcrumb","itemListElement":[{"@type":"ListItem","position":1,"name":"Home","item":"https:\/\/decor-resto.com\/accueil\/"},{"@type":"ListItem","position":2,"name":"Shop","item":"https:\/\/decor-resto.com\/boutique-2\/"},{"@type":"ListItem","position":3,"name":"Mobilier en m\u00e9tal","item":"https:\/\/decor-resto.com\/categorie-produit\/mobilier-metal\/"},{"@type":"ListItem","position":4,"name":"Bases de Table","item":"https:\/\/decor-resto.com\/categorie-produit\/mobilier-metal\/bases-de-table\/"},{"@type":"ListItem","position":5,"name":"BASE-BISTRO-1"}]},{"@type":"WebSite","@id":"https:\/\/decor-resto.com\/#website","url":"https:\/\/decor-resto.com\/","name":"D\u00e9cor-Resto","description":"restaurant chairs and furniture","publisher":{"@id":"https:\/\/decor-resto.com\/#organization"},"alternateName":"D\u00e9cor-Resto chaises et tables","potentialAction":[{"@type":"SearchAction","target":{"@type":"EntryPoint","urlTemplate":"https:\/\/decor-resto.com\/?s={search_term_string}"},"query-input":{"@type":"PropertyValueSpecification","valueRequired":true,"valueName":"search_term_string"}}],"inLanguage":"en-CA"},{"@type":"Organization","@id":"https:\/\/decor-resto.com\/#organization","name":"Decor Resto","alternateName":"D\u00e9cor-Resto Chaises & Tables inc.","url":"https:\/\/decor-resto.com\/","logo":{"@type":"ImageObject","inLanguage":"en-CA","@id":"https:\/\/decor-resto.com\/#\/schema\/logo\/image\/","url":"https:\/\/decor-resto.com\/wp-content\/uploads\/2018\/11\/decorResto.jpg","contentUrl":"https:\/\/decor-resto.com\/wp-content\/uploads\/2018\/11\/decorResto.jpg","width":580,"height":580,"caption":"Decor Resto"},"image":{"@id":"https:\/\/decor-resto.com\/#\/schema\/logo\/image\/"},"sameAs":["https:\/\/www.facebook.com\/DecorResto\/","https:\/\/x.com\/DECORRESTO","https:\/\/www.youtube.com\/user\/decorresto","https:\/\/www.linkedin.com\/in\/decor-resto-chairs-tables-inc-a23698a0\/?locale=fr_FR"]}]},"product_brand":"simple","product_price_amount":"0.00","product_price_currency":"CAD","og_availability":"instock","product_availability":"instock","product_condition":"new"},"jetpack_sharing_enabled":true,"jetpack-related-posts":[{"id":701,"url":"https:\/\/decor-resto.com\/en\/produit\/base-bistro-2\/","url_meta":{"origin":699,"position":0},"title":"base-bistro-2","author":"","date":"2 March 2016","format":false,"excerpt":"","rel":"","context":"Similar post","block_context":{"text":"Similar post","link":""},"img":{"alt_text":"","src":"https:\/\/i0.wp.com\/decor-resto.com\/wp-content\/uploads\/2016\/03\/BASE-BISTO-2.jpg?resize=350%2C200&ssl=1","width":350,"height":200,"srcset":"https:\/\/i0.wp.com\/decor-resto.com\/wp-content\/uploads\/2016\/03\/BASE-BISTO-2.jpg?resize=350%2C200&ssl=1 1x, https:\/\/i0.wp.com\/decor-resto.com\/wp-content\/uploads\/2016\/03\/BASE-BISTO-2.jpg?resize=525%2C300&ssl=1 1.5x"},"classes":[]},{"id":703,"url":"https:\/\/decor-resto.com\/en\/produit\/base-bistro-3\/","url_meta":{"origin":699,"position":1},"title":"BASE-BISTRO-3","author":"","date":"2 March 2016","format":false,"excerpt":"","rel":"","context":"Similar post","block_context":{"text":"Similar post","link":""},"img":{"alt_text":"","src":"https:\/\/i0.wp.com\/decor-resto.com\/wp-content\/uploads\/2016\/03\/BASE-BISTRO-3.jpg?resize=350%2C200&ssl=1","width":350,"height":200,"srcset":"https:\/\/i0.wp.com\/decor-resto.com\/wp-content\/uploads\/2016\/03\/BASE-BISTRO-3.jpg?resize=350%2C200&ssl=1 1x, https:\/\/i0.wp.com\/decor-resto.com\/wp-content\/uploads\/2016\/03\/BASE-BISTRO-3.jpg?resize=525%2C300&ssl=1 1.5x"},"classes":[]},{"id":3974,"url":"https:\/\/decor-resto.com\/en\/produit\/bw-p90-us\/","url_meta":{"origin":699,"position":2},"title":"BW-P90-US","author":"Bynapse","date":"6 January 2022","format":false,"excerpt":"Small Ladder Back Solid and light chair, ideal for Bistro, Cafe, small spaces.","rel":"","context":"Similar post","block_context":{"text":"Similar post","link":""},"img":{"alt_text":"","src":"https:\/\/i0.wp.com\/decor-resto.com\/wp-content\/uploads\/2022\/01\/BW-P90-US.jpg?resize=350%2C200&ssl=1","width":350,"height":200},"classes":[]},{"id":2807,"url":"https:\/\/decor-resto.com\/en\/produit\/q8-2\/","url_meta":{"origin":699,"position":3},"title":"Q8-2","author":"Bynapse","date":"16 February 2020","format":false,"excerpt":"Demi-base de table double montant Structure en tube 1\" de diam\u00e8tre 14GA Plaque 12\" x 12\" x 0.188\" Pattes pli\u00e9es en tube 1\u00bc\" de diam\u00e8tre 16GA Empattement 22\" - 26\" - 30\" et 36\" Hauteur totale 28\u00bc\"","rel":"","context":"Similar post","block_context":{"text":"Similar post","link":""},"img":{"alt_text":"","src":"https:\/\/i0.wp.com\/decor-resto.com\/wp-content\/uploads\/2020\/02\/q8_2.jpg?resize=350%2C200&ssl=1","width":350,"height":200},"classes":[]},{"id":2565,"url":"https:\/\/decor-resto.com\/en\/produit\/dyna\/","url_meta":{"origin":699,"position":4},"title":"Dyna","author":"Bynapse","date":"30 March 2019","format":false,"excerpt":"Base de m\u00e9tal en tube 1\" x 1\" Chaise rembourr\u00e9e Hauteur totale 33\"","rel":"","context":"Similar post","block_context":{"text":"Similar post","link":""},"img":{"alt_text":"","src":"https:\/\/i0.wp.com\/decor-resto.com\/wp-content\/uploads\/2019\/03\/dyna1.jpg?resize=350%2C200&ssl=1","width":350,"height":200},"classes":[]},{"id":2575,"url":"https:\/\/decor-resto.com\/en\/produit\/v-twin\/","url_meta":{"origin":699,"position":5},"title":"V-Twin","author":"Bynapse","date":"30 March 2019","format":false,"excerpt":"Base de m\u00e9tal en tube 1\" x 1\" Chaise rembourr\u00e9e Hauteur totale 33\"","rel":"","context":"Similar post","block_context":{"text":"Similar post","link":""},"img":{"alt_text":"","src":"https:\/\/i0.wp.com\/decor-resto.com\/wp-content\/uploads\/2019\/03\/v-twin1.jpg?resize=350%2C200&ssl=1","width":350,"height":200},"classes":[]}],"_links":{"self":[{"href":"https:\/\/decor-resto.com\/en\/wp-json\/wp\/v2\/product\/699","targetHints":{"allow":["GET"]}}],"collection":[{"href":"https:\/\/decor-resto.com\/en\/wp-json\/wp\/v2\/product"}],"about":[{"href":"https:\/\/decor-resto.com\/en\/wp-json\/wp\/v2\/types\/product"}],"replies":[{"embeddable":true,"href":"https:\/\/decor-resto.com\/en\/wp-json\/wp\/v2\/comments?post=699"}],"wp:featuredmedia":[{"embeddable":true,"href":"https:\/\/decor-resto.com\/en\/wp-json\/wp\/v2\/media\/700"}],"wp:attachment":[{"href":"https:\/\/decor-resto.com\/en\/wp-json\/wp\/v2\/media?parent=699"}],"wp:term":[{"taxonomy":"product_brand","embeddable":true,"href":"https:\/\/decor-resto.com\/en\/wp-json\/wp\/v2\/product_brand?post=699"},{"taxonomy":"product_cat","embeddable":true,"href":"https:\/\/decor-resto.com\/en\/wp-json\/wp\/v2\/product_cat?post=699"},{"taxonomy":"product_tag","embeddable":true,"href":"https:\/\/decor-resto.com\/en\/wp-json\/wp\/v2\/product_tag?post=699"}],"curies":[{"name":"wp","href":"https:\/\/api.w.org\/{rel}","templated":true}]}}