{"id":646,"date":"2016-03-01T22:27:28","date_gmt":"2016-03-01T21:27:28","guid":{"rendered":"http:\/\/decor-resto\/?post_type=product&#038;p=646"},"modified":"2016-05-30T19:56:27","modified_gmt":"2016-05-30T18:56:27","slug":"tb-638","status":"publish","type":"product","link":"https:\/\/decor-resto.com\/en\/produit\/tb-638\/","title":{"rendered":"1900"},"content":{"rendered":"","protected":false},"excerpt":{"rendered":"<br \/>\n<table class=\"tabledimensions\">\n<tbody>\n<tr>\n<th>\n                        Mod\u00e8le\n                        <\/th>\n<th>\n                        Description\n                        <\/th>\n<th>\n                        Dessus recommand\u00e9e\n                        <\/th>\n<th>\n                        Poids(LB)\n                        <\/th>\n<\/tr>\n<tr>\n<td>\n                        1912\n                        <\/td>\n<td>\n                        Black 12\u2033 Round\n\t\t\t\t\t\t<\/td>\n<td>\n                       &#8211;\n\t\t\t\t\t   <\/td>\n<td>\n                       22\n\t\t\t\t\t   <\/td>\n<\/tr>\n<tr>\n<td>\n                        1917\n                        <\/td>\n<td>\n                         Black 17\u2033 Round\n\t\t\t\t\t\t <\/td>\n<td>\n                         24\u2033-30\u2033\n\t\t\t\t\t\t <\/td>\n<td>\n                         23\n\t\t\t\t\t\t <\/td>\n<\/tr>\n<tr>\n<td>\n                        1922\n                        <\/td>\n<td>\n                         Black 22\u2033 Round\n\t\t\t\t\t\t <\/td>\n<td>\n                         36\u2033-40\u2033\/24\u2033-42\u2033\n\t\t\t\t\t\t <\/td>\n<td>\n                         35\n\t\t\t\t\t\t <\/td>\n<\/tr>\n<tr>\n<td>\n                        1930\n                        <\/td>\n<td>\n                         Black 30\u2033 Round\n\t\t\t\t\t\t <\/td>\n<td>\n                         48\u2033-60\u2033\n\t\t\t\t\t\t <\/td>\n<td>\n                         57\n\t\t\t\t\t\t <\/td>\n<\/tr>\n<\/tbody>\n<\/table>\n<p><\/p>","protected":false},"featured_media":669,"comment_status":"open","ping_status":"closed","template":"","meta":[],"product_brand":[],"product_cat":[15,11],"product_tag":[],"class_list":{"0":"post-646","1":"product","2":"type-product","3":"status-publish","4":"has-post-thumbnail","6":"product_cat-bases-de-table","7":"product_cat-mobilier-metal","9":"first","10":"instock","11":"shipping-taxable","12":"purchasable","13":"product-type-simple"},"yoast_head":"<!-- This site is optimized with the Yoast SEO Premium plugin v27.5 (Yoast SEO v27.5) - https:\/\/yoast.com\/product\/yoast-seo-premium-wordpress\/ -->\n<title>1900 - D\u00e9cor-Resto<\/title>\n<meta name=\"description\" content=\"D\u00c9COR RESTO: chaises empilables, bancs de bar, banquettes et tables. Que ce soit pour une entreprise, une \u00e9cole, un restaurant, salle de r\u00e9ception et h\u00f4tel, nous avons la chaise parfaite.\" \/>\n<meta name=\"robots\" content=\"index, follow, max-snippet:-1, max-image-preview:large, max-video-preview:-1\" \/>\n<link rel=\"canonical\" href=\"https:\/\/decor-resto.com\/en\/product-2\/tb-638\/\" \/>\n<meta property=\"og:locale\" content=\"en_US\" \/>\n<meta property=\"og:type\" content=\"article\" \/>\n<meta property=\"og:title\" content=\"1900\" \/>\n<meta property=\"og:url\" content=\"https:\/\/decor-resto.com\/en\/product-2\/tb-638\/\" \/>\n<meta property=\"og:site_name\" content=\"D\u00e9cor-Resto\" \/>\n<meta property=\"article:publisher\" content=\"https:\/\/www.facebook.com\/DecorResto\/\" \/>\n<meta property=\"article:modified_time\" content=\"2016-05-30T18:56:27+00:00\" \/>\n<meta property=\"og:image\" content=\"https:\/\/decor-resto.com\/wp-content\/uploads\/2016\/03\/TB-638.jpg\" \/>\n\t<meta property=\"og:image:width\" content=\"600\" \/>\n\t<meta property=\"og:image:height\" content=\"600\" \/>\n\t<meta property=\"og:image:type\" content=\"image\/jpeg\" \/>\n<meta name=\"twitter:card\" content=\"summary_large_image\" \/>\n<meta name=\"twitter:site\" content=\"@DECORRESTO\" \/>\n<meta name=\"twitter:label1\" content=\"Price\" \/>\n\t<meta name=\"twitter:data1\" content=\"&#036;0.00\" \/>\n\t<meta name=\"twitter:label2\" content=\"Availability\" \/>\n\t<meta name=\"twitter:data2\" content=\"In stock\" \/>\n<script type=\"application\/ld+json\" class=\"yoast-schema-graph\">{\"@context\":\"https:\\\/\\\/schema.org\",\"@graph\":[{\"@type\":\"WebPage\",\"@id\":\"https:\\\/\\\/decor-resto.com\\\/produit\\\/tb-638\\\/\",\"url\":\"https:\\\/\\\/decor-resto.com\\\/produit\\\/tb-638\\\/\",\"name\":\"1900 - D\u00e9cor-Resto\",\"isPartOf\":{\"@id\":\"https:\\\/\\\/decor-resto.com\\\/#website\"},\"primaryImageOfPage\":{\"@id\":\"https:\\\/\\\/decor-resto.com\\\/produit\\\/tb-638\\\/#primaryimage\"},\"image\":{\"@id\":\"https:\\\/\\\/decor-resto.com\\\/produit\\\/tb-638\\\/#primaryimage\"},\"thumbnailUrl\":\"https:\\\/\\\/decor-resto.com\\\/wp-content\\\/uploads\\\/2016\\\/03\\\/TB-638.jpg\",\"datePublished\":\"2016-03-01T21:27:28+00:00\",\"dateModified\":\"2016-05-30T18:56:27+00:00\",\"description\":\"D\u00c9COR RESTO: chaises empilables, bancs de bar, banquettes et tables. Que ce soit pour une entreprise, une \u00e9cole, un restaurant, salle de r\u00e9ception et h\u00f4tel, nous avons la chaise parfaite.\",\"breadcrumb\":{\"@id\":\"https:\\\/\\\/decor-resto.com\\\/produit\\\/tb-638\\\/#breadcrumb\"},\"inLanguage\":\"en-CA\",\"potentialAction\":[{\"@type\":\"ReadAction\",\"target\":[\"https:\\\/\\\/decor-resto.com\\\/produit\\\/tb-638\\\/\"]}]},{\"@type\":\"ImageObject\",\"inLanguage\":\"en-CA\",\"@id\":\"https:\\\/\\\/decor-resto.com\\\/produit\\\/tb-638\\\/#primaryimage\",\"url\":\"https:\\\/\\\/decor-resto.com\\\/wp-content\\\/uploads\\\/2016\\\/03\\\/TB-638.jpg\",\"contentUrl\":\"https:\\\/\\\/decor-resto.com\\\/wp-content\\\/uploads\\\/2016\\\/03\\\/TB-638.jpg\",\"width\":600,\"height\":600},{\"@type\":\"BreadcrumbList\",\"@id\":\"https:\\\/\\\/decor-resto.com\\\/produit\\\/tb-638\\\/#breadcrumb\",\"itemListElement\":[{\"@type\":\"ListItem\",\"position\":1,\"name\":\"Home\",\"item\":\"https:\\\/\\\/decor-resto.com\\\/accueil\\\/\"},{\"@type\":\"ListItem\",\"position\":2,\"name\":\"Shop\",\"item\":\"https:\\\/\\\/decor-resto.com\\\/boutique-2\\\/\"},{\"@type\":\"ListItem\",\"position\":3,\"name\":\"Mobilier en m\u00e9tal\",\"item\":\"https:\\\/\\\/decor-resto.com\\\/categorie-produit\\\/mobilier-metal\\\/\"},{\"@type\":\"ListItem\",\"position\":4,\"name\":\"Bases de Table\",\"item\":\"https:\\\/\\\/decor-resto.com\\\/categorie-produit\\\/mobilier-metal\\\/bases-de-table\\\/\"},{\"@type\":\"ListItem\",\"position\":5,\"name\":\"1900\"}]},{\"@type\":\"WebSite\",\"@id\":\"https:\\\/\\\/decor-resto.com\\\/#website\",\"url\":\"https:\\\/\\\/decor-resto.com\\\/\",\"name\":\"D\u00e9cor-Resto\",\"description\":\"mobilier et chaise de restaurant\",\"publisher\":{\"@id\":\"https:\\\/\\\/decor-resto.com\\\/#organization\"},\"alternateName\":\"D\u00e9cor-Resto chaises et tables\",\"potentialAction\":[{\"@type\":\"SearchAction\",\"target\":{\"@type\":\"EntryPoint\",\"urlTemplate\":\"https:\\\/\\\/decor-resto.com\\\/?s={search_term_string}\"},\"query-input\":{\"@type\":\"PropertyValueSpecification\",\"valueRequired\":true,\"valueName\":\"search_term_string\"}}],\"inLanguage\":\"en-CA\"},{\"@type\":\"Organization\",\"@id\":\"https:\\\/\\\/decor-resto.com\\\/#organization\",\"name\":\"Decor Resto\",\"alternateName\":\"D\u00e9cor-Resto Chaises & Tables inc.\",\"url\":\"https:\\\/\\\/decor-resto.com\\\/\",\"logo\":{\"@type\":\"ImageObject\",\"inLanguage\":\"en-CA\",\"@id\":\"https:\\\/\\\/decor-resto.com\\\/#\\\/schema\\\/logo\\\/image\\\/\",\"url\":\"https:\\\/\\\/decor-resto.com\\\/wp-content\\\/uploads\\\/2018\\\/11\\\/decorResto.jpg\",\"contentUrl\":\"https:\\\/\\\/decor-resto.com\\\/wp-content\\\/uploads\\\/2018\\\/11\\\/decorResto.jpg\",\"width\":580,\"height\":580,\"caption\":\"Decor Resto\"},\"image\":{\"@id\":\"https:\\\/\\\/decor-resto.com\\\/#\\\/schema\\\/logo\\\/image\\\/\"},\"sameAs\":[\"https:\\\/\\\/www.facebook.com\\\/DecorResto\\\/\",\"https:\\\/\\\/x.com\\\/DECORRESTO\",\"https:\\\/\\\/www.youtube.com\\\/user\\\/decorresto\",\"https:\\\/\\\/www.linkedin.com\\\/in\\\/decor-resto-chairs-tables-inc-a23698a0\\\/?locale=fr_FR\"]}]}<\/script>\n<meta property=\"product:brand\" content=\"simple\" \/>\n<meta property=\"product:price:amount\" content=\"0.00\" \/>\n<meta property=\"product:price:currency\" content=\"CAD\" \/>\n<meta property=\"og:availability\" content=\"instock\" \/>\n<meta property=\"product:availability\" content=\"instock\" \/>\n<meta property=\"product:condition\" content=\"new\" \/>\n<!-- \/ Yoast SEO Premium plugin. -->","yoast_head_json":{"title":"1900 - D\u00e9cor-Resto","description":"D\u00c9COR RESTO: chaises empilables, bancs de bar, banquettes et tables. Que ce soit pour une entreprise, une \u00e9cole, un restaurant, salle de r\u00e9ception et h\u00f4tel, nous avons la chaise parfaite.","robots":{"index":"index","follow":"follow","max-snippet":"max-snippet:-1","max-image-preview":"max-image-preview:large","max-video-preview":"max-video-preview:-1"},"canonical":"https:\/\/decor-resto.com\/en\/product-2\/tb-638\/","og_locale":"en_US","og_type":"article","og_title":"1900","og_url":"https:\/\/decor-resto.com\/en\/product-2\/tb-638\/","og_site_name":"D\u00e9cor-Resto","article_publisher":"https:\/\/www.facebook.com\/DecorResto\/","article_modified_time":"2016-05-30T18:56:27+00:00","og_image":[{"width":600,"height":600,"url":"https:\/\/decor-resto.com\/wp-content\/uploads\/2016\/03\/TB-638.jpg","type":"image\/jpeg"}],"twitter_card":"summary_large_image","twitter_site":"@DECORRESTO","twitter_misc":{"Price":"&#36;0.00","Availability":"In stock"},"schema":{"@context":"https:\/\/schema.org","@graph":[{"@type":"WebPage","@id":"https:\/\/decor-resto.com\/produit\/tb-638\/","url":"https:\/\/decor-resto.com\/produit\/tb-638\/","name":"1900 - D\u00e9cor-Resto","isPartOf":{"@id":"https:\/\/decor-resto.com\/#website"},"primaryImageOfPage":{"@id":"https:\/\/decor-resto.com\/produit\/tb-638\/#primaryimage"},"image":{"@id":"https:\/\/decor-resto.com\/produit\/tb-638\/#primaryimage"},"thumbnailUrl":"https:\/\/decor-resto.com\/wp-content\/uploads\/2016\/03\/TB-638.jpg","datePublished":"2016-03-01T21:27:28+00:00","dateModified":"2016-05-30T18:56:27+00:00","description":"D\u00c9COR RESTO: chaises empilables, bancs de bar, banquettes et tables. Que ce soit pour une entreprise, une \u00e9cole, un restaurant, salle de r\u00e9ception et h\u00f4tel, nous avons la chaise parfaite.","breadcrumb":{"@id":"https:\/\/decor-resto.com\/produit\/tb-638\/#breadcrumb"},"inLanguage":"en-CA","potentialAction":[{"@type":"ReadAction","target":["https:\/\/decor-resto.com\/produit\/tb-638\/"]}]},{"@type":"ImageObject","inLanguage":"en-CA","@id":"https:\/\/decor-resto.com\/produit\/tb-638\/#primaryimage","url":"https:\/\/decor-resto.com\/wp-content\/uploads\/2016\/03\/TB-638.jpg","contentUrl":"https:\/\/decor-resto.com\/wp-content\/uploads\/2016\/03\/TB-638.jpg","width":600,"height":600},{"@type":"BreadcrumbList","@id":"https:\/\/decor-resto.com\/produit\/tb-638\/#breadcrumb","itemListElement":[{"@type":"ListItem","position":1,"name":"Home","item":"https:\/\/decor-resto.com\/accueil\/"},{"@type":"ListItem","position":2,"name":"Shop","item":"https:\/\/decor-resto.com\/boutique-2\/"},{"@type":"ListItem","position":3,"name":"Mobilier en m\u00e9tal","item":"https:\/\/decor-resto.com\/categorie-produit\/mobilier-metal\/"},{"@type":"ListItem","position":4,"name":"Bases de Table","item":"https:\/\/decor-resto.com\/categorie-produit\/mobilier-metal\/bases-de-table\/"},{"@type":"ListItem","position":5,"name":"1900"}]},{"@type":"WebSite","@id":"https:\/\/decor-resto.com\/#website","url":"https:\/\/decor-resto.com\/","name":"D\u00e9cor-Resto","description":"restaurant chairs and furniture","publisher":{"@id":"https:\/\/decor-resto.com\/#organization"},"alternateName":"D\u00e9cor-Resto chaises et tables","potentialAction":[{"@type":"SearchAction","target":{"@type":"EntryPoint","urlTemplate":"https:\/\/decor-resto.com\/?s={search_term_string}"},"query-input":{"@type":"PropertyValueSpecification","valueRequired":true,"valueName":"search_term_string"}}],"inLanguage":"en-CA"},{"@type":"Organization","@id":"https:\/\/decor-resto.com\/#organization","name":"Decor Resto","alternateName":"D\u00e9cor-Resto Chaises & Tables inc.","url":"https:\/\/decor-resto.com\/","logo":{"@type":"ImageObject","inLanguage":"en-CA","@id":"https:\/\/decor-resto.com\/#\/schema\/logo\/image\/","url":"https:\/\/decor-resto.com\/wp-content\/uploads\/2018\/11\/decorResto.jpg","contentUrl":"https:\/\/decor-resto.com\/wp-content\/uploads\/2018\/11\/decorResto.jpg","width":580,"height":580,"caption":"Decor Resto"},"image":{"@id":"https:\/\/decor-resto.com\/#\/schema\/logo\/image\/"},"sameAs":["https:\/\/www.facebook.com\/DecorResto\/","https:\/\/x.com\/DECORRESTO","https:\/\/www.youtube.com\/user\/decorresto","https:\/\/www.linkedin.com\/in\/decor-resto-chairs-tables-inc-a23698a0\/?locale=fr_FR"]}]},"product_brand":"simple","product_price_amount":"0.00","product_price_currency":"CAD","og_availability":"instock","product_availability":"instock","product_condition":"new"},"jetpack_sharing_enabled":true,"jetpack-related-posts":[{"id":685,"url":"https:\/\/decor-resto.com\/en\/produit\/tb-4600\/","url_meta":{"origin":646,"position":0},"title":"4600","author":"","date":"2 March 2016","format":false,"excerpt":"Mod\u00e8le Description Dessus recommand\u00e9e Poids(LB) 4616 Black 16\" Round 24\"-30\" 51 4624 Black 24\",Round 40\"-48\" 74","rel":"","context":"Similar post","block_context":{"text":"Similar post","link":""},"img":{"alt_text":"","src":"https:\/\/i0.wp.com\/decor-resto.com\/wp-content\/uploads\/2016\/03\/TB-4600.jpg?resize=350%2C200&ssl=1","width":350,"height":200,"srcset":"https:\/\/i0.wp.com\/decor-resto.com\/wp-content\/uploads\/2016\/03\/TB-4600.jpg?resize=350%2C200&ssl=1 1x, https:\/\/i0.wp.com\/decor-resto.com\/wp-content\/uploads\/2016\/03\/TB-4600.jpg?resize=525%2C300&ssl=1 1.5x"},"classes":[]},{"id":648,"url":"https:\/\/decor-resto.com\/en\/produit\/tb-639\/","url_meta":{"origin":646,"position":1},"title":"1900C","author":"","date":"2 March 2016","format":false,"excerpt":"Mod\u00e8le Description Dessus recommand\u00e9e Poids(LB) 1917C Chrome 17\" Round 24\"-30\" 23 1922C Chrome 22\" Round 36\"-40\"\/24\"-42\" 35 1930C Chrome 30\" Round 48\"-60\" 57","rel":"","context":"Similar post","block_context":{"text":"Similar post","link":""},"img":{"alt_text":"","src":"https:\/\/i0.wp.com\/decor-resto.com\/wp-content\/uploads\/2016\/03\/TB-639.jpg?resize=350%2C200&ssl=1","width":350,"height":200,"srcset":"https:\/\/i0.wp.com\/decor-resto.com\/wp-content\/uploads\/2016\/03\/TB-639.jpg?resize=350%2C200&ssl=1 1x, https:\/\/i0.wp.com\/decor-resto.com\/wp-content\/uploads\/2016\/03\/TB-639.jpg?resize=525%2C300&ssl=1 1.5x"},"classes":[]},{"id":677,"url":"https:\/\/decor-resto.com\/en\/produit\/tb-3700\/","url_meta":{"origin":646,"position":2},"title":"3700","author":"","date":"2 March 2016","format":false,"excerpt":"Mod\u00e8le Description Dessus recommand\u00e9e Poids(LB) 3722 Black 22\" Hobnail 36\"-40\"\/24\"-42\" 37 3522 Black 22\" Hobnail 48\"-60\" 61","rel":"","context":"Similar post","block_context":{"text":"Similar post","link":""},"img":{"alt_text":"","src":"https:\/\/i0.wp.com\/decor-resto.com\/wp-content\/uploads\/2016\/03\/TB-3700.jpg?resize=350%2C200&ssl=1","width":350,"height":200,"srcset":"https:\/\/i0.wp.com\/decor-resto.com\/wp-content\/uploads\/2016\/03\/TB-3700.jpg?resize=350%2C200&ssl=1 1x, https:\/\/i0.wp.com\/decor-resto.com\/wp-content\/uploads\/2016\/03\/TB-3700.jpg?resize=525%2C300&ssl=1 1.5x"},"classes":[]},{"id":661,"url":"https:\/\/decor-resto.com\/en\/produit\/tb-640\/","url_meta":{"origin":646,"position":3},"title":"1900BC","author":"","date":"2 March 2016","format":false,"excerpt":"Mod\u00e8le Description Dessus recommand\u00e9e Poids(LB) 1917BC Brushed Chrome 17\" Round 24\"-30\" 23 1922BC Brushed Chrome 22\" Round 36\"-40\"\/24\"-42\" 35 1930BC Brushed Chrome 30\" Round 48\"-60\" 57","rel":"","context":"Similar post","block_context":{"text":"Similar post","link":""},"img":{"alt_text":"","src":"https:\/\/i0.wp.com\/decor-resto.com\/wp-content\/uploads\/2016\/03\/TB-640.jpg?resize=350%2C200&ssl=1","width":350,"height":200,"srcset":"https:\/\/i0.wp.com\/decor-resto.com\/wp-content\/uploads\/2016\/03\/TB-640.jpg?resize=350%2C200&ssl=1 1x, https:\/\/i0.wp.com\/decor-resto.com\/wp-content\/uploads\/2016\/03\/TB-640.jpg?resize=525%2C300&ssl=1 1.5x"},"classes":[]},{"id":2004,"url":"https:\/\/decor-resto.com\/en\/produit\/tb-4100\/","url_meta":{"origin":646,"position":4},"title":"4100","author":"","date":"17 May 2016","format":false,"excerpt":"Mod\u00e8le Description Dessus recommand\u00e9e Poids(LB) 4122 Black 22\" Classic 28\"-36\" 35 4125 Black 25\" Classic 36\"-40\" 42","rel":"","context":"Similar post","block_context":{"text":"Similar post","link":""},"img":{"alt_text":"","src":"https:\/\/i0.wp.com\/decor-resto.com\/wp-content\/uploads\/2016\/05\/4100.jpg?resize=350%2C200&ssl=1","width":350,"height":200},"classes":[]},{"id":689,"url":"https:\/\/decor-resto.com\/en\/produit\/tb-5100-b\/","url_meta":{"origin":646,"position":5},"title":"5100-B","author":"","date":"2 March 2016","format":false,"excerpt":"Mod\u00e8le Description Dessus recommand\u00e9e Poids(LB) 5104-22 Black 22\"X22\",4prong 24\"-30\" 36.5","rel":"","context":"Similar post","block_context":{"text":"Similar post","link":""},"img":{"alt_text":"","src":"https:\/\/i0.wp.com\/decor-resto.com\/wp-content\/uploads\/2016\/03\/TB-5100-B.jpg?resize=350%2C200&ssl=1","width":350,"height":200,"srcset":"https:\/\/i0.wp.com\/decor-resto.com\/wp-content\/uploads\/2016\/03\/TB-5100-B.jpg?resize=350%2C200&ssl=1 1x, https:\/\/i0.wp.com\/decor-resto.com\/wp-content\/uploads\/2016\/03\/TB-5100-B.jpg?resize=525%2C300&ssl=1 1.5x"},"classes":[]}],"_links":{"self":[{"href":"https:\/\/decor-resto.com\/en\/wp-json\/wp\/v2\/product\/646","targetHints":{"allow":["GET"]}}],"collection":[{"href":"https:\/\/decor-resto.com\/en\/wp-json\/wp\/v2\/product"}],"about":[{"href":"https:\/\/decor-resto.com\/en\/wp-json\/wp\/v2\/types\/product"}],"replies":[{"embeddable":true,"href":"https:\/\/decor-resto.com\/en\/wp-json\/wp\/v2\/comments?post=646"}],"wp:featuredmedia":[{"embeddable":true,"href":"https:\/\/decor-resto.com\/en\/wp-json\/wp\/v2\/media\/669"}],"wp:attachment":[{"href":"https:\/\/decor-resto.com\/en\/wp-json\/wp\/v2\/media?parent=646"}],"wp:term":[{"taxonomy":"product_brand","embeddable":true,"href":"https:\/\/decor-resto.com\/en\/wp-json\/wp\/v2\/product_brand?post=646"},{"taxonomy":"product_cat","embeddable":true,"href":"https:\/\/decor-resto.com\/en\/wp-json\/wp\/v2\/product_cat?post=646"},{"taxonomy":"product_tag","embeddable":true,"href":"https:\/\/decor-resto.com\/en\/wp-json\/wp\/v2\/product_tag?post=646"}],"curies":[{"name":"wp","href":"https:\/\/api.w.org\/{rel}","templated":true}]}}