{"id":2795,"date":"2020-02-16T12:58:32","date_gmt":"2020-02-16T17:58:32","guid":{"rendered":"http:\/\/decor-resto.com\/?post_type=product&#038;p=2795"},"modified":"2022-02-05T16:50:45","modified_gmt":"2022-02-05T21:50:45","slug":"q7-2","status":"publish","type":"product","link":"https:\/\/decor-resto.com\/en\/produit\/q7-2\/","title":{"rendered":"Q7-2"},"content":{"rendered":"<p class=\"texte_courant_blanc\"><strong>Description du produit<\/strong>&nbsp;:<\/p>\n<p>Demi-base de table extra robuste<br \/>\nStructure en tube 2\u00bd\u00a0\u00bb de diam\u00e8tre 16GA<br \/>\nPlaque 12\u2033 x 12\u2033 x 0.188\u2033<br \/>\nPattes en tube \u00be\u00a0\u00bb x 2\u2033\u00a0 16GA<br \/>\nEmpattement 26\u2033 \u2013 30\u2033 et 36\u2033<br \/>\nHauteur totale 28\u00bc\u00a0\u00bb<\/p>","protected":false},"excerpt":{"rendered":"<p>Description du produit\u00a0: Demi-base de table extra robuste Structure en tube 2\u00bd\u00a0\u00bb de diam\u00e8tre 16GA Plaque 12\u2033 x 12\u2033 x 0.188\u2033 Pattes en tube \u00be\u00a0\u00bb x 2\u2033\u00a0 16GA Empattement 26\u2033 \u2013 30\u2033 et 36\u2033 Hauteur totale 28\u00bc\u00a0\u00bb<\/p>","protected":false},"featured_media":2796,"comment_status":"closed","ping_status":"closed","template":"","meta":[],"product_brand":[],"product_cat":[15],"product_tag":[99],"class_list":{"0":"post-2795","1":"product","2":"type-product","3":"status-publish","4":"has-post-thumbnail","6":"product_cat-bases-de-table","7":"product_tag-table","9":"first","10":"instock","11":"shipping-taxable","12":"purchasable","13":"product-type-simple"},"yoast_head":"<!-- This site is optimized with the Yoast SEO Premium plugin v27.4 (Yoast SEO v27.5) - https:\/\/yoast.com\/product\/yoast-seo-premium-wordpress\/ -->\n<title>Q7-2 - D\u00e9cor-Resto<\/title>\n<meta name=\"description\" content=\"D\u00c9COR RESTO: chaises empilables, bancs de bar, banquettes et tables. Que ce soit pour une entreprise, une \u00e9cole, un restaurant, salle de r\u00e9ception et h\u00f4tel, nous avons la chaise parfaite.\" \/>\n<meta name=\"robots\" content=\"index, follow, max-snippet:-1, max-image-preview:large, max-video-preview:-1\" \/>\n<link rel=\"canonical\" href=\"https:\/\/decor-resto.com\/en\/product-2\/q7-2\/\" \/>\n<meta property=\"og:locale\" content=\"en_US\" \/>\n<meta property=\"og:type\" content=\"article\" \/>\n<meta property=\"og:title\" content=\"Q7-2\" \/>\n<meta property=\"og:url\" content=\"https:\/\/decor-resto.com\/en\/product-2\/q7-2\/\" \/>\n<meta property=\"og:site_name\" content=\"D\u00e9cor-Resto\" \/>\n<meta property=\"article:publisher\" content=\"https:\/\/www.facebook.com\/DecorResto\/\" \/>\n<meta property=\"article:modified_time\" content=\"2022-02-05T21:50:45+00:00\" \/>\n<meta property=\"og:image\" content=\"https:\/\/decor-resto.com\/wp-content\/uploads\/2020\/02\/q7_2.jpg\" \/>\n\t<meta property=\"og:image:width\" content=\"275\" \/>\n\t<meta property=\"og:image:height\" content=\"399\" \/>\n\t<meta property=\"og:image:type\" content=\"image\/jpeg\" \/>\n<meta name=\"twitter:card\" content=\"summary_large_image\" \/>\n<meta name=\"twitter:site\" content=\"@DECORRESTO\" \/>\n<meta name=\"twitter:label1\" content=\"Price\" \/>\n\t<meta name=\"twitter:data1\" content=\"&#036;0.00\" \/>\n\t<meta name=\"twitter:label2\" content=\"Availability\" \/>\n\t<meta name=\"twitter:data2\" content=\"In stock\" \/>\n<script type=\"application\/ld+json\" class=\"yoast-schema-graph\">{\"@context\":\"https:\\\/\\\/schema.org\",\"@graph\":[{\"@type\":\"WebPage\",\"@id\":\"https:\\\/\\\/decor-resto.com\\\/produit\\\/q7-2\\\/\",\"url\":\"https:\\\/\\\/decor-resto.com\\\/produit\\\/q7-2\\\/\",\"name\":\"Q7-2 - D\u00e9cor-Resto\",\"isPartOf\":{\"@id\":\"https:\\\/\\\/decor-resto.com\\\/#website\"},\"primaryImageOfPage\":{\"@id\":\"https:\\\/\\\/decor-resto.com\\\/produit\\\/q7-2\\\/#primaryimage\"},\"image\":{\"@id\":\"https:\\\/\\\/decor-resto.com\\\/produit\\\/q7-2\\\/#primaryimage\"},\"thumbnailUrl\":\"https:\\\/\\\/decor-resto.com\\\/wp-content\\\/uploads\\\/2020\\\/02\\\/q7_2.jpg\",\"datePublished\":\"2020-02-16T17:58:32+00:00\",\"dateModified\":\"2022-02-05T21:50:45+00:00\",\"description\":\"D\u00c9COR RESTO: chaises empilables, bancs de bar, banquettes et tables. Que ce soit pour une entreprise, une \u00e9cole, un restaurant, salle de r\u00e9ception et h\u00f4tel, nous avons la chaise parfaite.\",\"breadcrumb\":{\"@id\":\"https:\\\/\\\/decor-resto.com\\\/produit\\\/q7-2\\\/#breadcrumb\"},\"inLanguage\":\"en-CA\",\"potentialAction\":[{\"@type\":\"ReadAction\",\"target\":[\"https:\\\/\\\/decor-resto.com\\\/produit\\\/q7-2\\\/\"]}]},{\"@type\":\"ImageObject\",\"inLanguage\":\"en-CA\",\"@id\":\"https:\\\/\\\/decor-resto.com\\\/produit\\\/q7-2\\\/#primaryimage\",\"url\":\"https:\\\/\\\/decor-resto.com\\\/wp-content\\\/uploads\\\/2020\\\/02\\\/q7_2.jpg\",\"contentUrl\":\"https:\\\/\\\/decor-resto.com\\\/wp-content\\\/uploads\\\/2020\\\/02\\\/q7_2.jpg\",\"width\":275,\"height\":399},{\"@type\":\"BreadcrumbList\",\"@id\":\"https:\\\/\\\/decor-resto.com\\\/produit\\\/q7-2\\\/#breadcrumb\",\"itemListElement\":[{\"@type\":\"ListItem\",\"position\":1,\"name\":\"Home\",\"item\":\"https:\\\/\\\/decor-resto.com\\\/accueil\\\/\"},{\"@type\":\"ListItem\",\"position\":2,\"name\":\"Shop\",\"item\":\"https:\\\/\\\/decor-resto.com\\\/boutique-2\\\/\"},{\"@type\":\"ListItem\",\"position\":3,\"name\":\"Mobilier en m\u00e9tal\",\"item\":\"https:\\\/\\\/decor-resto.com\\\/categorie-produit\\\/mobilier-metal\\\/\"},{\"@type\":\"ListItem\",\"position\":4,\"name\":\"Bases de Table\",\"item\":\"https:\\\/\\\/decor-resto.com\\\/categorie-produit\\\/mobilier-metal\\\/bases-de-table\\\/\"},{\"@type\":\"ListItem\",\"position\":5,\"name\":\"Q7-2\"}]},{\"@type\":\"WebSite\",\"@id\":\"https:\\\/\\\/decor-resto.com\\\/#website\",\"url\":\"https:\\\/\\\/decor-resto.com\\\/\",\"name\":\"D\u00e9cor-Resto\",\"description\":\"mobilier et chaise de restaurant\",\"publisher\":{\"@id\":\"https:\\\/\\\/decor-resto.com\\\/#organization\"},\"alternateName\":\"D\u00e9cor-Resto chaises et tables\",\"potentialAction\":[{\"@type\":\"SearchAction\",\"target\":{\"@type\":\"EntryPoint\",\"urlTemplate\":\"https:\\\/\\\/decor-resto.com\\\/?s={search_term_string}\"},\"query-input\":{\"@type\":\"PropertyValueSpecification\",\"valueRequired\":true,\"valueName\":\"search_term_string\"}}],\"inLanguage\":\"en-CA\"},{\"@type\":\"Organization\",\"@id\":\"https:\\\/\\\/decor-resto.com\\\/#organization\",\"name\":\"Decor Resto\",\"alternateName\":\"D\u00e9cor-Resto Chaises & Tables inc.\",\"url\":\"https:\\\/\\\/decor-resto.com\\\/\",\"logo\":{\"@type\":\"ImageObject\",\"inLanguage\":\"en-CA\",\"@id\":\"https:\\\/\\\/decor-resto.com\\\/#\\\/schema\\\/logo\\\/image\\\/\",\"url\":\"https:\\\/\\\/decor-resto.com\\\/wp-content\\\/uploads\\\/2018\\\/11\\\/decorResto.jpg\",\"contentUrl\":\"https:\\\/\\\/decor-resto.com\\\/wp-content\\\/uploads\\\/2018\\\/11\\\/decorResto.jpg\",\"width\":580,\"height\":580,\"caption\":\"Decor Resto\"},\"image\":{\"@id\":\"https:\\\/\\\/decor-resto.com\\\/#\\\/schema\\\/logo\\\/image\\\/\"},\"sameAs\":[\"https:\\\/\\\/www.facebook.com\\\/DecorResto\\\/\",\"https:\\\/\\\/x.com\\\/DECORRESTO\",\"https:\\\/\\\/www.youtube.com\\\/user\\\/decorresto\",\"https:\\\/\\\/www.linkedin.com\\\/in\\\/decor-resto-chairs-tables-inc-a23698a0\\\/?locale=fr_FR\"]}]}<\/script>\n<meta property=\"product:brand\" content=\"simple\" \/>\n<meta property=\"product:price:amount\" content=\"0.00\" \/>\n<meta property=\"product:price:currency\" content=\"CAD\" \/>\n<meta property=\"og:availability\" content=\"instock\" \/>\n<meta property=\"product:availability\" content=\"instock\" \/>\n<meta property=\"product:condition\" content=\"new\" \/>\n<!-- \/ Yoast SEO Premium plugin. -->","yoast_head_json":{"title":"Q7-2 - D\u00e9cor-Resto","description":"D\u00c9COR RESTO: chaises empilables, bancs de bar, banquettes et tables. Que ce soit pour une entreprise, une \u00e9cole, un restaurant, salle de r\u00e9ception et h\u00f4tel, nous avons la chaise parfaite.","robots":{"index":"index","follow":"follow","max-snippet":"max-snippet:-1","max-image-preview":"max-image-preview:large","max-video-preview":"max-video-preview:-1"},"canonical":"https:\/\/decor-resto.com\/en\/product-2\/q7-2\/","og_locale":"en_US","og_type":"article","og_title":"Q7-2","og_url":"https:\/\/decor-resto.com\/en\/product-2\/q7-2\/","og_site_name":"D\u00e9cor-Resto","article_publisher":"https:\/\/www.facebook.com\/DecorResto\/","article_modified_time":"2022-02-05T21:50:45+00:00","og_image":[{"width":275,"height":399,"url":"https:\/\/decor-resto.com\/wp-content\/uploads\/2020\/02\/q7_2.jpg","type":"image\/jpeg"}],"twitter_card":"summary_large_image","twitter_site":"@DECORRESTO","twitter_misc":{"Price":"&#36;0.00","Availability":"In stock"},"schema":{"@context":"https:\/\/schema.org","@graph":[{"@type":"WebPage","@id":"https:\/\/decor-resto.com\/produit\/q7-2\/","url":"https:\/\/decor-resto.com\/produit\/q7-2\/","name":"Q7-2 - D\u00e9cor-Resto","isPartOf":{"@id":"https:\/\/decor-resto.com\/#website"},"primaryImageOfPage":{"@id":"https:\/\/decor-resto.com\/produit\/q7-2\/#primaryimage"},"image":{"@id":"https:\/\/decor-resto.com\/produit\/q7-2\/#primaryimage"},"thumbnailUrl":"https:\/\/decor-resto.com\/wp-content\/uploads\/2020\/02\/q7_2.jpg","datePublished":"2020-02-16T17:58:32+00:00","dateModified":"2022-02-05T21:50:45+00:00","description":"D\u00c9COR RESTO: chaises empilables, bancs de bar, banquettes et tables. Que ce soit pour une entreprise, une \u00e9cole, un restaurant, salle de r\u00e9ception et h\u00f4tel, nous avons la chaise parfaite.","breadcrumb":{"@id":"https:\/\/decor-resto.com\/produit\/q7-2\/#breadcrumb"},"inLanguage":"en-CA","potentialAction":[{"@type":"ReadAction","target":["https:\/\/decor-resto.com\/produit\/q7-2\/"]}]},{"@type":"ImageObject","inLanguage":"en-CA","@id":"https:\/\/decor-resto.com\/produit\/q7-2\/#primaryimage","url":"https:\/\/decor-resto.com\/wp-content\/uploads\/2020\/02\/q7_2.jpg","contentUrl":"https:\/\/decor-resto.com\/wp-content\/uploads\/2020\/02\/q7_2.jpg","width":275,"height":399},{"@type":"BreadcrumbList","@id":"https:\/\/decor-resto.com\/produit\/q7-2\/#breadcrumb","itemListElement":[{"@type":"ListItem","position":1,"name":"Home","item":"https:\/\/decor-resto.com\/accueil\/"},{"@type":"ListItem","position":2,"name":"Shop","item":"https:\/\/decor-resto.com\/boutique-2\/"},{"@type":"ListItem","position":3,"name":"Mobilier en m\u00e9tal","item":"https:\/\/decor-resto.com\/categorie-produit\/mobilier-metal\/"},{"@type":"ListItem","position":4,"name":"Bases de Table","item":"https:\/\/decor-resto.com\/categorie-produit\/mobilier-metal\/bases-de-table\/"},{"@type":"ListItem","position":5,"name":"Q7-2"}]},{"@type":"WebSite","@id":"https:\/\/decor-resto.com\/#website","url":"https:\/\/decor-resto.com\/","name":"D\u00e9cor-Resto","description":"restaurant chairs and furniture","publisher":{"@id":"https:\/\/decor-resto.com\/#organization"},"alternateName":"D\u00e9cor-Resto chaises et tables","potentialAction":[{"@type":"SearchAction","target":{"@type":"EntryPoint","urlTemplate":"https:\/\/decor-resto.com\/?s={search_term_string}"},"query-input":{"@type":"PropertyValueSpecification","valueRequired":true,"valueName":"search_term_string"}}],"inLanguage":"en-CA"},{"@type":"Organization","@id":"https:\/\/decor-resto.com\/#organization","name":"Decor Resto","alternateName":"D\u00e9cor-Resto Chaises & Tables inc.","url":"https:\/\/decor-resto.com\/","logo":{"@type":"ImageObject","inLanguage":"en-CA","@id":"https:\/\/decor-resto.com\/#\/schema\/logo\/image\/","url":"https:\/\/decor-resto.com\/wp-content\/uploads\/2018\/11\/decorResto.jpg","contentUrl":"https:\/\/decor-resto.com\/wp-content\/uploads\/2018\/11\/decorResto.jpg","width":580,"height":580,"caption":"Decor Resto"},"image":{"@id":"https:\/\/decor-resto.com\/#\/schema\/logo\/image\/"},"sameAs":["https:\/\/www.facebook.com\/DecorResto\/","https:\/\/x.com\/DECORRESTO","https:\/\/www.youtube.com\/user\/decorresto","https:\/\/www.linkedin.com\/in\/decor-resto-chairs-tables-inc-a23698a0\/?locale=fr_FR"]}]},"product_brand":"simple","product_price_amount":"0.00","product_price_currency":"CAD","og_availability":"instock","product_availability":"instock","product_condition":"new"},"jetpack_sharing_enabled":true,"jetpack-related-posts":[{"id":2790,"url":"https:\/\/decor-resto.com\/en\/produit\/q7-4\/","url_meta":{"origin":2795,"position":0},"title":"Q7-4","author":"Bynapse","date":"16 February 2020","format":false,"excerpt":"Description du produit\u00a0: Base de table extra robuste Structure en tube 2\u00bd\" de diam\u00e8tre 16GA Plaque 12\" x 12\" x 0.188\" Pattes en tube \u00be\" x 2\"\u00a0 16GA Empattement 26\" - 30\" et 36\" Hauteur totale 28\u00bc\"","rel":"","context":"Similar post","block_context":{"text":"Similar post","link":""},"img":{"alt_text":"","src":"https:\/\/i0.wp.com\/decor-resto.com\/wp-content\/uploads\/2020\/02\/q7_4.jpg?resize=350%2C200&ssl=1","width":350,"height":200},"classes":[]},{"id":2793,"url":"https:\/\/decor-resto.com\/en\/produit\/q7-2a\/","url_meta":{"origin":2795,"position":1},"title":"Q7-2A","author":"Bynapse","date":"16 February 2020","format":false,"excerpt":"Description du produit\u00a0: Demi-base de table extra robuste ajustable Structure en tube 2\u00bd\" de diam\u00e8tre 16GA Plaque 12\" x 12\" x 0.188\" Pattes en tube \u00be\" x 2\"\u00a0 16GA Empattement 26\" - 30\" et 36\" Ajustable de 25\" \u00e0 35\" et 29\" \u00e0 41\"","rel":"","context":"Similar post","block_context":{"text":"Similar post","link":""},"img":{"alt_text":"","src":"https:\/\/i0.wp.com\/decor-resto.com\/wp-content\/uploads\/2020\/02\/q7_2a.jpg?resize=350%2C200&ssl=1","width":350,"height":200},"classes":[]},{"id":2813,"url":"https:\/\/decor-resto.com\/en\/produit\/q60-2\/","url_meta":{"origin":2795,"position":2},"title":"Q60-2","author":"Bynapse","date":"16 February 2020","format":false,"excerpt":"Demi-base extra robuste centr\u00e9e Structure en tube 3\" x 3\" 16GA Plaque 8\" x 8\" x 0.150\" Pattes en tube 1\" x 3\" 16GA Empattement 22\" - 26\" - 30\" et 36\" Hauteur totale 28\u00bc\"","rel":"","context":"Similar post","block_context":{"text":"Similar post","link":""},"img":{"alt_text":"","src":"https:\/\/i0.wp.com\/decor-resto.com\/wp-content\/uploads\/2020\/02\/q60_2.jpg?resize=350%2C200&ssl=1","width":350,"height":200},"classes":[]},{"id":2815,"url":"https:\/\/decor-resto.com\/en\/produit\/q80-2\/","url_meta":{"origin":2795,"position":3},"title":"Q80-2","author":"Bynapse","date":"16 February 2020","format":false,"excerpt":"Demi-base extra robuste d\u00e9centr\u00e9e Structure en tube 3\" x 3\" 16GA Plaque 8\" x 8\" x 0.150\" Pattes en tube 1\" x 3\" 16GA Empattement 22\" - 26\" - 30\" et 36\" Hauteur totale 28\u00bc\"","rel":"","context":"Similar post","block_context":{"text":"Similar post","link":""},"img":{"alt_text":"","src":"https:\/\/i0.wp.com\/decor-resto.com\/wp-content\/uploads\/2020\/02\/q80_2.jpg?resize=350%2C200&ssl=1","width":350,"height":200},"classes":[]},{"id":2807,"url":"https:\/\/decor-resto.com\/en\/produit\/q8-2\/","url_meta":{"origin":2795,"position":4},"title":"Q8-2","author":"Bynapse","date":"16 February 2020","format":false,"excerpt":"Demi-base de table double montant Structure en tube 1\" de diam\u00e8tre 14GA Plaque 12\" x 12\" x 0.188\" Pattes pli\u00e9es en tube 1\u00bc\" de diam\u00e8tre 16GA Empattement 22\" - 26\" - 30\" et 36\" Hauteur totale 28\u00bc\"","rel":"","context":"Similar post","block_context":{"text":"Similar post","link":""},"img":{"alt_text":"","src":"https:\/\/i0.wp.com\/decor-resto.com\/wp-content\/uploads\/2020\/02\/q8_2.jpg?resize=350%2C200&ssl=1","width":350,"height":200},"classes":[]},{"id":2797,"url":"https:\/\/decor-resto.com\/en\/produit\/a6-2\/","url_meta":{"origin":2795,"position":5},"title":"A6-2","author":"Bynapse","date":"16 February 2020","format":false,"excerpt":"Description du produit\u00a0: Demi-base en arche Structure en tube 2\" de diam\u00e8tre 16GA Plaque 8\" x 8\" x 0.150\" Pattes en tube 1\u00bd\" de diam\u00e8tre 16GA Empattement 22\" - 26\" et 30\" Hauteur totale 28\u00bc\"","rel":"","context":"Similar post","block_context":{"text":"Similar post","link":""},"img":{"alt_text":"","src":"https:\/\/i0.wp.com\/decor-resto.com\/wp-content\/uploads\/2020\/02\/a6_2.jpg?resize=350%2C200&ssl=1","width":350,"height":200},"classes":[]}],"_links":{"self":[{"href":"https:\/\/decor-resto.com\/en\/wp-json\/wp\/v2\/product\/2795","targetHints":{"allow":["GET"]}}],"collection":[{"href":"https:\/\/decor-resto.com\/en\/wp-json\/wp\/v2\/product"}],"about":[{"href":"https:\/\/decor-resto.com\/en\/wp-json\/wp\/v2\/types\/product"}],"replies":[{"embeddable":true,"href":"https:\/\/decor-resto.com\/en\/wp-json\/wp\/v2\/comments?post=2795"}],"wp:featuredmedia":[{"embeddable":true,"href":"https:\/\/decor-resto.com\/en\/wp-json\/wp\/v2\/media\/2796"}],"wp:attachment":[{"href":"https:\/\/decor-resto.com\/en\/wp-json\/wp\/v2\/media?parent=2795"}],"wp:term":[{"taxonomy":"product_brand","embeddable":true,"href":"https:\/\/decor-resto.com\/en\/wp-json\/wp\/v2\/product_brand?post=2795"},{"taxonomy":"product_cat","embeddable":true,"href":"https:\/\/decor-resto.com\/en\/wp-json\/wp\/v2\/product_cat?post=2795"},{"taxonomy":"product_tag","embeddable":true,"href":"https:\/\/decor-resto.com\/en\/wp-json\/wp\/v2\/product_tag?post=2795"}],"curies":[{"name":"wp","href":"https:\/\/api.w.org\/{rel}","templated":true}]}}