{"id":2028,"date":"2016-05-18T19:25:19","date_gmt":"2016-05-19T00:25:19","guid":{"rendered":"http:\/\/decor-resto.com\/?post_type=product&#038;p=2028"},"modified":"2018-12-23T10:46:44","modified_gmt":"2018-12-23T15:46:44","slug":"ctl246m","status":"publish","type":"product","link":"https:\/\/decor-resto.com\/en\/produit\/ctl246m\/","title":{"rendered":"CTL246M"},"content":{"rendered":"","protected":false},"excerpt":{"rendered":"<table class=\"tabledimensions\">\n<tbody>\n<tr>\n<th>\n Mod\u00e8le\n <\/th>\n<th>\n Taille\n <\/th>\n<th>\n Poids(LB)\n <\/th>\n<\/tr>\n<tr>\n<td>\n CTL185M\n <\/td>\n<td>\n 18\u2033X60\u2033X29\u2033\n <\/td>\n<td>\n 62\n <\/td>\n<\/tr>\n<tr>\n<td>\n CTL186M\n <\/td>\n<td>\n 18\u2033X72\u2033X29\u2033\n <\/td>\n<td>\n 80\n <\/td>\n<\/tr>\n<tr>\n<td>\n CTL188M\n <\/td>\n<td>\n 18\u2033X96\u2033X29\u2033\n <\/td>\n<td>\n 96\n <\/td>\n<\/tr>\n<tr>\n<td>\n CTL245M\n <\/td>\n<td>\n 24\u2033X60\u2033X29\u2033\n <\/td>\n<td>\n87\n <\/td>\n<\/tr>\n<tr>\n<td>\n CTL246M\n <\/td>\n<td>\n 24\u2033X72\u2033X29\u2033\n <\/td>\n<td>\n 97\n <\/td>\n<\/tr>\n<tr>\n<td>\n CTL248M\n <\/td>\n<td>\n 24\u2033X96\u2033X29\u2033\n <\/td>\n<td>\n 118\n <\/td>\n<\/tr>\n<\/tbody>\n<\/table>\n<p><\/p>","protected":false},"featured_media":2029,"comment_status":"open","ping_status":"closed","template":"","meta":[],"product_brand":[],"product_cat":[24,42],"product_tag":[],"class_list":{"0":"post-2028","1":"product","2":"type-product","3":"status-publish","4":"has-post-thumbnail","6":"product_cat-mobilier-en-bois","7":"product_cat-tables-de-conference","9":"first","10":"instock","11":"shipping-taxable","12":"purchasable","13":"product-type-simple"},"yoast_head":"<!-- This site is optimized with the Yoast SEO Premium plugin v27.5 (Yoast SEO v27.6) - https:\/\/yoast.com\/product\/yoast-seo-premium-wordpress\/ -->\n<title>CTL246M - D\u00e9cor-Resto<\/title>\n<meta name=\"description\" content=\"D\u00c9COR RESTO: chaises empilables, bancs de bar, banquettes et tables. Que ce soit pour une entreprise, une \u00e9cole, un restaurant, salle de r\u00e9ception et h\u00f4tel, nous avons la chaise parfaite.\" \/>\n<meta name=\"robots\" content=\"index, follow, max-snippet:-1, max-image-preview:large, max-video-preview:-1\" \/>\n<link rel=\"canonical\" href=\"https:\/\/decor-resto.com\/en\/product-2\/ctl246m\/\" \/>\n<meta property=\"og:locale\" content=\"en_US\" \/>\n<meta property=\"og:type\" content=\"article\" \/>\n<meta property=\"og:title\" content=\"CTL246M\" \/>\n<meta property=\"og:url\" content=\"https:\/\/decor-resto.com\/en\/product-2\/ctl246m\/\" \/>\n<meta property=\"og:site_name\" content=\"D\u00e9cor-Resto\" \/>\n<meta property=\"article:publisher\" content=\"https:\/\/www.facebook.com\/DecorResto\/\" \/>\n<meta property=\"article:modified_time\" content=\"2018-12-23T15:46:44+00:00\" \/>\n<meta property=\"og:image\" content=\"https:\/\/decor-resto.com\/wp-content\/uploads\/2016\/05\/CTL246M.jpg\" \/>\n\t<meta property=\"og:image:width\" content=\"795\" \/>\n\t<meta property=\"og:image:height\" content=\"703\" \/>\n\t<meta property=\"og:image:type\" content=\"image\/jpeg\" \/>\n<meta name=\"twitter:card\" content=\"summary_large_image\" \/>\n<meta name=\"twitter:site\" content=\"@DECORRESTO\" \/>\n<meta name=\"twitter:label1\" content=\"Price\" \/>\n\t<meta name=\"twitter:data1\" content=\"&#036;0.00\" \/>\n\t<meta name=\"twitter:label2\" content=\"Availability\" \/>\n\t<meta name=\"twitter:data2\" content=\"In stock\" \/>\n<script type=\"application\/ld+json\" class=\"yoast-schema-graph\">{\"@context\":\"https:\\\/\\\/schema.org\",\"@graph\":[{\"@type\":\"WebPage\",\"@id\":\"https:\\\/\\\/decor-resto.com\\\/produit\\\/ctl246m\\\/\",\"url\":\"https:\\\/\\\/decor-resto.com\\\/produit\\\/ctl246m\\\/\",\"name\":\"CTL246M - D\u00e9cor-Resto\",\"isPartOf\":{\"@id\":\"https:\\\/\\\/decor-resto.com\\\/#website\"},\"primaryImageOfPage\":{\"@id\":\"https:\\\/\\\/decor-resto.com\\\/produit\\\/ctl246m\\\/#primaryimage\"},\"image\":{\"@id\":\"https:\\\/\\\/decor-resto.com\\\/produit\\\/ctl246m\\\/#primaryimage\"},\"thumbnailUrl\":\"https:\\\/\\\/decor-resto.com\\\/wp-content\\\/uploads\\\/2016\\\/05\\\/CTL246M.jpg\",\"datePublished\":\"2016-05-19T00:25:19+00:00\",\"dateModified\":\"2018-12-23T15:46:44+00:00\",\"description\":\"D\u00c9COR RESTO: chaises empilables, bancs de bar, banquettes et tables. Que ce soit pour une entreprise, une \u00e9cole, un restaurant, salle de r\u00e9ception et h\u00f4tel, nous avons la chaise parfaite.\",\"breadcrumb\":{\"@id\":\"https:\\\/\\\/decor-resto.com\\\/produit\\\/ctl246m\\\/#breadcrumb\"},\"inLanguage\":\"en-CA\",\"potentialAction\":[{\"@type\":\"ReadAction\",\"target\":[\"https:\\\/\\\/decor-resto.com\\\/produit\\\/ctl246m\\\/\"]}]},{\"@type\":\"ImageObject\",\"inLanguage\":\"en-CA\",\"@id\":\"https:\\\/\\\/decor-resto.com\\\/produit\\\/ctl246m\\\/#primaryimage\",\"url\":\"https:\\\/\\\/decor-resto.com\\\/wp-content\\\/uploads\\\/2016\\\/05\\\/CTL246M.jpg\",\"contentUrl\":\"https:\\\/\\\/decor-resto.com\\\/wp-content\\\/uploads\\\/2016\\\/05\\\/CTL246M.jpg\",\"width\":795,\"height\":703},{\"@type\":\"BreadcrumbList\",\"@id\":\"https:\\\/\\\/decor-resto.com\\\/produit\\\/ctl246m\\\/#breadcrumb\",\"itemListElement\":[{\"@type\":\"ListItem\",\"position\":1,\"name\":\"Home\",\"item\":\"https:\\\/\\\/decor-resto.com\\\/accueil\\\/\"},{\"@type\":\"ListItem\",\"position\":2,\"name\":\"Shop\",\"item\":\"https:\\\/\\\/decor-resto.com\\\/boutique-2\\\/\"},{\"@type\":\"ListItem\",\"position\":3,\"name\":\"Mobilier en Bois\",\"item\":\"https:\\\/\\\/decor-resto.com\\\/categorie-produit\\\/mobilier-en-bois\\\/\"},{\"@type\":\"ListItem\",\"position\":4,\"name\":\"Tables de conf\u00e9rence\",\"item\":\"https:\\\/\\\/decor-resto.com\\\/categorie-produit\\\/mobilier-en-bois\\\/tables-de-conference\\\/\"},{\"@type\":\"ListItem\",\"position\":5,\"name\":\"CTL246M\"}]},{\"@type\":\"WebSite\",\"@id\":\"https:\\\/\\\/decor-resto.com\\\/#website\",\"url\":\"https:\\\/\\\/decor-resto.com\\\/\",\"name\":\"D\u00e9cor-Resto\",\"description\":\"mobilier et chaise de restaurant\",\"publisher\":{\"@id\":\"https:\\\/\\\/decor-resto.com\\\/#organization\"},\"alternateName\":\"D\u00e9cor-Resto chaises et tables\",\"potentialAction\":[{\"@type\":\"SearchAction\",\"target\":{\"@type\":\"EntryPoint\",\"urlTemplate\":\"https:\\\/\\\/decor-resto.com\\\/?s={search_term_string}\"},\"query-input\":{\"@type\":\"PropertyValueSpecification\",\"valueRequired\":true,\"valueName\":\"search_term_string\"}}],\"inLanguage\":\"en-CA\"},{\"@type\":\"Organization\",\"@id\":\"https:\\\/\\\/decor-resto.com\\\/#organization\",\"name\":\"Decor Resto\",\"alternateName\":\"D\u00e9cor-Resto Chaises & Tables inc.\",\"url\":\"https:\\\/\\\/decor-resto.com\\\/\",\"logo\":{\"@type\":\"ImageObject\",\"inLanguage\":\"en-CA\",\"@id\":\"https:\\\/\\\/decor-resto.com\\\/#\\\/schema\\\/logo\\\/image\\\/\",\"url\":\"https:\\\/\\\/decor-resto.com\\\/wp-content\\\/uploads\\\/2018\\\/11\\\/decorResto.jpg\",\"contentUrl\":\"https:\\\/\\\/decor-resto.com\\\/wp-content\\\/uploads\\\/2018\\\/11\\\/decorResto.jpg\",\"width\":580,\"height\":580,\"caption\":\"Decor Resto\"},\"image\":{\"@id\":\"https:\\\/\\\/decor-resto.com\\\/#\\\/schema\\\/logo\\\/image\\\/\"},\"sameAs\":[\"https:\\\/\\\/www.facebook.com\\\/DecorResto\\\/\",\"https:\\\/\\\/x.com\\\/DECORRESTO\",\"https:\\\/\\\/www.youtube.com\\\/user\\\/decorresto\",\"https:\\\/\\\/www.linkedin.com\\\/in\\\/decor-resto-chairs-tables-inc-a23698a0\\\/?locale=fr_FR\"]}]}<\/script>\n<meta property=\"product:brand\" content=\"simple\" \/>\n<meta property=\"product:price:amount\" content=\"0.00\" \/>\n<meta property=\"product:price:currency\" content=\"CAD\" \/>\n<meta property=\"og:availability\" content=\"instock\" \/>\n<meta property=\"product:availability\" content=\"instock\" \/>\n<meta property=\"product:condition\" content=\"new\" \/>\n<!-- \/ Yoast SEO Premium plugin. -->","yoast_head_json":{"title":"CTL246M - D\u00e9cor-Resto","description":"D\u00c9COR RESTO: chaises empilables, bancs de bar, banquettes et tables. Que ce soit pour une entreprise, une \u00e9cole, un restaurant, salle de r\u00e9ception et h\u00f4tel, nous avons la chaise parfaite.","robots":{"index":"index","follow":"follow","max-snippet":"max-snippet:-1","max-image-preview":"max-image-preview:large","max-video-preview":"max-video-preview:-1"},"canonical":"https:\/\/decor-resto.com\/en\/product-2\/ctl246m\/","og_locale":"en_US","og_type":"article","og_title":"CTL246M","og_url":"https:\/\/decor-resto.com\/en\/product-2\/ctl246m\/","og_site_name":"D\u00e9cor-Resto","article_publisher":"https:\/\/www.facebook.com\/DecorResto\/","article_modified_time":"2018-12-23T15:46:44+00:00","og_image":[{"width":795,"height":703,"url":"https:\/\/decor-resto.com\/wp-content\/uploads\/2016\/05\/CTL246M.jpg","type":"image\/jpeg"}],"twitter_card":"summary_large_image","twitter_site":"@DECORRESTO","twitter_misc":{"Price":"&#36;0.00","Availability":"In stock"},"schema":{"@context":"https:\/\/schema.org","@graph":[{"@type":"WebPage","@id":"https:\/\/decor-resto.com\/produit\/ctl246m\/","url":"https:\/\/decor-resto.com\/produit\/ctl246m\/","name":"CTL246M - D\u00e9cor-Resto","isPartOf":{"@id":"https:\/\/decor-resto.com\/#website"},"primaryImageOfPage":{"@id":"https:\/\/decor-resto.com\/produit\/ctl246m\/#primaryimage"},"image":{"@id":"https:\/\/decor-resto.com\/produit\/ctl246m\/#primaryimage"},"thumbnailUrl":"https:\/\/decor-resto.com\/wp-content\/uploads\/2016\/05\/CTL246M.jpg","datePublished":"2016-05-19T00:25:19+00:00","dateModified":"2018-12-23T15:46:44+00:00","description":"D\u00c9COR RESTO: chaises empilables, bancs de bar, banquettes et tables. Que ce soit pour une entreprise, une \u00e9cole, un restaurant, salle de r\u00e9ception et h\u00f4tel, nous avons la chaise parfaite.","breadcrumb":{"@id":"https:\/\/decor-resto.com\/produit\/ctl246m\/#breadcrumb"},"inLanguage":"en-CA","potentialAction":[{"@type":"ReadAction","target":["https:\/\/decor-resto.com\/produit\/ctl246m\/"]}]},{"@type":"ImageObject","inLanguage":"en-CA","@id":"https:\/\/decor-resto.com\/produit\/ctl246m\/#primaryimage","url":"https:\/\/decor-resto.com\/wp-content\/uploads\/2016\/05\/CTL246M.jpg","contentUrl":"https:\/\/decor-resto.com\/wp-content\/uploads\/2016\/05\/CTL246M.jpg","width":795,"height":703},{"@type":"BreadcrumbList","@id":"https:\/\/decor-resto.com\/produit\/ctl246m\/#breadcrumb","itemListElement":[{"@type":"ListItem","position":1,"name":"Home","item":"https:\/\/decor-resto.com\/accueil\/"},{"@type":"ListItem","position":2,"name":"Shop","item":"https:\/\/decor-resto.com\/boutique-2\/"},{"@type":"ListItem","position":3,"name":"Mobilier en Bois","item":"https:\/\/decor-resto.com\/categorie-produit\/mobilier-en-bois\/"},{"@type":"ListItem","position":4,"name":"Tables de conf\u00e9rence","item":"https:\/\/decor-resto.com\/categorie-produit\/mobilier-en-bois\/tables-de-conference\/"},{"@type":"ListItem","position":5,"name":"CTL246M"}]},{"@type":"WebSite","@id":"https:\/\/decor-resto.com\/#website","url":"https:\/\/decor-resto.com\/","name":"D\u00e9cor-Resto","description":"restaurant chairs and furniture","publisher":{"@id":"https:\/\/decor-resto.com\/#organization"},"alternateName":"D\u00e9cor-Resto chaises et tables","potentialAction":[{"@type":"SearchAction","target":{"@type":"EntryPoint","urlTemplate":"https:\/\/decor-resto.com\/?s={search_term_string}"},"query-input":{"@type":"PropertyValueSpecification","valueRequired":true,"valueName":"search_term_string"}}],"inLanguage":"en-CA"},{"@type":"Organization","@id":"https:\/\/decor-resto.com\/#organization","name":"Decor Resto","alternateName":"D\u00e9cor-Resto Chaises & Tables inc.","url":"https:\/\/decor-resto.com\/","logo":{"@type":"ImageObject","inLanguage":"en-CA","@id":"https:\/\/decor-resto.com\/#\/schema\/logo\/image\/","url":"https:\/\/decor-resto.com\/wp-content\/uploads\/2018\/11\/decorResto.jpg","contentUrl":"https:\/\/decor-resto.com\/wp-content\/uploads\/2018\/11\/decorResto.jpg","width":580,"height":580,"caption":"Decor Resto"},"image":{"@id":"https:\/\/decor-resto.com\/#\/schema\/logo\/image\/"},"sameAs":["https:\/\/www.facebook.com\/DecorResto\/","https:\/\/x.com\/DECORRESTO","https:\/\/www.youtube.com\/user\/decorresto","https:\/\/www.linkedin.com\/in\/decor-resto-chairs-tables-inc-a23698a0\/?locale=fr_FR"]}]},"product_brand":"simple","product_price_amount":"0.00","product_price_currency":"CAD","og_availability":"instock","product_availability":"instock","product_condition":"new"},"jetpack_sharing_enabled":true,"jetpack-related-posts":[{"id":2037,"url":"https:\/\/decor-resto.com\/en\/produit\/ctl-246-f\/","url_meta":{"origin":2028,"position":0},"title":"CTL-246-F","author":"","date":"18 May 2016","format":false,"excerpt":"Mod\u00e8le Taille Poids(LB) CTL185F 18\"X60\"X29\" 54 CTL186F 18\"X72\"X29\" 60 CTL188F 18\"X96\"X29\" 71 CTL245F 24\"X60\"X29\" 63 CTL246F 24\"X72\"X29\" 72 CTL248F 24\"X96\"X29\" 86","rel":"","context":"Similar post","block_context":{"text":"Similar post","link":""},"img":{"alt_text":"","src":"https:\/\/i0.wp.com\/decor-resto.com\/wp-content\/uploads\/2016\/05\/CTL246F.jpg?resize=350%2C200&ssl=1","width":350,"height":200,"srcset":"https:\/\/i0.wp.com\/decor-resto.com\/wp-content\/uploads\/2016\/05\/CTL246F.jpg?resize=350%2C200&ssl=1 1x, https:\/\/i0.wp.com\/decor-resto.com\/wp-content\/uploads\/2016\/05\/CTL246F.jpg?resize=525%2C300&ssl=1 1.5x, https:\/\/i0.wp.com\/decor-resto.com\/wp-content\/uploads\/2016\/05\/CTL246F.jpg?resize=700%2C400&ssl=1 2x"},"classes":[]},{"id":2024,"url":"https:\/\/decor-resto.com\/en\/produit\/tl-306-ef\/","url_meta":{"origin":2028,"position":1},"title":"TL-306-EF","author":"","date":"18 May 2016","format":false,"excerpt":"Mod\u00e8le Taille Poids(LB) TL305 30\"X60\"X29\" 67 TL306 30\"X72\"X29\" 75 TL308 30\"X96\"X29\" 91 TL366 36\"X72\"X29\" 83 TL368 36\"X96\"X29\" 102","rel":"","context":"Similar post","block_context":{"text":"Similar post","link":""},"img":{"alt_text":"","src":"https:\/\/i0.wp.com\/decor-resto.com\/wp-content\/uploads\/2016\/05\/TL-306-EF.jpg?resize=350%2C200&ssl=1","width":350,"height":200,"srcset":"https:\/\/i0.wp.com\/decor-resto.com\/wp-content\/uploads\/2016\/05\/TL-306-EF.jpg?resize=350%2C200&ssl=1 1x, https:\/\/i0.wp.com\/decor-resto.com\/wp-content\/uploads\/2016\/05\/TL-306-EF.jpg?resize=525%2C300&ssl=1 1.5x"},"classes":[]},{"id":2021,"url":"https:\/\/decor-resto.com\/en\/produit\/c-series-rectangular\/","url_meta":{"origin":2028,"position":2},"title":"C-Series-Rectangular","author":"","date":"17 May 2016","format":false,"excerpt":"Mod\u00e8le Taille Poids CR636M 36\"X72\"X29\" 113 CR836M 36\"X96\"X29\" 142 CR848M 48\"X96\"X29\" 179","rel":"","context":"Similar post","block_context":{"text":"Similar post","link":""},"img":{"alt_text":"","src":"https:\/\/i0.wp.com\/decor-resto.com\/wp-content\/uploads\/2016\/05\/C-Series-Rectangular.jpg?resize=350%2C200&ssl=1","width":350,"height":200,"srcset":"https:\/\/i0.wp.com\/decor-resto.com\/wp-content\/uploads\/2016\/05\/C-Series-Rectangular.jpg?resize=350%2C200&ssl=1 1x, https:\/\/i0.wp.com\/decor-resto.com\/wp-content\/uploads\/2016\/05\/C-Series-Rectangular.jpg?resize=525%2C300&ssl=1 1.5x"},"classes":[]},{"id":2015,"url":"https:\/\/decor-resto.com\/en\/produit\/c-series-oval\/","url_meta":{"origin":2028,"position":3},"title":"C-Series-Oval","author":"","date":"17 May 2016","format":false,"excerpt":"Oval Shape With Radius PermaTuff Edge Mod\u00e8le Taille Poids CV636M 36\"X72\"X29\" 108 CV836M 36\"X96\"X29\" 137 CV848M 48\"X96\"X29\" 170","rel":"","context":"Similar post","block_context":{"text":"Similar post","link":""},"img":{"alt_text":"","src":"https:\/\/i0.wp.com\/decor-resto.com\/wp-content\/uploads\/2016\/05\/C-Series-Oval.jpg?resize=350%2C200&ssl=1","width":350,"height":200,"srcset":"https:\/\/i0.wp.com\/decor-resto.com\/wp-content\/uploads\/2016\/05\/C-Series-Oval.jpg?resize=350%2C200&ssl=1 1x, https:\/\/i0.wp.com\/decor-resto.com\/wp-content\/uploads\/2016\/05\/C-Series-Oval.jpg?resize=525%2C300&ssl=1 1.5x"},"classes":[]},{"id":2019,"url":"https:\/\/decor-resto.com\/en\/produit\/c-series-boat\/","url_meta":{"origin":2028,"position":4},"title":"C-Series-Boat","author":"","date":"17 May 2016","format":false,"excerpt":"Boat Shape With Radius PermaTuff Edge Mod\u00e8le Taille Poids CB636M 36\"X72\"X29\" 111 CB836M 36\"X96\"X29\" 140 CB848M 48\"X96\"X29\" 175","rel":"","context":"Similar post","block_context":{"text":"Similar post","link":""},"img":{"alt_text":"","src":"https:\/\/i0.wp.com\/decor-resto.com\/wp-content\/uploads\/2016\/05\/C-Series-Boat.jpg?resize=350%2C200&ssl=1","width":350,"height":200,"srcset":"https:\/\/i0.wp.com\/decor-resto.com\/wp-content\/uploads\/2016\/05\/C-Series-Boat.jpg?resize=350%2C200&ssl=1 1x, https:\/\/i0.wp.com\/decor-resto.com\/wp-content\/uploads\/2016\/05\/C-Series-Boat.jpg?resize=525%2C300&ssl=1 1.5x"},"classes":[]},{"id":2032,"url":"https:\/\/decor-resto.com\/en\/produit\/ctla246m\/","url_meta":{"origin":2028,"position":5},"title":"CTLA246M","author":"","date":"18 May 2016","format":false,"excerpt":"Mod\u00e8le Taille Poids(LB) CTLA185M 18\"X60\"X22\"-29\" 62 CTLA186M 18\"X72\"X22\"-29\" 80 CTLA188M 18\"X96\"X22\"-29\" 96 CTLA245M 24\"X60\"X22\"-29\" 87 CTLA246M 24\"X72\"X22\"-29\" 96 CTLA248M 24\"X96\"X22\"-29\" 117","rel":"","context":"Similar post","block_context":{"text":"Similar post","link":""},"img":{"alt_text":"","src":"https:\/\/i0.wp.com\/decor-resto.com\/wp-content\/uploads\/2016\/05\/CTLA246M.jpg?resize=350%2C200&ssl=1","width":350,"height":200,"srcset":"https:\/\/i0.wp.com\/decor-resto.com\/wp-content\/uploads\/2016\/05\/CTLA246M.jpg?resize=350%2C200&ssl=1 1x, https:\/\/i0.wp.com\/decor-resto.com\/wp-content\/uploads\/2016\/05\/CTLA246M.jpg?resize=525%2C300&ssl=1 1.5x, https:\/\/i0.wp.com\/decor-resto.com\/wp-content\/uploads\/2016\/05\/CTLA246M.jpg?resize=700%2C400&ssl=1 2x"},"classes":[]}],"_links":{"self":[{"href":"https:\/\/decor-resto.com\/en\/wp-json\/wp\/v2\/product\/2028","targetHints":{"allow":["GET"]}}],"collection":[{"href":"https:\/\/decor-resto.com\/en\/wp-json\/wp\/v2\/product"}],"about":[{"href":"https:\/\/decor-resto.com\/en\/wp-json\/wp\/v2\/types\/product"}],"replies":[{"embeddable":true,"href":"https:\/\/decor-resto.com\/en\/wp-json\/wp\/v2\/comments?post=2028"}],"wp:featuredmedia":[{"embeddable":true,"href":"https:\/\/decor-resto.com\/en\/wp-json\/wp\/v2\/media\/2029"}],"wp:attachment":[{"href":"https:\/\/decor-resto.com\/en\/wp-json\/wp\/v2\/media?parent=2028"}],"wp:term":[{"taxonomy":"product_brand","embeddable":true,"href":"https:\/\/decor-resto.com\/en\/wp-json\/wp\/v2\/product_brand?post=2028"},{"taxonomy":"product_cat","embeddable":true,"href":"https:\/\/decor-resto.com\/en\/wp-json\/wp\/v2\/product_cat?post=2028"},{"taxonomy":"product_tag","embeddable":true,"href":"https:\/\/decor-resto.com\/en\/wp-json\/wp\/v2\/product_tag?post=2028"}],"curies":[{"name":"wp","href":"https:\/\/api.w.org\/{rel}","templated":true}]}}