{"id":1454,"date":"2016-03-30T14:59:05","date_gmt":"2016-03-30T19:59:05","guid":{"rendered":"http:\/\/decor-resto.com\/?post_type=product&#038;p=1454"},"modified":"2018-12-17T16:47:02","modified_gmt":"2018-12-17T21:47:02","slug":"bws-ro-us","status":"publish","type":"product","link":"https:\/\/decor-resto.com\/en\/produit\/bws-ro-us\/","title":{"rendered":"BWS-RO-US"},"content":{"rendered":"","protected":false},"excerpt":{"rendered":"<br \/>\n<table class=\"tabledimensions\">\n<tbody>\n<tr>\n<th>\n                        Dimensions\n                        <\/th>\n<th>\n                        inch\n                        <\/th>\n<th>\n                        mm\n                        <\/th>\n<\/tr>\n<tr>\n<td>\n                        Hauteur\n                        <\/td>\n<td>\n                       41.5\u2033                        <\/td>\n<td>\n                       1055 mm                        <\/td>\n<\/tr>\n<tr>\n<td>\n                        Largeur\n                        <\/td>\n<td>\n                         15.2\u2033                        <\/td>\n<td>\n                         385 mm                        <\/td>\n<\/tr>\n<tr>\n<td>\n                        Profondeur\n                        <\/td>\n<td>\n                       20.2\u2033                        <\/td>\n<td>\n                        512 mm                        <\/td>\n<\/tr>\n<\/tbody>\n<\/table>\n<p><\/p>","protected":false},"featured_media":1449,"comment_status":"open","ping_status":"closed","template":"","meta":[],"product_brand":[],"product_cat":[34,24],"product_tag":[],"class_list":{"0":"post-1454","1":"product","2":"type-product","3":"status-publish","4":"has-post-thumbnail","6":"product_cat-chaises-de-bar-en-bois","7":"product_cat-mobilier-en-bois","9":"first","10":"instock","11":"shipping-taxable","12":"purchasable","13":"product-type-simple"},"yoast_head":"<!-- This site is optimized with the Yoast SEO Premium plugin v27.4 (Yoast SEO v27.4) - https:\/\/yoast.com\/product\/yoast-seo-premium-wordpress\/ -->\n<title>BWS-RO-US - D\u00e9cor-Resto<\/title>\n<meta name=\"description\" content=\"D\u00c9COR RESTO: chaises empilables, bancs de bar, banquettes et tables. Que ce soit pour une entreprise, une \u00e9cole, un restaurant, salle de r\u00e9ception et h\u00f4tel, nous avons la chaise parfaite.\" \/>\n<meta name=\"robots\" content=\"index, follow, max-snippet:-1, max-image-preview:large, max-video-preview:-1\" \/>\n<link rel=\"canonical\" href=\"https:\/\/decor-resto.com\/en\/product-2\/bws-ro-us\/\" \/>\n<meta property=\"og:locale\" content=\"en_US\" \/>\n<meta property=\"og:type\" content=\"article\" \/>\n<meta property=\"og:title\" content=\"BWS-RO-US\" \/>\n<meta property=\"og:url\" content=\"https:\/\/decor-resto.com\/en\/product-2\/bws-ro-us\/\" \/>\n<meta property=\"og:site_name\" content=\"D\u00e9cor-Resto\" \/>\n<meta property=\"article:publisher\" content=\"https:\/\/www.facebook.com\/DecorResto\/\" \/>\n<meta property=\"article:modified_time\" content=\"2018-12-17T21:47:02+00:00\" \/>\n<meta property=\"og:image\" content=\"https:\/\/decor-resto.com\/wp-content\/uploads\/2016\/03\/BWS-RO-US.jpg\" \/>\n\t<meta property=\"og:image:width\" content=\"599\" \/>\n\t<meta property=\"og:image:height\" content=\"601\" \/>\n\t<meta property=\"og:image:type\" content=\"image\/jpeg\" \/>\n<meta name=\"twitter:card\" content=\"summary_large_image\" \/>\n<meta name=\"twitter:site\" content=\"@DECORRESTO\" \/>\n<meta name=\"twitter:label1\" content=\"Price\" \/>\n\t<meta name=\"twitter:data1\" content=\"&#036;0.00\" \/>\n\t<meta name=\"twitter:label2\" content=\"Availability\" \/>\n\t<meta name=\"twitter:data2\" content=\"In stock\" \/>\n<script type=\"application\/ld+json\" class=\"yoast-schema-graph\">{\"@context\":\"https:\\\/\\\/schema.org\",\"@graph\":[{\"@type\":\"WebPage\",\"@id\":\"https:\\\/\\\/decor-resto.com\\\/produit\\\/bws-ro-us\\\/\",\"url\":\"https:\\\/\\\/decor-resto.com\\\/produit\\\/bws-ro-us\\\/\",\"name\":\"BWS-RO-US - D\u00e9cor-Resto\",\"isPartOf\":{\"@id\":\"https:\\\/\\\/decor-resto.com\\\/#website\"},\"primaryImageOfPage\":{\"@id\":\"https:\\\/\\\/decor-resto.com\\\/produit\\\/bws-ro-us\\\/#primaryimage\"},\"image\":{\"@id\":\"https:\\\/\\\/decor-resto.com\\\/produit\\\/bws-ro-us\\\/#primaryimage\"},\"thumbnailUrl\":\"https:\\\/\\\/decor-resto.com\\\/wp-content\\\/uploads\\\/2016\\\/03\\\/BWS-RO-US.jpg\",\"datePublished\":\"2016-03-30T19:59:05+00:00\",\"dateModified\":\"2018-12-17T21:47:02+00:00\",\"description\":\"D\u00c9COR RESTO: chaises empilables, bancs de bar, banquettes et tables. Que ce soit pour une entreprise, une \u00e9cole, un restaurant, salle de r\u00e9ception et h\u00f4tel, nous avons la chaise parfaite.\",\"breadcrumb\":{\"@id\":\"https:\\\/\\\/decor-resto.com\\\/produit\\\/bws-ro-us\\\/#breadcrumb\"},\"inLanguage\":\"en-CA\",\"potentialAction\":[{\"@type\":\"ReadAction\",\"target\":[\"https:\\\/\\\/decor-resto.com\\\/produit\\\/bws-ro-us\\\/\"]}]},{\"@type\":\"ImageObject\",\"inLanguage\":\"en-CA\",\"@id\":\"https:\\\/\\\/decor-resto.com\\\/produit\\\/bws-ro-us\\\/#primaryimage\",\"url\":\"https:\\\/\\\/decor-resto.com\\\/wp-content\\\/uploads\\\/2016\\\/03\\\/BWS-RO-US.jpg\",\"contentUrl\":\"https:\\\/\\\/decor-resto.com\\\/wp-content\\\/uploads\\\/2016\\\/03\\\/BWS-RO-US.jpg\",\"width\":599,\"height\":601},{\"@type\":\"BreadcrumbList\",\"@id\":\"https:\\\/\\\/decor-resto.com\\\/produit\\\/bws-ro-us\\\/#breadcrumb\",\"itemListElement\":[{\"@type\":\"ListItem\",\"position\":1,\"name\":\"Home\",\"item\":\"https:\\\/\\\/decor-resto.com\\\/accueil\\\/\"},{\"@type\":\"ListItem\",\"position\":2,\"name\":\"Shop\",\"item\":\"https:\\\/\\\/decor-resto.com\\\/boutique-2\\\/\"},{\"@type\":\"ListItem\",\"position\":3,\"name\":\"Mobilier en Bois\",\"item\":\"https:\\\/\\\/decor-resto.com\\\/categorie-produit\\\/mobilier-en-bois\\\/\"},{\"@type\":\"ListItem\",\"position\":4,\"name\":\"chaises de bar en bois\",\"item\":\"https:\\\/\\\/decor-resto.com\\\/categorie-produit\\\/mobilier-en-bois\\\/chaises-de-bar-en-bois\\\/\"},{\"@type\":\"ListItem\",\"position\":5,\"name\":\"BWS-RO-US\"}]},{\"@type\":\"WebSite\",\"@id\":\"https:\\\/\\\/decor-resto.com\\\/#website\",\"url\":\"https:\\\/\\\/decor-resto.com\\\/\",\"name\":\"D\u00e9cor-Resto\",\"description\":\"mobilier et chaise de restaurant\",\"publisher\":{\"@id\":\"https:\\\/\\\/decor-resto.com\\\/#organization\"},\"alternateName\":\"D\u00e9cor-Resto chaises et tables\",\"potentialAction\":[{\"@type\":\"SearchAction\",\"target\":{\"@type\":\"EntryPoint\",\"urlTemplate\":\"https:\\\/\\\/decor-resto.com\\\/?s={search_term_string}\"},\"query-input\":{\"@type\":\"PropertyValueSpecification\",\"valueRequired\":true,\"valueName\":\"search_term_string\"}}],\"inLanguage\":\"en-CA\"},{\"@type\":\"Organization\",\"@id\":\"https:\\\/\\\/decor-resto.com\\\/#organization\",\"name\":\"Decor Resto\",\"alternateName\":\"D\u00e9cor-Resto Chaises & Tables inc.\",\"url\":\"https:\\\/\\\/decor-resto.com\\\/\",\"logo\":{\"@type\":\"ImageObject\",\"inLanguage\":\"en-CA\",\"@id\":\"https:\\\/\\\/decor-resto.com\\\/#\\\/schema\\\/logo\\\/image\\\/\",\"url\":\"https:\\\/\\\/decor-resto.com\\\/wp-content\\\/uploads\\\/2018\\\/11\\\/decorResto.jpg\",\"contentUrl\":\"https:\\\/\\\/decor-resto.com\\\/wp-content\\\/uploads\\\/2018\\\/11\\\/decorResto.jpg\",\"width\":580,\"height\":580,\"caption\":\"Decor Resto\"},\"image\":{\"@id\":\"https:\\\/\\\/decor-resto.com\\\/#\\\/schema\\\/logo\\\/image\\\/\"},\"sameAs\":[\"https:\\\/\\\/www.facebook.com\\\/DecorResto\\\/\",\"https:\\\/\\\/x.com\\\/DECORRESTO\",\"https:\\\/\\\/www.youtube.com\\\/user\\\/decorresto\",\"https:\\\/\\\/www.linkedin.com\\\/in\\\/decor-resto-chairs-tables-inc-a23698a0\\\/?locale=fr_FR\"]}]}<\/script>\n<meta property=\"product:brand\" content=\"simple\" \/>\n<meta property=\"product:price:amount\" content=\"0.00\" \/>\n<meta property=\"product:price:currency\" content=\"CAD\" \/>\n<meta property=\"og:availability\" content=\"instock\" \/>\n<meta property=\"product:availability\" content=\"instock\" \/>\n<meta property=\"product:condition\" content=\"new\" \/>\n<!-- \/ Yoast SEO Premium plugin. -->","yoast_head_json":{"title":"BWS-RO-US - D\u00e9cor-Resto","description":"D\u00c9COR RESTO: chaises empilables, bancs de bar, banquettes et tables. Que ce soit pour une entreprise, une \u00e9cole, un restaurant, salle de r\u00e9ception et h\u00f4tel, nous avons la chaise parfaite.","robots":{"index":"index","follow":"follow","max-snippet":"max-snippet:-1","max-image-preview":"max-image-preview:large","max-video-preview":"max-video-preview:-1"},"canonical":"https:\/\/decor-resto.com\/en\/product-2\/bws-ro-us\/","og_locale":"en_US","og_type":"article","og_title":"BWS-RO-US","og_url":"https:\/\/decor-resto.com\/en\/product-2\/bws-ro-us\/","og_site_name":"D\u00e9cor-Resto","article_publisher":"https:\/\/www.facebook.com\/DecorResto\/","article_modified_time":"2018-12-17T21:47:02+00:00","og_image":[{"width":599,"height":601,"url":"https:\/\/decor-resto.com\/wp-content\/uploads\/2016\/03\/BWS-RO-US.jpg","type":"image\/jpeg"}],"twitter_card":"summary_large_image","twitter_site":"@DECORRESTO","twitter_misc":{"Price":"&#36;0.00","Availability":"In stock"},"schema":{"@context":"https:\/\/schema.org","@graph":[{"@type":"WebPage","@id":"https:\/\/decor-resto.com\/produit\/bws-ro-us\/","url":"https:\/\/decor-resto.com\/produit\/bws-ro-us\/","name":"BWS-RO-US - D\u00e9cor-Resto","isPartOf":{"@id":"https:\/\/decor-resto.com\/#website"},"primaryImageOfPage":{"@id":"https:\/\/decor-resto.com\/produit\/bws-ro-us\/#primaryimage"},"image":{"@id":"https:\/\/decor-resto.com\/produit\/bws-ro-us\/#primaryimage"},"thumbnailUrl":"https:\/\/decor-resto.com\/wp-content\/uploads\/2016\/03\/BWS-RO-US.jpg","datePublished":"2016-03-30T19:59:05+00:00","dateModified":"2018-12-17T21:47:02+00:00","description":"D\u00c9COR RESTO: chaises empilables, bancs de bar, banquettes et tables. Que ce soit pour une entreprise, une \u00e9cole, un restaurant, salle de r\u00e9ception et h\u00f4tel, nous avons la chaise parfaite.","breadcrumb":{"@id":"https:\/\/decor-resto.com\/produit\/bws-ro-us\/#breadcrumb"},"inLanguage":"en-CA","potentialAction":[{"@type":"ReadAction","target":["https:\/\/decor-resto.com\/produit\/bws-ro-us\/"]}]},{"@type":"ImageObject","inLanguage":"en-CA","@id":"https:\/\/decor-resto.com\/produit\/bws-ro-us\/#primaryimage","url":"https:\/\/decor-resto.com\/wp-content\/uploads\/2016\/03\/BWS-RO-US.jpg","contentUrl":"https:\/\/decor-resto.com\/wp-content\/uploads\/2016\/03\/BWS-RO-US.jpg","width":599,"height":601},{"@type":"BreadcrumbList","@id":"https:\/\/decor-resto.com\/produit\/bws-ro-us\/#breadcrumb","itemListElement":[{"@type":"ListItem","position":1,"name":"Home","item":"https:\/\/decor-resto.com\/accueil\/"},{"@type":"ListItem","position":2,"name":"Shop","item":"https:\/\/decor-resto.com\/boutique-2\/"},{"@type":"ListItem","position":3,"name":"Mobilier en Bois","item":"https:\/\/decor-resto.com\/categorie-produit\/mobilier-en-bois\/"},{"@type":"ListItem","position":4,"name":"chaises de bar en bois","item":"https:\/\/decor-resto.com\/categorie-produit\/mobilier-en-bois\/chaises-de-bar-en-bois\/"},{"@type":"ListItem","position":5,"name":"BWS-RO-US"}]},{"@type":"WebSite","@id":"https:\/\/decor-resto.com\/#website","url":"https:\/\/decor-resto.com\/","name":"D\u00e9cor-Resto","description":"restaurant chairs and furniture","publisher":{"@id":"https:\/\/decor-resto.com\/#organization"},"alternateName":"D\u00e9cor-Resto chaises et tables","potentialAction":[{"@type":"SearchAction","target":{"@type":"EntryPoint","urlTemplate":"https:\/\/decor-resto.com\/?s={search_term_string}"},"query-input":{"@type":"PropertyValueSpecification","valueRequired":true,"valueName":"search_term_string"}}],"inLanguage":"en-CA"},{"@type":"Organization","@id":"https:\/\/decor-resto.com\/#organization","name":"Decor Resto","alternateName":"D\u00e9cor-Resto Chaises & Tables inc.","url":"https:\/\/decor-resto.com\/","logo":{"@type":"ImageObject","inLanguage":"en-CA","@id":"https:\/\/decor-resto.com\/#\/schema\/logo\/image\/","url":"https:\/\/decor-resto.com\/wp-content\/uploads\/2018\/11\/decorResto.jpg","contentUrl":"https:\/\/decor-resto.com\/wp-content\/uploads\/2018\/11\/decorResto.jpg","width":580,"height":580,"caption":"Decor Resto"},"image":{"@id":"https:\/\/decor-resto.com\/#\/schema\/logo\/image\/"},"sameAs":["https:\/\/www.facebook.com\/DecorResto\/","https:\/\/x.com\/DECORRESTO","https:\/\/www.youtube.com\/user\/decorresto","https:\/\/www.linkedin.com\/in\/decor-resto-chairs-tables-inc-a23698a0\/?locale=fr_FR"]}]},"product_brand":"simple","product_price_amount":"0.00","product_price_currency":"CAD","og_availability":"instock","product_availability":"instock","product_condition":"new"},"jetpack_sharing_enabled":true,"jetpack-related-posts":[{"id":1413,"url":"https:\/\/decor-resto.com\/en\/produit\/bws-092-us\/","url_meta":{"origin":1454,"position":0},"title":"BWS-092-US","author":"","date":"30 March 2016","format":false,"excerpt":"Dimensions inch mm Hauteur 41.5\" 1055 mm Largeur 17.5\" 445 mm Profondeur 19.3\" 490 mm","rel":"","context":"Similar post","block_context":{"text":"Similar post","link":""},"img":{"alt_text":"","src":"https:\/\/i0.wp.com\/decor-resto.com\/wp-content\/uploads\/2016\/03\/BWS-092-US.jpg?resize=350%2C200&ssl=1","width":350,"height":200,"srcset":"https:\/\/i0.wp.com\/decor-resto.com\/wp-content\/uploads\/2016\/03\/BWS-092-US.jpg?resize=350%2C200&ssl=1 1x, https:\/\/i0.wp.com\/decor-resto.com\/wp-content\/uploads\/2016\/03\/BWS-092-US.jpg?resize=525%2C300&ssl=1 1.5x"},"classes":[]},{"id":1415,"url":"https:\/\/decor-resto.com\/en\/produit\/bws-095-us\/","url_meta":{"origin":1454,"position":1},"title":"BWS-095-US","author":"","date":"30 March 2016","format":false,"excerpt":"Dimensions inch mm Hauteur 41.5\" 1055 mm Largeur 17.5\" 445 mm Profondeur 19.3\" 490 mm","rel":"","context":"Similar post","block_context":{"text":"Similar post","link":""},"img":{"alt_text":"","src":"https:\/\/i0.wp.com\/decor-resto.com\/wp-content\/uploads\/2016\/03\/BWS-095-US.jpg?resize=350%2C200&ssl=1","width":350,"height":200,"srcset":"https:\/\/i0.wp.com\/decor-resto.com\/wp-content\/uploads\/2016\/03\/BWS-095-US.jpg?resize=350%2C200&ssl=1 1x, https:\/\/i0.wp.com\/decor-resto.com\/wp-content\/uploads\/2016\/03\/BWS-095-US.jpg?resize=525%2C300&ssl=1 1.5x"},"classes":[]},{"id":1416,"url":"https:\/\/decor-resto.com\/en\/produit\/bws-098b-us\/","url_meta":{"origin":1454,"position":2},"title":"BWS-098B-US","author":"","date":"30 March 2016","format":false,"excerpt":"Dimensions inch mm Hauteur 41.5\" 1055 mm Largeur 17.5\" 445 mm Profondeur 19.3\" 490 mm","rel":"","context":"Similar post","block_context":{"text":"Similar post","link":""},"img":{"alt_text":"","src":"https:\/\/i0.wp.com\/decor-resto.com\/wp-content\/uploads\/2016\/03\/BWS-098B-US.jpg?resize=350%2C200&ssl=1","width":350,"height":200,"srcset":"https:\/\/i0.wp.com\/decor-resto.com\/wp-content\/uploads\/2016\/03\/BWS-098B-US.jpg?resize=350%2C200&ssl=1 1x, https:\/\/i0.wp.com\/decor-resto.com\/wp-content\/uploads\/2016\/03\/BWS-098B-US.jpg?resize=525%2C300&ssl=1 1.5x"},"classes":[]},{"id":1356,"url":"https:\/\/decor-resto.com\/en\/produit\/carole-2\/","url_meta":{"origin":1454,"position":3},"title":"CAROLE","author":"","date":"29 March 2016","format":false,"excerpt":"Dimensions inch mm Hauteur 41.5\" 1055 mm Largeur 15.2\" 385 mm Profondeur 20.2\" 512 mm","rel":"","context":"Similar post","block_context":{"text":"Similar post","link":""},"img":{"alt_text":"","src":"https:\/\/i0.wp.com\/decor-resto.com\/wp-content\/uploads\/2016\/03\/CAROLE-1.jpg?resize=350%2C200&ssl=1","width":350,"height":200,"srcset":"https:\/\/i0.wp.com\/decor-resto.com\/wp-content\/uploads\/2016\/03\/CAROLE-1.jpg?resize=350%2C200&ssl=1 1x, https:\/\/i0.wp.com\/decor-resto.com\/wp-content\/uploads\/2016\/03\/CAROLE-1.jpg?resize=525%2C300&ssl=1 1.5x"},"classes":[]},{"id":984,"url":"https:\/\/decor-resto.com\/en\/produit\/bw-1057-us\/","url_meta":{"origin":1454,"position":4},"title":"BW-1057-US","author":"","date":"22 March 2016","format":false,"excerpt":"Dimensions inch mm Hauteur 29.9\" 760 mm Largeur 16.5\" 420 mm Profondeur 18.5\" 470 mm","rel":"","context":"Similar post","block_context":{"text":"Similar post","link":""},"img":{"alt_text":"","src":"https:\/\/i0.wp.com\/decor-resto.com\/wp-content\/uploads\/2016\/03\/BW-1057-US-1.jpg?resize=350%2C200&ssl=1","width":350,"height":200,"srcset":"https:\/\/i0.wp.com\/decor-resto.com\/wp-content\/uploads\/2016\/03\/BW-1057-US-1.jpg?resize=350%2C200&ssl=1 1x, https:\/\/i0.wp.com\/decor-resto.com\/wp-content\/uploads\/2016\/03\/BW-1057-US-1.jpg?resize=525%2C300&ssl=1 1.5x"},"classes":[]},{"id":1038,"url":"https:\/\/decor-resto.com\/en\/produit\/bw-766-us\/","url_meta":{"origin":1454,"position":5},"title":"BW-766-US","author":"","date":"23 March 2016","format":false,"excerpt":"Dimensions inch mm Hauteur 36.6\" 930 mm Largeur 17.3\" 440 mm Profondeur 20.1\" 510 mm","rel":"","context":"Similar post","block_context":{"text":"Similar post","link":""},"img":{"alt_text":"","src":"https:\/\/i0.wp.com\/decor-resto.com\/wp-content\/uploads\/2016\/03\/BW-766-US.jpg?resize=350%2C200&ssl=1","width":350,"height":200,"srcset":"https:\/\/i0.wp.com\/decor-resto.com\/wp-content\/uploads\/2016\/03\/BW-766-US.jpg?resize=350%2C200&ssl=1 1x, https:\/\/i0.wp.com\/decor-resto.com\/wp-content\/uploads\/2016\/03\/BW-766-US.jpg?resize=525%2C300&ssl=1 1.5x"},"classes":[]}],"_links":{"self":[{"href":"https:\/\/decor-resto.com\/en\/wp-json\/wp\/v2\/product\/1454","targetHints":{"allow":["GET"]}}],"collection":[{"href":"https:\/\/decor-resto.com\/en\/wp-json\/wp\/v2\/product"}],"about":[{"href":"https:\/\/decor-resto.com\/en\/wp-json\/wp\/v2\/types\/product"}],"replies":[{"embeddable":true,"href":"https:\/\/decor-resto.com\/en\/wp-json\/wp\/v2\/comments?post=1454"}],"wp:featuredmedia":[{"embeddable":true,"href":"https:\/\/decor-resto.com\/en\/wp-json\/wp\/v2\/media\/1449"}],"wp:attachment":[{"href":"https:\/\/decor-resto.com\/en\/wp-json\/wp\/v2\/media?parent=1454"}],"wp:term":[{"taxonomy":"product_brand","embeddable":true,"href":"https:\/\/decor-resto.com\/en\/wp-json\/wp\/v2\/product_brand?post=1454"},{"taxonomy":"product_cat","embeddable":true,"href":"https:\/\/decor-resto.com\/en\/wp-json\/wp\/v2\/product_cat?post=1454"},{"taxonomy":"product_tag","embeddable":true,"href":"https:\/\/decor-resto.com\/en\/wp-json\/wp\/v2\/product_tag?post=1454"}],"curies":[{"name":"wp","href":"https:\/\/api.w.org\/{rel}","templated":true}]}}