{"id":1300,"date":"2016-03-26T00:54:19","date_gmt":"2016-03-26T05:54:19","guid":{"rendered":"http:\/\/decor-resto.com\/?post_type=product&#038;p=1300"},"modified":"2018-12-17T16:40:02","modified_gmt":"2018-12-17T21:40:02","slug":"8","status":"publish","type":"product","link":"https:\/\/decor-resto.com\/en\/produit\/8\/","title":{"rendered":"8"},"content":{"rendered":"","protected":false},"excerpt":{"rendered":"","protected":false},"featured_media":1304,"comment_status":"open","ping_status":"closed","template":"","meta":[],"product_brand":[],"product_cat":[26,24],"product_tag":[],"class_list":{"0":"post-1300","1":"product","2":"type-product","3":"status-publish","4":"has-post-thumbnail","6":"product_cat-ebenisterie-architecturale","7":"product_cat-mobilier-en-bois","9":"first","10":"instock","11":"shipping-taxable","12":"purchasable","13":"product-type-simple"},"yoast_head":"<!-- This site is optimized with the Yoast SEO Premium plugin v27.4 (Yoast SEO v27.4) - https:\/\/yoast.com\/product\/yoast-seo-premium-wordpress\/ -->\n<title>8 - D\u00e9cor-Resto<\/title>\n<meta name=\"description\" content=\"D\u00c9COR RESTO: chaises empilables, bancs de bar, banquettes et tables. Que ce soit pour une entreprise, une \u00e9cole, un restaurant, salle de r\u00e9ception et h\u00f4tel, nous avons la chaise parfaite.\" \/>\n<meta name=\"robots\" content=\"index, follow, max-snippet:-1, max-image-preview:large, max-video-preview:-1\" \/>\n<link rel=\"canonical\" href=\"https:\/\/decor-resto.com\/en\/product-2\/8\/\" \/>\n<meta property=\"og:locale\" content=\"en_US\" \/>\n<meta property=\"og:type\" content=\"article\" \/>\n<meta property=\"og:title\" content=\"8\" \/>\n<meta property=\"og:url\" content=\"https:\/\/decor-resto.com\/en\/product-2\/8\/\" \/>\n<meta property=\"og:site_name\" content=\"D\u00e9cor-Resto\" \/>\n<meta property=\"article:publisher\" content=\"https:\/\/www.facebook.com\/DecorResto\/\" \/>\n<meta property=\"article:modified_time\" content=\"2018-12-17T21:40:02+00:00\" \/>\n<meta property=\"og:image\" content=\"https:\/\/decor-resto.com\/wp-content\/uploads\/2016\/03\/8C.jpg\" \/>\n\t<meta property=\"og:image:width\" content=\"605\" \/>\n\t<meta property=\"og:image:height\" content=\"605\" \/>\n\t<meta property=\"og:image:type\" content=\"image\/jpeg\" \/>\n<meta name=\"twitter:card\" content=\"summary_large_image\" \/>\n<meta name=\"twitter:site\" content=\"@DECORRESTO\" \/>\n<meta name=\"twitter:label1\" content=\"Price\" \/>\n\t<meta name=\"twitter:data1\" content=\"&#036;0.00\" \/>\n\t<meta name=\"twitter:label2\" content=\"Availability\" \/>\n\t<meta name=\"twitter:data2\" content=\"In stock\" \/>\n<script type=\"application\/ld+json\" class=\"yoast-schema-graph\">{\"@context\":\"https:\\\/\\\/schema.org\",\"@graph\":[{\"@type\":\"WebPage\",\"@id\":\"https:\\\/\\\/decor-resto.com\\\/produit\\\/8\\\/\",\"url\":\"https:\\\/\\\/decor-resto.com\\\/produit\\\/8\\\/\",\"name\":\"8 - D\u00e9cor-Resto\",\"isPartOf\":{\"@id\":\"https:\\\/\\\/decor-resto.com\\\/#website\"},\"primaryImageOfPage\":{\"@id\":\"https:\\\/\\\/decor-resto.com\\\/produit\\\/8\\\/#primaryimage\"},\"image\":{\"@id\":\"https:\\\/\\\/decor-resto.com\\\/produit\\\/8\\\/#primaryimage\"},\"thumbnailUrl\":\"https:\\\/\\\/decor-resto.com\\\/wp-content\\\/uploads\\\/2016\\\/03\\\/8C.jpg\",\"datePublished\":\"2016-03-26T05:54:19+00:00\",\"dateModified\":\"2018-12-17T21:40:02+00:00\",\"description\":\"D\u00c9COR RESTO: chaises empilables, bancs de bar, banquettes et tables. Que ce soit pour une entreprise, une \u00e9cole, un restaurant, salle de r\u00e9ception et h\u00f4tel, nous avons la chaise parfaite.\",\"breadcrumb\":{\"@id\":\"https:\\\/\\\/decor-resto.com\\\/produit\\\/8\\\/#breadcrumb\"},\"inLanguage\":\"en-CA\",\"potentialAction\":[{\"@type\":\"ReadAction\",\"target\":[\"https:\\\/\\\/decor-resto.com\\\/produit\\\/8\\\/\"]}]},{\"@type\":\"ImageObject\",\"inLanguage\":\"en-CA\",\"@id\":\"https:\\\/\\\/decor-resto.com\\\/produit\\\/8\\\/#primaryimage\",\"url\":\"https:\\\/\\\/decor-resto.com\\\/wp-content\\\/uploads\\\/2016\\\/03\\\/8C.jpg\",\"contentUrl\":\"https:\\\/\\\/decor-resto.com\\\/wp-content\\\/uploads\\\/2016\\\/03\\\/8C.jpg\",\"width\":605,\"height\":605},{\"@type\":\"BreadcrumbList\",\"@id\":\"https:\\\/\\\/decor-resto.com\\\/produit\\\/8\\\/#breadcrumb\",\"itemListElement\":[{\"@type\":\"ListItem\",\"position\":1,\"name\":\"Home\",\"item\":\"https:\\\/\\\/decor-resto.com\\\/accueil\\\/\"},{\"@type\":\"ListItem\",\"position\":2,\"name\":\"Shop\",\"item\":\"https:\\\/\\\/decor-resto.com\\\/boutique-2\\\/\"},{\"@type\":\"ListItem\",\"position\":3,\"name\":\"Mobilier en Bois\",\"item\":\"https:\\\/\\\/decor-resto.com\\\/categorie-produit\\\/mobilier-en-bois\\\/\"},{\"@type\":\"ListItem\",\"position\":4,\"name\":\"Ebenisterie Architecturale\",\"item\":\"https:\\\/\\\/decor-resto.com\\\/categorie-produit\\\/mobilier-en-bois\\\/ebenisterie-architecturale\\\/\"},{\"@type\":\"ListItem\",\"position\":5,\"name\":\"8\"}]},{\"@type\":\"WebSite\",\"@id\":\"https:\\\/\\\/decor-resto.com\\\/#website\",\"url\":\"https:\\\/\\\/decor-resto.com\\\/\",\"name\":\"D\u00e9cor-Resto\",\"description\":\"mobilier et chaise de restaurant\",\"publisher\":{\"@id\":\"https:\\\/\\\/decor-resto.com\\\/#organization\"},\"alternateName\":\"D\u00e9cor-Resto chaises et tables\",\"potentialAction\":[{\"@type\":\"SearchAction\",\"target\":{\"@type\":\"EntryPoint\",\"urlTemplate\":\"https:\\\/\\\/decor-resto.com\\\/?s={search_term_string}\"},\"query-input\":{\"@type\":\"PropertyValueSpecification\",\"valueRequired\":true,\"valueName\":\"search_term_string\"}}],\"inLanguage\":\"en-CA\"},{\"@type\":\"Organization\",\"@id\":\"https:\\\/\\\/decor-resto.com\\\/#organization\",\"name\":\"Decor Resto\",\"alternateName\":\"D\u00e9cor-Resto Chaises & Tables inc.\",\"url\":\"https:\\\/\\\/decor-resto.com\\\/\",\"logo\":{\"@type\":\"ImageObject\",\"inLanguage\":\"en-CA\",\"@id\":\"https:\\\/\\\/decor-resto.com\\\/#\\\/schema\\\/logo\\\/image\\\/\",\"url\":\"https:\\\/\\\/decor-resto.com\\\/wp-content\\\/uploads\\\/2018\\\/11\\\/decorResto.jpg\",\"contentUrl\":\"https:\\\/\\\/decor-resto.com\\\/wp-content\\\/uploads\\\/2018\\\/11\\\/decorResto.jpg\",\"width\":580,\"height\":580,\"caption\":\"Decor Resto\"},\"image\":{\"@id\":\"https:\\\/\\\/decor-resto.com\\\/#\\\/schema\\\/logo\\\/image\\\/\"},\"sameAs\":[\"https:\\\/\\\/www.facebook.com\\\/DecorResto\\\/\",\"https:\\\/\\\/x.com\\\/DECORRESTO\",\"https:\\\/\\\/www.youtube.com\\\/user\\\/decorresto\",\"https:\\\/\\\/www.linkedin.com\\\/in\\\/decor-resto-chairs-tables-inc-a23698a0\\\/?locale=fr_FR\"]}]}<\/script>\n<meta property=\"product:brand\" content=\"simple\" \/>\n<meta property=\"product:price:amount\" content=\"0.00\" \/>\n<meta property=\"product:price:currency\" content=\"CAD\" \/>\n<meta property=\"og:availability\" content=\"instock\" \/>\n<meta property=\"product:availability\" content=\"instock\" \/>\n<meta property=\"product:condition\" content=\"new\" \/>\n<!-- \/ Yoast SEO Premium plugin. -->","yoast_head_json":{"title":"8 - D\u00e9cor-Resto","description":"D\u00c9COR RESTO: chaises empilables, bancs de bar, banquettes et tables. Que ce soit pour une entreprise, une \u00e9cole, un restaurant, salle de r\u00e9ception et h\u00f4tel, nous avons la chaise parfaite.","robots":{"index":"index","follow":"follow","max-snippet":"max-snippet:-1","max-image-preview":"max-image-preview:large","max-video-preview":"max-video-preview:-1"},"canonical":"https:\/\/decor-resto.com\/en\/product-2\/8\/","og_locale":"en_US","og_type":"article","og_title":"8","og_url":"https:\/\/decor-resto.com\/en\/product-2\/8\/","og_site_name":"D\u00e9cor-Resto","article_publisher":"https:\/\/www.facebook.com\/DecorResto\/","article_modified_time":"2018-12-17T21:40:02+00:00","og_image":[{"width":605,"height":605,"url":"https:\/\/decor-resto.com\/wp-content\/uploads\/2016\/03\/8C.jpg","type":"image\/jpeg"}],"twitter_card":"summary_large_image","twitter_site":"@DECORRESTO","twitter_misc":{"Price":"&#36;0.00","Availability":"In stock"},"schema":{"@context":"https:\/\/schema.org","@graph":[{"@type":"WebPage","@id":"https:\/\/decor-resto.com\/produit\/8\/","url":"https:\/\/decor-resto.com\/produit\/8\/","name":"8 - D\u00e9cor-Resto","isPartOf":{"@id":"https:\/\/decor-resto.com\/#website"},"primaryImageOfPage":{"@id":"https:\/\/decor-resto.com\/produit\/8\/#primaryimage"},"image":{"@id":"https:\/\/decor-resto.com\/produit\/8\/#primaryimage"},"thumbnailUrl":"https:\/\/decor-resto.com\/wp-content\/uploads\/2016\/03\/8C.jpg","datePublished":"2016-03-26T05:54:19+00:00","dateModified":"2018-12-17T21:40:02+00:00","description":"D\u00c9COR RESTO: chaises empilables, bancs de bar, banquettes et tables. Que ce soit pour une entreprise, une \u00e9cole, un restaurant, salle de r\u00e9ception et h\u00f4tel, nous avons la chaise parfaite.","breadcrumb":{"@id":"https:\/\/decor-resto.com\/produit\/8\/#breadcrumb"},"inLanguage":"en-CA","potentialAction":[{"@type":"ReadAction","target":["https:\/\/decor-resto.com\/produit\/8\/"]}]},{"@type":"ImageObject","inLanguage":"en-CA","@id":"https:\/\/decor-resto.com\/produit\/8\/#primaryimage","url":"https:\/\/decor-resto.com\/wp-content\/uploads\/2016\/03\/8C.jpg","contentUrl":"https:\/\/decor-resto.com\/wp-content\/uploads\/2016\/03\/8C.jpg","width":605,"height":605},{"@type":"BreadcrumbList","@id":"https:\/\/decor-resto.com\/produit\/8\/#breadcrumb","itemListElement":[{"@type":"ListItem","position":1,"name":"Home","item":"https:\/\/decor-resto.com\/accueil\/"},{"@type":"ListItem","position":2,"name":"Shop","item":"https:\/\/decor-resto.com\/boutique-2\/"},{"@type":"ListItem","position":3,"name":"Mobilier en Bois","item":"https:\/\/decor-resto.com\/categorie-produit\/mobilier-en-bois\/"},{"@type":"ListItem","position":4,"name":"Ebenisterie Architecturale","item":"https:\/\/decor-resto.com\/categorie-produit\/mobilier-en-bois\/ebenisterie-architecturale\/"},{"@type":"ListItem","position":5,"name":"8"}]},{"@type":"WebSite","@id":"https:\/\/decor-resto.com\/#website","url":"https:\/\/decor-resto.com\/","name":"D\u00e9cor-Resto","description":"restaurant chairs and furniture","publisher":{"@id":"https:\/\/decor-resto.com\/#organization"},"alternateName":"D\u00e9cor-Resto chaises et tables","potentialAction":[{"@type":"SearchAction","target":{"@type":"EntryPoint","urlTemplate":"https:\/\/decor-resto.com\/?s={search_term_string}"},"query-input":{"@type":"PropertyValueSpecification","valueRequired":true,"valueName":"search_term_string"}}],"inLanguage":"en-CA"},{"@type":"Organization","@id":"https:\/\/decor-resto.com\/#organization","name":"Decor Resto","alternateName":"D\u00e9cor-Resto Chaises & Tables inc.","url":"https:\/\/decor-resto.com\/","logo":{"@type":"ImageObject","inLanguage":"en-CA","@id":"https:\/\/decor-resto.com\/#\/schema\/logo\/image\/","url":"https:\/\/decor-resto.com\/wp-content\/uploads\/2018\/11\/decorResto.jpg","contentUrl":"https:\/\/decor-resto.com\/wp-content\/uploads\/2018\/11\/decorResto.jpg","width":580,"height":580,"caption":"Decor Resto"},"image":{"@id":"https:\/\/decor-resto.com\/#\/schema\/logo\/image\/"},"sameAs":["https:\/\/www.facebook.com\/DecorResto\/","https:\/\/x.com\/DECORRESTO","https:\/\/www.youtube.com\/user\/decorresto","https:\/\/www.linkedin.com\/in\/decor-resto-chairs-tables-inc-a23698a0\/?locale=fr_FR"]}]},"product_brand":"simple","product_price_amount":"0.00","product_price_currency":"CAD","og_availability":"instock","product_availability":"instock","product_condition":"new"},"jetpack_sharing_enabled":true,"jetpack-related-posts":[],"_links":{"self":[{"href":"https:\/\/decor-resto.com\/en\/wp-json\/wp\/v2\/product\/1300","targetHints":{"allow":["GET"]}}],"collection":[{"href":"https:\/\/decor-resto.com\/en\/wp-json\/wp\/v2\/product"}],"about":[{"href":"https:\/\/decor-resto.com\/en\/wp-json\/wp\/v2\/types\/product"}],"replies":[{"embeddable":true,"href":"https:\/\/decor-resto.com\/en\/wp-json\/wp\/v2\/comments?post=1300"}],"wp:featuredmedia":[{"embeddable":true,"href":"https:\/\/decor-resto.com\/en\/wp-json\/wp\/v2\/media\/1304"}],"wp:attachment":[{"href":"https:\/\/decor-resto.com\/en\/wp-json\/wp\/v2\/media?parent=1300"}],"wp:term":[{"taxonomy":"product_brand","embeddable":true,"href":"https:\/\/decor-resto.com\/en\/wp-json\/wp\/v2\/product_brand?post=1300"},{"taxonomy":"product_cat","embeddable":true,"href":"https:\/\/decor-resto.com\/en\/wp-json\/wp\/v2\/product_cat?post=1300"},{"taxonomy":"product_tag","embeddable":true,"href":"https:\/\/decor-resto.com\/en\/wp-json\/wp\/v2\/product_tag?post=1300"}],"curies":[{"name":"wp","href":"https:\/\/api.w.org\/{rel}","templated":true}]}}