{"id":3304,"date":"2015-03-03T02:10:42","date_gmt":"2015-03-03T02:10:42","guid":{"rendered":"http:\/\/wp\/enfold-shop\/?page_id=76"},"modified":"2024-04-11T07:06:29","modified_gmt":"2024-04-11T12:06:29","slug":"contact","status":"publish","type":"page","link":"https:\/\/decor-resto.com\/en\/contact\/","title":{"rendered":"Contact"},"content":{"rendered":"<div  class='av_gmaps_sc_main_wrap av_gmaps_main_wrap'><div id='av_gmap_0' class='avia-google-map-container avia-google-map-sc av_gmaps_show_unconditionally av-no-fallback-img' data-mapid='av_gmap_0'  style='height: 400px;'><a class=\"av_gmaps_browser_disabled av_text_confirm_link av_text_confirm_link_visible\" href=\"https:\/\/www.google.com\/maps\/search\/?api=1&#038;query=4655-B%20Boulevard%20des%20Grandes%20Prairies%20H1R%201A5%20Saint-L\u00e9onard%20%20Canada\" target=\"_blank\">Maps were disabled by the visitor on this site. Click to open the map in a new window.<\/a><\/div><\/div>\n<div id='av-layout-grid-1'  class='av-layout-grid-container av-4g3beg-5e91cf7b5f84211e1b25d91c5cbcecf3 entry-content-wrapper main_color av-flex-cells  avia-builder-el-1  el_after_av_google_map  avia-builder-el-last  grid-row-not-first  container_wrap sidebar_right'  >\n\n<style type=\"text\/css\" data-created_by=\"avia_inline_auto\" id=\"style-css-av-166rkg8-30c687858d6608ccfcc913d15e03d57d\">\n.flex_cell.av-166rkg8-30c687858d6608ccfcc913d15e03d57d{\nvertical-align:top;\n}\n.responsive #top #wrap_all .flex_cell.av-166rkg8-30c687858d6608ccfcc913d15e03d57d{\npadding:30px 60px 30px 60px !important;\n}\n<\/style>\n<div class='flex_cell av-166rkg8-30c687858d6608ccfcc913d15e03d57d av-gridrow-cell av_two_third no_margin  avia-builder-el-2  el_before_av_cell_one_third  avia-builder-el-first'  ><div class='flex_cell_inner'><section  class='av_textblock_section av-l05yo6zi-44bcd7466166605aec051b32102fc86b'   itemscope=\"itemscope\" itemtype=\"https:\/\/schema.org\/CreativeWork\" ><div class='avia_textblock'  itemprop=\"text\" ><div id=\"logo-layout\">\n<div id=\"address-bar\">\n<div>Come to our showroom: 4655-B Boulevard des Grandes Prairies, Saint-L\u00e9onard, QC H1R 1A5, Canada<br \/>\nContact D\u00e9cor-Resto, we look forward to hearing from you.<\/div>\n<\/div>\n<div id=\"address-bar\"><\/div>\n<\/div>\n<\/div><\/section><br \/>\n<form action=\"https:\/\/decor-resto.com\/en\/contact\/\" method=\"post\" data-fields-with-error=\"Found errors in the following field(s):\" class=\"avia_ajax_form av-form-labels-visible   avia-builder-el-4  el_after_av_textblock  avia-builder-el-last\" data-avia-form-id=\"1\" data-avia-redirect='' data-trp-original-action=\"https:\/\/decor-resto.com\/en\/contact\/\" ><fieldset><p class='first_form  form_element form_element_third' id='element_avia_1_1'><label for=\"avia_1_1\">Name <abbr class=\"required\" title=\"required\">*<\/abbr><\/label> <input name=\"avia_1_1\" class=\"text_input is_empty\" type=\"text\" id=\"avia_1_1\" value=\"\" \/><\/p><p class='form_element form_element_third' id='element_avia_2_1'><label for=\"avia_2_1\">Email<\/label> <input name=\"avia_2_1\" class=\"text_input\" type=\"text\" id=\"avia_2_1\" value=\"\" \/><\/p><p class='form_element form_element_third' id='element_avia_3_1'><label for=\"avia_3_1\">Subject <abbr class=\"required\" title=\"required\">*<\/abbr><\/label><select  name=\"avia_3_1\" class=\"select is_empty\" id=\"avia_3_1\"><option   value='Questions sur les produits'>Product Questions<\/option><option   value='Paiement'>Payment<\/option><option   value='Livraison'>Delivery<\/option><option   value='Remboursement'>Refund<\/option><option   value='Mes commandes'>My orders<\/option><option   value='Mon compte'>My account<\/option><option   value='Coupons'>Coupons<\/option><option   value='Autres'>Other<\/option><\/select><\/p><p class='first_form  form_element form_fullwidth av-last-visible-form-element' id='element_avia_4_1'><label for=\"avia_4_1\" class=\"textare_label hidden textare_label_avia_4_1\">Message <abbr class=\"required\" title=\"required\">*<\/abbr><\/label><textarea  name=\"avia_4_1\" class=\"text_area is_empty\" cols=\"40\" rows=\"7\" id=\"avia_4_1\" ><\/textarea><\/p><p class=\"hidden\"><input type=\"text\" name=\"avia_5_1\" class=\"hidden\" id=\"avia_5_1\" value=\"\" \/><\/p><p class=\"form_element\"><input type=\"hidden\" value=\"1\" name=\"avia_generated_form1\" \/><input type=\"submit\" value=\"Send\" class=\"button\"  data-sending-label=\"Sending\"\/><\/p><\/fieldset><input type=\"hidden\" name=\"trp-form-language\" value=\"en\"\/><\/form><div id=\"ajaxresponse_1\" class=\"ajaxresponse ajaxresponse_1 hidden\"><\/div><\/p>\n<\/div><\/div>\n<style type=\"text\/css\" data-created_by=\"avia_inline_auto\" id=\"style-css-av-wt5afs-c96c471cde61d1e552d1c95f692f219a\">\n.flex_cell.av-wt5afs-c96c471cde61d1e552d1c95f692f219a{\nvertical-align:middle;\nbackground-color:#039f4e;\n}\n.responsive #top #wrap_all .flex_cell.av-wt5afs-c96c471cde61d1e552d1c95f692f219a{\npadding:30px 30px 30px 30px !important;\n}\n<\/style>\n<div class='flex_cell av-wt5afs-c96c471cde61d1e552d1c95f692f219a av-gridrow-cell av_one_third no_margin  avia-builder-el-5  el_after_av_cell_two_third  avia-builder-el-last'  ><div class='flex_cell_inner'>\n<style type=\"text\/css\" data-created_by=\"avia_inline_auto\" id=\"style-css-av-ues5fc-7cbc5723e45152ba0cecc0cad5ab6624\">\n#top .av_textblock_section.av-ues5fc-7cbc5723e45152ba0cecc0cad5ab6624 .avia_textblock{\ncolor:#ffffff;\n}\n<\/style>\n<section  class='av_textblock_section av-ues5fc-7cbc5723e45152ba0cecc0cad5ab6624'   itemscope=\"itemscope\" itemtype=\"https:\/\/schema.org\/CreativeWork\" ><div class='avia_textblock av_inherit_color'  itemprop=\"text\" ><h4 style=\"text-align: center;\">D\u00c9COR RESTO CHAISES &amp; TABLES INC<\/h4>\n<p style=\"text-align: center;\">Don't hesitate to call<\/p>\n<p style=\"text-align: center;\"><a href=\"mailto:info@decor-resto.com\">info@decor-resto.com<\/a><\/p>\n<h2 style=\"text-align: center;\"><a href=\"tel:1-514-969-4482\">1 (514) 969-4482<\/a><\/h2>\n<p style=\"text-align: center;\"><strong>Opening hours:<\/strong><br \/>\nMon-Fri: 8:00-17:00<br \/>\nSat-Sun: please call<\/p>\n<\/div><\/section>\n<\/div><\/div><\/div>","protected":false},"excerpt":{"rendered":"","protected":false},"author":15,"featured_media":0,"parent":0,"menu_order":0,"comment_status":"open","ping_status":"open","template":"","meta":{"footnotes":""},"class_list":["post-3304","page","type-page","status-publish","hentry"],"yoast_head":"<!-- This site is optimized with the Yoast SEO Premium plugin v27.2 (Yoast SEO v27.4) - https:\/\/yoast.com\/product\/yoast-seo-premium-wordpress\/ -->\n<title>Contact - D\u00e9cor-Resto<\/title>\n<meta name=\"description\" content=\"Trouvez le mobilier de restaurant parfait chez D\u00e9cor-Resto \u00e0 Saint-L\u00e9onard, QC. Contactez-nous d\u00e8s maintenant pour discuter de vos besoins.\" \/>\n<meta name=\"robots\" content=\"index, follow, max-snippet:-1, max-image-preview:large, max-video-preview:-1\" \/>\n<link rel=\"canonical\" href=\"https:\/\/decor-resto.com\/en\/contact\/\" \/>\n<meta property=\"og:locale\" content=\"en_US\" \/>\n<meta property=\"og:type\" content=\"article\" \/>\n<meta property=\"og:title\" content=\"Contact\" \/>\n<meta property=\"og:description\" content=\"Trouvez le mobilier de restaurant parfait chez D\u00e9cor-Resto \u00e0 Saint-L\u00e9onard, QC. Contactez-nous d\u00e8s maintenant pour discuter de vos besoins.\" \/>\n<meta property=\"og:url\" content=\"https:\/\/decor-resto.com\/en\/contact\/\" \/>\n<meta property=\"og:site_name\" content=\"D\u00e9cor-Resto\" \/>\n<meta property=\"article:publisher\" content=\"https:\/\/www.facebook.com\/DecorResto\/\" \/>\n<meta property=\"article:modified_time\" content=\"2024-04-11T12:06:29+00:00\" \/>\n<meta property=\"og:image\" content=\"https:\/\/decor-resto.com\/wp-content\/uploads\/2022\/02\/sq-chairs-dark-1030x1030.jpeg\" \/>\n\t<meta property=\"og:image:width\" content=\"1030\" \/>\n\t<meta property=\"og:image:height\" content=\"1030\" \/>\n\t<meta property=\"og:image:type\" content=\"image\/jpeg\" \/>\n<meta name=\"twitter:card\" content=\"summary_large_image\" \/>\n<meta name=\"twitter:site\" content=\"@DECORRESTO\" \/>\n<meta name=\"twitter:label1\" content=\"Est. reading time\" \/>\n\t<meta name=\"twitter:data1\" content=\"1 minute\" \/>\n<script type=\"application\/ld+json\" class=\"yoast-schema-graph\">{\"@context\":\"https:\\\/\\\/schema.org\",\"@graph\":[{\"@type\":\"WebPage\",\"@id\":\"https:\\\/\\\/decor-resto.com\\\/contact\\\/\",\"url\":\"https:\\\/\\\/decor-resto.com\\\/contact\\\/\",\"name\":\"Contact - D\u00e9cor-Resto\",\"isPartOf\":{\"@id\":\"https:\\\/\\\/decor-resto.com\\\/#website\"},\"datePublished\":\"2015-03-03T02:10:42+00:00\",\"dateModified\":\"2024-04-11T12:06:29+00:00\",\"description\":\"Trouvez le mobilier de restaurant parfait chez D\u00e9cor-Resto \u00e0 Saint-L\u00e9onard, QC. Contactez-nous d\u00e8s maintenant pour discuter de vos besoins.\",\"breadcrumb\":{\"@id\":\"https:\\\/\\\/decor-resto.com\\\/contact\\\/#breadcrumb\"},\"inLanguage\":\"en-CA\",\"potentialAction\":[{\"@type\":\"ReadAction\",\"target\":[\"https:\\\/\\\/decor-resto.com\\\/contact\\\/\"]}]},{\"@type\":\"BreadcrumbList\",\"@id\":\"https:\\\/\\\/decor-resto.com\\\/contact\\\/#breadcrumb\",\"itemListElement\":[{\"@type\":\"ListItem\",\"position\":1,\"name\":\"Home\",\"item\":\"https:\\\/\\\/decor-resto.com\\\/accueil\\\/\"},{\"@type\":\"ListItem\",\"position\":2,\"name\":\"Contact\"}]},{\"@type\":\"WebSite\",\"@id\":\"https:\\\/\\\/decor-resto.com\\\/#website\",\"url\":\"https:\\\/\\\/decor-resto.com\\\/\",\"name\":\"D\u00e9cor-Resto\",\"description\":\"mobilier et chaise de restaurant\",\"publisher\":{\"@id\":\"https:\\\/\\\/decor-resto.com\\\/#organization\"},\"alternateName\":\"D\u00e9cor-Resto chaises et tables\",\"potentialAction\":[{\"@type\":\"SearchAction\",\"target\":{\"@type\":\"EntryPoint\",\"urlTemplate\":\"https:\\\/\\\/decor-resto.com\\\/?s={search_term_string}\"},\"query-input\":{\"@type\":\"PropertyValueSpecification\",\"valueRequired\":true,\"valueName\":\"search_term_string\"}}],\"inLanguage\":\"en-CA\"},{\"@type\":\"Organization\",\"@id\":\"https:\\\/\\\/decor-resto.com\\\/#organization\",\"name\":\"Decor Resto\",\"alternateName\":\"D\u00e9cor-Resto Chaises & Tables inc.\",\"url\":\"https:\\\/\\\/decor-resto.com\\\/\",\"logo\":{\"@type\":\"ImageObject\",\"inLanguage\":\"en-CA\",\"@id\":\"https:\\\/\\\/decor-resto.com\\\/#\\\/schema\\\/logo\\\/image\\\/\",\"url\":\"https:\\\/\\\/decor-resto.com\\\/wp-content\\\/uploads\\\/2018\\\/11\\\/decorResto.jpg\",\"contentUrl\":\"https:\\\/\\\/decor-resto.com\\\/wp-content\\\/uploads\\\/2018\\\/11\\\/decorResto.jpg\",\"width\":580,\"height\":580,\"caption\":\"Decor Resto\"},\"image\":{\"@id\":\"https:\\\/\\\/decor-resto.com\\\/#\\\/schema\\\/logo\\\/image\\\/\"},\"sameAs\":[\"https:\\\/\\\/www.facebook.com\\\/DecorResto\\\/\",\"https:\\\/\\\/x.com\\\/DECORRESTO\",\"https:\\\/\\\/www.youtube.com\\\/user\\\/decorresto\",\"https:\\\/\\\/www.linkedin.com\\\/in\\\/decor-resto-chairs-tables-inc-a23698a0\\\/?locale=fr_FR\"]}]}<\/script>\n<!-- \/ Yoast SEO Premium plugin. -->","yoast_head_json":{"title":"Contact - D\u00e9cor-Resto","description":"Trouvez le mobilier de restaurant parfait chez D\u00e9cor-Resto \u00e0 Saint-L\u00e9onard, QC. Contactez-nous d\u00e8s maintenant pour discuter de vos besoins.","robots":{"index":"index","follow":"follow","max-snippet":"max-snippet:-1","max-image-preview":"max-image-preview:large","max-video-preview":"max-video-preview:-1"},"canonical":"https:\/\/decor-resto.com\/en\/contact\/","og_locale":"en_US","og_type":"article","og_title":"Contact","og_description":"Trouvez le mobilier de restaurant parfait chez D\u00e9cor-Resto \u00e0 Saint-L\u00e9onard, QC. Contactez-nous d\u00e8s maintenant pour discuter de vos besoins.","og_url":"https:\/\/decor-resto.com\/en\/contact\/","og_site_name":"D\u00e9cor-Resto","article_publisher":"https:\/\/www.facebook.com\/DecorResto\/","article_modified_time":"2024-04-11T12:06:29+00:00","og_image":[{"width":1030,"height":1030,"url":"https:\/\/decor-resto.com\/wp-content\/uploads\/2022\/02\/sq-chairs-dark-1030x1030.jpeg","type":"image\/jpeg"}],"twitter_card":"summary_large_image","twitter_site":"@DECORRESTO","twitter_misc":{"Est. reading time":"1 minute"},"schema":{"@context":"https:\/\/schema.org","@graph":[{"@type":"WebPage","@id":"https:\/\/decor-resto.com\/contact\/","url":"https:\/\/decor-resto.com\/contact\/","name":"Contact - D\u00e9cor-Resto","isPartOf":{"@id":"https:\/\/decor-resto.com\/#website"},"datePublished":"2015-03-03T02:10:42+00:00","dateModified":"2024-04-11T12:06:29+00:00","description":"Trouvez le mobilier de restaurant parfait chez D\u00e9cor-Resto \u00e0 Saint-L\u00e9onard, QC. Contactez-nous d\u00e8s maintenant pour discuter de vos besoins.","breadcrumb":{"@id":"https:\/\/decor-resto.com\/contact\/#breadcrumb"},"inLanguage":"en-CA","potentialAction":[{"@type":"ReadAction","target":["https:\/\/decor-resto.com\/contact\/"]}]},{"@type":"BreadcrumbList","@id":"https:\/\/decor-resto.com\/contact\/#breadcrumb","itemListElement":[{"@type":"ListItem","position":1,"name":"Home","item":"https:\/\/decor-resto.com\/accueil\/"},{"@type":"ListItem","position":2,"name":"Contact"}]},{"@type":"WebSite","@id":"https:\/\/decor-resto.com\/#website","url":"https:\/\/decor-resto.com\/","name":"D\u00e9cor-Resto","description":"restaurant chairs and furniture","publisher":{"@id":"https:\/\/decor-resto.com\/#organization"},"alternateName":"D\u00e9cor-Resto chaises et tables","potentialAction":[{"@type":"SearchAction","target":{"@type":"EntryPoint","urlTemplate":"https:\/\/decor-resto.com\/?s={search_term_string}"},"query-input":{"@type":"PropertyValueSpecification","valueRequired":true,"valueName":"search_term_string"}}],"inLanguage":"en-CA"},{"@type":"Organization","@id":"https:\/\/decor-resto.com\/#organization","name":"Decor Resto","alternateName":"D\u00e9cor-Resto Chaises & Tables inc.","url":"https:\/\/decor-resto.com\/","logo":{"@type":"ImageObject","inLanguage":"en-CA","@id":"https:\/\/decor-resto.com\/#\/schema\/logo\/image\/","url":"https:\/\/decor-resto.com\/wp-content\/uploads\/2018\/11\/decorResto.jpg","contentUrl":"https:\/\/decor-resto.com\/wp-content\/uploads\/2018\/11\/decorResto.jpg","width":580,"height":580,"caption":"Decor Resto"},"image":{"@id":"https:\/\/decor-resto.com\/#\/schema\/logo\/image\/"},"sameAs":["https:\/\/www.facebook.com\/DecorResto\/","https:\/\/x.com\/DECORRESTO","https:\/\/www.youtube.com\/user\/decorresto","https:\/\/www.linkedin.com\/in\/decor-resto-chairs-tables-inc-a23698a0\/?locale=fr_FR"]}]}},"jetpack_sharing_enabled":true,"jetpack-related-posts":[{"id":1789,"url":"https:\/\/decor-resto.com\/en\/mobilier-dexterieur\/","url_meta":{"origin":3304,"position":0},"title":"Outdoor Furniture","author":"","date":"13 April 2016","format":false,"excerpt":"The post showcases a horizontal gallery and a tabbed product grid section with four categories: Chaise de Terrasse, Bases de Table pour Terrasse, Dessus de Table, and Mobilier sur Commande. Each tab displays a product grid with 24 items in columns, available for pagination, without lazy loading.","rel":"","context":"Similar post","block_context":{"text":"Similar post","link":""},"img":{"alt_text":"","src":"https:\/\/i0.wp.com\/decor-resto.com\/wp-content\/uploads\/2021\/12\/terrace-cafe-paris-scaled.jpeg?resize=350%2C200&ssl=1","width":350,"height":200,"srcset":"https:\/\/i0.wp.com\/decor-resto.com\/wp-content\/uploads\/2021\/12\/terrace-cafe-paris-scaled.jpeg?resize=350%2C200&ssl=1 1x, https:\/\/i0.wp.com\/decor-resto.com\/wp-content\/uploads\/2021\/12\/terrace-cafe-paris-scaled.jpeg?resize=525%2C300&ssl=1 1.5x, https:\/\/i0.wp.com\/decor-resto.com\/wp-content\/uploads\/2021\/12\/terrace-cafe-paris-scaled.jpeg?resize=700%2C400&ssl=1 2x, https:\/\/i0.wp.com\/decor-resto.com\/wp-content\/uploads\/2021\/12\/terrace-cafe-paris-scaled.jpeg?resize=1050%2C600&ssl=1 3x, https:\/\/i0.wp.com\/decor-resto.com\/wp-content\/uploads\/2021\/12\/terrace-cafe-paris-scaled.jpeg?resize=1400%2C800&ssl=1 4x"},"classes":[]},{"id":886,"url":"https:\/\/decor-resto.com\/en\/mobilier-en-bois\/","url_meta":{"origin":3304,"position":1},"title":"Wood Furniture","author":"","date":"7 March 2016","format":false,"excerpt":"Nous nous sp\u00e9cialisons dans le mobilier de bois, m\u00e9tal et de verre, avec des touches d\u2019aluminium et d\u2019acier, pour meubler tous les besoins de votre restaurant. Nous nous distinguons par l\u2019utilisation du noyer massif, par l\u2019innovation strat\u00e9gique dans tous nos proc\u00e9d\u00e9s, par notre \u00e9troite collaboration avec tous nos d\u00e9taillants et\u2026","rel":"","context":"Similar post","block_context":{"text":"Similar post","link":""},"img":{"alt_text":"","src":"https:\/\/i0.wp.com\/decor-resto.com\/wp-content\/uploads\/2022\/02\/sq-exterior-chairs.jpg?resize=350%2C200&ssl=1","width":350,"height":200,"srcset":"https:\/\/i0.wp.com\/decor-resto.com\/wp-content\/uploads\/2022\/02\/sq-exterior-chairs.jpg?resize=350%2C200&ssl=1 1x, https:\/\/i0.wp.com\/decor-resto.com\/wp-content\/uploads\/2022\/02\/sq-exterior-chairs.jpg?resize=525%2C300&ssl=1 1.5x, https:\/\/i0.wp.com\/decor-resto.com\/wp-content\/uploads\/2022\/02\/sq-exterior-chairs.jpg?resize=700%2C400&ssl=1 2x, https:\/\/i0.wp.com\/decor-resto.com\/wp-content\/uploads\/2022\/02\/sq-exterior-chairs.jpg?resize=1050%2C600&ssl=1 3x, https:\/\/i0.wp.com\/decor-resto.com\/wp-content\/uploads\/2022\/02\/sq-exterior-chairs.jpg?resize=1400%2C800&ssl=1 4x"},"classes":[]},{"id":889,"url":"https:\/\/decor-resto.com\/en\/mobilier-de-banquet\/","url_meta":{"origin":3304,"position":2},"title":"Banquet Furniture","author":"","date":"7 March 2016","format":false,"excerpt":"This content is code for a web page with a menu featuring two items, a horizontal gallery with four images, and a tab section with three categories - Banquet Chairs, Chair Trolleys, and Banquet Tables. Each category is presented in a grid, presumably with product options or images.","rel":"","context":"Similar post","block_context":{"text":"Similar post","link":""},"img":{"alt_text":"banquet furniture","src":"https:\/\/i0.wp.com\/decor-resto.com\/wp-content\/uploads\/2021\/11\/pxfuel.com-7-scaled.jpg?resize=350%2C200&ssl=1","width":350,"height":200,"srcset":"https:\/\/i0.wp.com\/decor-resto.com\/wp-content\/uploads\/2021\/11\/pxfuel.com-7-scaled.jpg?resize=350%2C200&ssl=1 1x, https:\/\/i0.wp.com\/decor-resto.com\/wp-content\/uploads\/2021\/11\/pxfuel.com-7-scaled.jpg?resize=525%2C300&ssl=1 1.5x, https:\/\/i0.wp.com\/decor-resto.com\/wp-content\/uploads\/2021\/11\/pxfuel.com-7-scaled.jpg?resize=700%2C400&ssl=1 2x, https:\/\/i0.wp.com\/decor-resto.com\/wp-content\/uploads\/2021\/11\/pxfuel.com-7-scaled.jpg?resize=1050%2C600&ssl=1 3x, https:\/\/i0.wp.com\/decor-resto.com\/wp-content\/uploads\/2021\/11\/pxfuel.com-7-scaled.jpg?resize=1400%2C800&ssl=1 4x"},"classes":[]},{"id":3307,"url":"https:\/\/decor-resto.com\/en\/","url_meta":{"origin":3304,"position":3},"title":"Home","author":"Andrei Badulescu","date":"2 March 2015","format":false,"excerpt":"Appelez-nous au 514-969-4482 pour une d\u00e9coration unique pour la maison et le restaurant, des chaises, des tabourets et des banquettes ainsi que du rembourrage doux et robuste.","rel":"","context":"Similar post","block_context":{"text":"Similar post","link":""},"img":{"alt_text":"","src":"","width":0,"height":0},"classes":[]},{"id":375,"url":"https:\/\/decor-resto.com\/en\/mobilier-en-metal\/","url_meta":{"origin":3304,"position":4},"title":"Metal Furniture","author":"","date":"29 February 2016","format":false,"excerpt":"Moderne, durable et \u00e9l\u00e9gant, il sublimera votre espace ext\u00e9rieur. Le mobilier en m\u00e9tal s\u2019adapte \u00e0 tous les styles et offre une robustesse \u00e0 toute \u00e9preuve. Pour une assistance personnalis\u00e9e, appelez-nous au 1 (514) 969-4482","rel":"","context":"Similar post","block_context":{"text":"Similar post","link":""},"img":{"alt_text":"","src":"https:\/\/i0.wp.com\/decor-resto.com\/wp-content\/uploads\/2022\/02\/sq-metal-chairs.jpg?resize=350%2C200&ssl=1","width":350,"height":200,"srcset":"https:\/\/i0.wp.com\/decor-resto.com\/wp-content\/uploads\/2022\/02\/sq-metal-chairs.jpg?resize=350%2C200&ssl=1 1x, https:\/\/i0.wp.com\/decor-resto.com\/wp-content\/uploads\/2022\/02\/sq-metal-chairs.jpg?resize=525%2C300&ssl=1 1.5x, https:\/\/i0.wp.com\/decor-resto.com\/wp-content\/uploads\/2022\/02\/sq-metal-chairs.jpg?resize=700%2C400&ssl=1 2x, https:\/\/i0.wp.com\/decor-resto.com\/wp-content\/uploads\/2022\/02\/sq-metal-chairs.jpg?resize=1050%2C600&ssl=1 3x"},"classes":[]},{"id":124,"url":"https:\/\/decor-resto.com\/en\/mon-compte\/","url_meta":{"origin":3304,"position":5},"title":"My Account","author":"","date":"23 February 2016","format":false,"excerpt":"","rel":"","context":"Similar post","block_context":{"text":"Similar post","link":""},"img":{"alt_text":"","src":"","width":0,"height":0},"classes":[]}],"_links":{"self":[{"href":"https:\/\/decor-resto.com\/en\/wp-json\/wp\/v2\/pages\/3304","targetHints":{"allow":["GET"]}}],"collection":[{"href":"https:\/\/decor-resto.com\/en\/wp-json\/wp\/v2\/pages"}],"about":[{"href":"https:\/\/decor-resto.com\/en\/wp-json\/wp\/v2\/types\/page"}],"author":[{"embeddable":true,"href":"https:\/\/decor-resto.com\/en\/wp-json\/wp\/v2\/users\/15"}],"replies":[{"embeddable":true,"href":"https:\/\/decor-resto.com\/en\/wp-json\/wp\/v2\/comments?post=3304"}],"version-history":[{"count":17,"href":"https:\/\/decor-resto.com\/en\/wp-json\/wp\/v2\/pages\/3304\/revisions"}],"predecessor-version":[{"id":4145,"href":"https:\/\/decor-resto.com\/en\/wp-json\/wp\/v2\/pages\/3304\/revisions\/4145"}],"wp:attachment":[{"href":"https:\/\/decor-resto.com\/en\/wp-json\/wp\/v2\/media?parent=3304"}],"curies":[{"name":"wp","href":"https:\/\/api.w.org\/{rel}","templated":true}]}}