{"id":2971,"date":"2013-04-05T17:31:26","date_gmt":"2013-04-05T17:31:26","guid":{"rendered":"http:\/\/www.kriesi.at\/themes\/enfold\/?page_id=1224"},"modified":"2013-04-05T17:31:26","modified_gmt":"2013-04-05T17:31:26","slug":"help","status":"publish","type":"page","link":"https:\/\/decor-resto.com\/en\/help\/","title":{"rendered":"Help"},"content":{"rendered":"<div id='av_section_1'  class='avia-section av-av_section-fcdeda4af8579770bd9d3b4511553702 alternate_color avia-section-default avia-no-shadow  avia-builder-el-0  el_before_av_one_half  avia-builder-el-first  avia-bg-style-scroll container_wrap sidebar_right'  ><div class='container av-section-cont-open' ><main  role=\"main\" itemprop=\"mainContentOfPage\"  class='template-page content  av-content-small alpha units'><div class='post-entry post-entry-type-page post-entry-2971'><div class='entry-content-wrapper clearfix'>\n<section  class='av_textblock_section av-av_textblock-9b81808d6a3b07f929ed4f7217befc7a'   itemscope=\"itemscope\" itemtype=\"https:\/\/schema.org\/CreativeWork\" ><div class='avia_textblock'  itemprop=\"text\" ><h2 style=\"text-align: center;\">In case you need help<\/h2>\n<p style=\"text-align: center;\">Here are several ways to contact us<\/p>\n<\/div><\/section>\n<div  class='hr av-av_hr-c69e1af1bad63c3964cc522caf796498 hr-short  avia-builder-el-2  el_after_av_textblock  el_before_av_one_third  hr-center'><span class='hr-inner'><span class=\"hr-inner-style\"><\/span><\/span><\/div>\n<div  class='flex_column av-av_one_third-2a9015ff38129c418a3f2eafba3e9512 av_one_third  avia-builder-el-3  el_after_av_hr  el_before_av_one_third  first flex_column_div'     ><article  class='iconbox iconbox_top av-av_icon_box-c1e565c7f42512bcf844542919cca88d  avia-builder-el-4  avia-builder-el-no-sibling  main_color'  itemscope=\"itemscope\" itemtype=\"https:\/\/schema.org\/CreativeWork\" ><div class=\"iconbox_content\"><header class=\"entry-content-header\" aria-label=\"Icon: Need Support?\"><div class=\"iconbox_icon heading-color\" aria-hidden='true' data-av_icon='' data-av_iconfont='entypo-fontello'><\/div><h3 class='iconbox_content_title'  itemprop=\"headline\" >Need Support?<\/h3><\/header><div class='iconbox_content_container'  itemprop=\"text\" ><p>Donec quam felis, ultricies nec, pellentesque eu, pretium quis, sem. Nulla consequat massa quis enim.<\/p>\n<\/div><\/div><footer class=\"entry-footer\"><\/footer><\/article><\/div><div  class='flex_column av-av_one_third-8773f7524f7514ee44503810c6c9ff3a av_one_third  avia-builder-el-5  el_after_av_one_third  el_before_av_one_third  flex_column_div'     ><article  class='iconbox iconbox_top av-av_icon_box-a48e11b92684562944082234e0fd4ca3  avia-builder-el-6  avia-builder-el-no-sibling  main_color'  itemscope=\"itemscope\" itemtype=\"https:\/\/schema.org\/CreativeWork\" ><div class=\"iconbox_content\"><header class=\"entry-content-header\" aria-label=\"Icon: Presales Question?\"><div class=\"iconbox_icon heading-color\" aria-hidden='true' data-av_icon='' data-av_iconfont='entypo-fontello'><\/div><h3 class='iconbox_content_title'  itemprop=\"headline\" >Presales Question?<\/h3><\/header><div class='iconbox_content_container'  itemprop=\"text\" ><p>Lorem ipsum dolor sit amet, consectetuer adipiscing elit. Aenean commodo ligula eget dolor. Aenean massa.<\/p>\n<\/div><\/div><footer class=\"entry-footer\"><\/footer><\/article><\/div><div  class='flex_column av-av_one_third-8773f7524f7514ee44503810c6c9ff3a av_one_third  avia-builder-el-7  el_after_av_one_third  avia-builder-el-last  flex_column_div'     ><article  class='iconbox iconbox_top av-av_icon_box-aecc92d2db1251ee6c176c0cb2d8a0a0  avia-builder-el-8  avia-builder-el-no-sibling  main_color'  itemscope=\"itemscope\" itemtype=\"https:\/\/schema.org\/CreativeWork\" ><div class=\"iconbox_content\"><header class=\"entry-content-header\" aria-label=\"Icon: Check Forum\"><div class=\"iconbox_icon heading-color\" aria-hidden='true' data-av_icon='' data-av_iconfont='entypo-fontello'><\/div><h3 class='iconbox_content_title'  itemprop=\"headline\" >Check Forum<\/h3><\/header><div class='iconbox_content_container'  itemprop=\"text\" ><p>Donec pede justo, fringilla vel, aliquet nec, vulputate eget, arcu. In enim justo, rhoncus ut, imperdiet a, venenatis vitae, justo.<\/p>\n<\/div><\/div><footer class=\"entry-footer\"><\/footer><\/article><\/div>\n<\/div><\/div><\/main><!-- close content main element --><\/div><\/div><div id='after_section_1'  class='main_color av_default_container_wrap container_wrap sidebar_right'  ><div class='container av-section-cont-open' ><div class='template-page content  av-content-small alpha units'><div class='post-entry post-entry-type-page post-entry-2971'><div class='entry-content-wrapper clearfix'>\n<div  class='flex_column av-av_one_half-2a9015ff38129c418a3f2eafba3e9512 av_one_half  avia-builder-el-9  el_after_av_section  el_before_av_one_half  avia-builder-el-first  first flex_column_div'     ><p>\n<style type=\"text\/css\" data-created_by=\"avia_inline_auto\" id=\"style-css-av-av_heading-9473f977b0d02225d3b8a8648c5c6473\">\n#top .av-special-heading.av-av_heading-9473f977b0d02225d3b8a8648c5c6473{\npadding-bottom:10px;\n}\nbody .av-special-heading.av-av_heading-9473f977b0d02225d3b8a8648c5c6473 .av-special-heading-tag .heading-char{\nfont-size:25px;\n}\n.av-special-heading.av-av_heading-9473f977b0d02225d3b8a8648c5c6473 .av-subheading{\nfont-size:15px;\n}\n<\/style>\n<div  class='av-special-heading av-av_heading-9473f977b0d02225d3b8a8648c5c6473 av-special-heading-h3 meta-heading  avia-builder-el-10  el_before_av_textblock  avia-builder-el-first'><h3 class='av-special-heading-tag'  itemprop=\"headline\"  >FAQ<\/h3><div class=\"special-heading-border\"><div class=\"special-heading-inner-border\"><\/div><\/div><\/div><br \/>\n<section  class='av_textblock_section av-av_textblock-9b81808d6a3b07f929ed4f7217befc7a'   itemscope=\"itemscope\" itemtype=\"https:\/\/schema.org\/CreativeWork\" ><div class='avia_textblock'  itemprop=\"text\" ><p>Aenean commodo ligula eget dolor. Aenean massa. Cum sociis natoque penatibus et magnis dis parturient montes, nascetur ridiculus mus. Donec quam felis, ultricies nec, pellentesque eu, pretium quis, sem.<\/p>\n<h4>Nulla consequat massa quis enim?<\/h4>\n<p><span class='av_dropcap1 av-av_dropcap1-3cd9da5fea0ef5fb27aee617571c39a3'>D<\/span>onec pede justo, fringilla vel, aliquet nec, vulputate eget, arcu. In enim justo, rhoncus ut, imperdiet a, venenatis vitae, justo. Nullam dictum felis eu pede mollis pretium. Integer tincidunt. Cras dapibus.<\/p>\n<h4>Vivamus elementum semper nisi?<\/h4>\n<p><span class='av_dropcap1 av-av_dropcap1-3cd9da5fea0ef5fb27aee617571c39a3'>A<\/span>enean leo ligula, porttitor eu, consequat vitae, eleifend ac, enim. Aliquam lorem ante, dapibus in, viverra quis, feugiat a, tellus. Phasellus viverra nulla ut metus varius lallus. Phasellus viverra nulla ut metus varius laoreet. Quisque rutrum.<\/p>\n<h4>Aenean imperdiet?<\/h4>\n<p><span class='av_dropcap1 av-av_dropcap1-3cd9da5fea0ef5fb27aee617571c39a3'>E<\/span>tiam ultricies nisi vel augue. Curabitur ullamcorper ultricies nisi. Nam eget dui. Etiam rhoncus. Maecenas tempus, tellus eget condimentum rhoncus, sem quam semper libero, sit amet adipiscing sem neque sed ipsum.<\/p>\n<\/div><\/section><\/p><\/div><div  class='flex_column av-av_one_half-8773f7524f7514ee44503810c6c9ff3a av_one_half  avia-builder-el-12  el_after_av_one_half  avia-builder-el-last  flex_column_div'     ><p>\n<style type=\"text\/css\" data-created_by=\"avia_inline_auto\" id=\"style-css-av-av_heading-6eaedc88a6d6040c47423a3d43a24479\">\n#top .av-special-heading.av-av_heading-6eaedc88a6d6040c47423a3d43a24479{\npadding-bottom:10px;\n}\nbody .av-special-heading.av-av_heading-6eaedc88a6d6040c47423a3d43a24479 .av-special-heading-tag .heading-char{\nfont-size:25px;\n}\n.av-special-heading.av-av_heading-6eaedc88a6d6040c47423a3d43a24479 .av-subheading{\nfont-size:15px;\n}\n<\/style>\n<div  class='av-special-heading av-av_heading-6eaedc88a6d6040c47423a3d43a24479 av-special-heading-h3 meta-heading  avia-builder-el-13  el_before_av_textblock  avia-builder-el-first'><h3 class='av-special-heading-tag'  itemprop=\"headline\"  >Check the Knowledebase<\/h3><div class=\"special-heading-border\"><div class=\"special-heading-inner-border\"><\/div><\/div><\/div><br \/>\n<section  class='av_textblock_section av-av_textblock-9b81808d6a3b07f929ed4f7217befc7a'   itemscope=\"itemscope\" itemtype=\"https:\/\/schema.org\/CreativeWork\" ><div class='avia_textblock'  itemprop=\"text\" ><p>Aenean leo ligula, porttitor eu, consequat vitae, eleifend ac, enim. Aliquam lorem ante, dapibus in, viverra quis, feugiat a, tellus. Phasellus viverra nulla ut metus varius laoreet. Quisque rutrum.<\/p>\n<h4>Aenean imperdiet?<\/h4>\n<p>Aenean commodo ligula eget dolor. Aenean <strong>massa<\/strong>. Cum sociis natoque penatibus et magnis dis parturient montes, nascetur ridiculus mus. Donec quam felis, ultricies nec, pellentesque eu, pretium quis, sem.<\/p>\n<h4>Nulla consequat massa quis enim?<\/h4>\n<p>Donec pede justo, fringilla vel, aliquet nec, vulputate eget, arcu. In enim justo, rhoncus ut, imperdiet a, venenatis vitae, justo. Nullam dictum felis eu pede mollis pretium. Integer tincidunt. Cras dapibus.<\/p>\n<blockquote>\n<p>Etiam ultricies nisi vel augue. Curabitur ullamcorper ultricies nisi. Nam eget dui. Etiam rhoncus.<\/p>\n<\/blockquote>\n<p>Aenean commodo ligula eget dolor. Aenean\u00a0<strong>massa<\/strong>. Cum sociis natoque penatibus et magnis dis parturient montes, nascetur ridiculus mus. Donec quam felis, ultricies nec, pellentesque eu, pretium quis, sem.<\/p>\n<h4><\/h4>\n<\/div><\/section><\/p><\/div><\/p>","protected":false},"excerpt":{"rendered":"","protected":false},"author":15,"featured_media":0,"parent":0,"menu_order":0,"comment_status":"open","ping_status":"open","template":"","meta":{"footnotes":""},"class_list":["post-2971","page","type-page","status-publish","hentry"],"yoast_head":"<!-- This site is optimized with the Yoast SEO Premium plugin v27.2 (Yoast SEO v27.4) - https:\/\/yoast.com\/product\/yoast-seo-premium-wordpress\/ -->\n<title>Help - D\u00e9cor-Resto<\/title>\n<meta name=\"robots\" content=\"index, follow, max-snippet:-1, max-image-preview:large, max-video-preview:-1\" \/>\n<link rel=\"canonical\" href=\"https:\/\/decor-resto.com\/en\/help\/\" \/>\n<meta property=\"og:locale\" content=\"en_US\" \/>\n<meta property=\"og:type\" content=\"article\" \/>\n<meta property=\"og:title\" content=\"Help\" \/>\n<meta property=\"og:url\" content=\"https:\/\/decor-resto.com\/en\/help\/\" \/>\n<meta property=\"og:site_name\" content=\"D\u00e9cor-Resto\" \/>\n<meta property=\"article:publisher\" content=\"https:\/\/www.facebook.com\/DecorResto\/\" \/>\n<meta property=\"og:image\" content=\"https:\/\/decor-resto.com\/wp-content\/uploads\/2022\/02\/sq-chairs-dark-1030x1030.jpeg\" \/>\n\t<meta property=\"og:image:width\" content=\"1030\" \/>\n\t<meta property=\"og:image:height\" content=\"1030\" \/>\n\t<meta property=\"og:image:type\" content=\"image\/jpeg\" \/>\n<meta name=\"twitter:card\" content=\"summary_large_image\" \/>\n<meta name=\"twitter:site\" content=\"@DECORRESTO\" \/>\n<meta name=\"twitter:label1\" content=\"Est. reading time\" \/>\n\t<meta name=\"twitter:data1\" content=\"3 minutes\" \/>\n<script type=\"application\/ld+json\" class=\"yoast-schema-graph\">{\"@context\":\"https:\\\/\\\/schema.org\",\"@graph\":[{\"@type\":\"WebPage\",\"@id\":\"https:\\\/\\\/decor-resto.com\\\/help\\\/\",\"url\":\"https:\\\/\\\/decor-resto.com\\\/help\\\/\",\"name\":\"Help - D\u00e9cor-Resto\",\"isPartOf\":{\"@id\":\"https:\\\/\\\/decor-resto.com\\\/#website\"},\"datePublished\":\"2013-04-05T17:31:26+00:00\",\"breadcrumb\":{\"@id\":\"https:\\\/\\\/decor-resto.com\\\/help\\\/#breadcrumb\"},\"inLanguage\":\"en-CA\",\"potentialAction\":[{\"@type\":\"ReadAction\",\"target\":[\"https:\\\/\\\/decor-resto.com\\\/help\\\/\"]}]},{\"@type\":\"BreadcrumbList\",\"@id\":\"https:\\\/\\\/decor-resto.com\\\/help\\\/#breadcrumb\",\"itemListElement\":[{\"@type\":\"ListItem\",\"position\":1,\"name\":\"Home\",\"item\":\"https:\\\/\\\/decor-resto.com\\\/accueil\\\/\"},{\"@type\":\"ListItem\",\"position\":2,\"name\":\"Help\"}]},{\"@type\":\"WebSite\",\"@id\":\"https:\\\/\\\/decor-resto.com\\\/#website\",\"url\":\"https:\\\/\\\/decor-resto.com\\\/\",\"name\":\"D\u00e9cor-Resto\",\"description\":\"mobilier et chaise de restaurant\",\"publisher\":{\"@id\":\"https:\\\/\\\/decor-resto.com\\\/#organization\"},\"alternateName\":\"D\u00e9cor-Resto chaises et tables\",\"potentialAction\":[{\"@type\":\"SearchAction\",\"target\":{\"@type\":\"EntryPoint\",\"urlTemplate\":\"https:\\\/\\\/decor-resto.com\\\/?s={search_term_string}\"},\"query-input\":{\"@type\":\"PropertyValueSpecification\",\"valueRequired\":true,\"valueName\":\"search_term_string\"}}],\"inLanguage\":\"en-CA\"},{\"@type\":\"Organization\",\"@id\":\"https:\\\/\\\/decor-resto.com\\\/#organization\",\"name\":\"Decor Resto\",\"alternateName\":\"D\u00e9cor-Resto Chaises & Tables inc.\",\"url\":\"https:\\\/\\\/decor-resto.com\\\/\",\"logo\":{\"@type\":\"ImageObject\",\"inLanguage\":\"en-CA\",\"@id\":\"https:\\\/\\\/decor-resto.com\\\/#\\\/schema\\\/logo\\\/image\\\/\",\"url\":\"https:\\\/\\\/decor-resto.com\\\/wp-content\\\/uploads\\\/2018\\\/11\\\/decorResto.jpg\",\"contentUrl\":\"https:\\\/\\\/decor-resto.com\\\/wp-content\\\/uploads\\\/2018\\\/11\\\/decorResto.jpg\",\"width\":580,\"height\":580,\"caption\":\"Decor Resto\"},\"image\":{\"@id\":\"https:\\\/\\\/decor-resto.com\\\/#\\\/schema\\\/logo\\\/image\\\/\"},\"sameAs\":[\"https:\\\/\\\/www.facebook.com\\\/DecorResto\\\/\",\"https:\\\/\\\/x.com\\\/DECORRESTO\",\"https:\\\/\\\/www.youtube.com\\\/user\\\/decorresto\",\"https:\\\/\\\/www.linkedin.com\\\/in\\\/decor-resto-chairs-tables-inc-a23698a0\\\/?locale=fr_FR\"]}]}<\/script>\n<!-- \/ Yoast SEO Premium plugin. -->","yoast_head_json":{"title":"Help - D\u00e9cor-Resto","robots":{"index":"index","follow":"follow","max-snippet":"max-snippet:-1","max-image-preview":"max-image-preview:large","max-video-preview":"max-video-preview:-1"},"canonical":"https:\/\/decor-resto.com\/en\/help\/","og_locale":"en_US","og_type":"article","og_title":"Help","og_url":"https:\/\/decor-resto.com\/en\/help\/","og_site_name":"D\u00e9cor-Resto","article_publisher":"https:\/\/www.facebook.com\/DecorResto\/","og_image":[{"width":1030,"height":1030,"url":"https:\/\/decor-resto.com\/wp-content\/uploads\/2022\/02\/sq-chairs-dark-1030x1030.jpeg","type":"image\/jpeg"}],"twitter_card":"summary_large_image","twitter_site":"@DECORRESTO","twitter_misc":{"Est. reading time":"3 minutes"},"schema":{"@context":"https:\/\/schema.org","@graph":[{"@type":"WebPage","@id":"https:\/\/decor-resto.com\/help\/","url":"https:\/\/decor-resto.com\/help\/","name":"Help - D\u00e9cor-Resto","isPartOf":{"@id":"https:\/\/decor-resto.com\/#website"},"datePublished":"2013-04-05T17:31:26+00:00","breadcrumb":{"@id":"https:\/\/decor-resto.com\/help\/#breadcrumb"},"inLanguage":"en-CA","potentialAction":[{"@type":"ReadAction","target":["https:\/\/decor-resto.com\/help\/"]}]},{"@type":"BreadcrumbList","@id":"https:\/\/decor-resto.com\/help\/#breadcrumb","itemListElement":[{"@type":"ListItem","position":1,"name":"Home","item":"https:\/\/decor-resto.com\/accueil\/"},{"@type":"ListItem","position":2,"name":"Help"}]},{"@type":"WebSite","@id":"https:\/\/decor-resto.com\/#website","url":"https:\/\/decor-resto.com\/","name":"D\u00e9cor-Resto","description":"restaurant chairs and furniture","publisher":{"@id":"https:\/\/decor-resto.com\/#organization"},"alternateName":"D\u00e9cor-Resto chaises et tables","potentialAction":[{"@type":"SearchAction","target":{"@type":"EntryPoint","urlTemplate":"https:\/\/decor-resto.com\/?s={search_term_string}"},"query-input":{"@type":"PropertyValueSpecification","valueRequired":true,"valueName":"search_term_string"}}],"inLanguage":"en-CA"},{"@type":"Organization","@id":"https:\/\/decor-resto.com\/#organization","name":"Decor Resto","alternateName":"D\u00e9cor-Resto Chaises & Tables inc.","url":"https:\/\/decor-resto.com\/","logo":{"@type":"ImageObject","inLanguage":"en-CA","@id":"https:\/\/decor-resto.com\/#\/schema\/logo\/image\/","url":"https:\/\/decor-resto.com\/wp-content\/uploads\/2018\/11\/decorResto.jpg","contentUrl":"https:\/\/decor-resto.com\/wp-content\/uploads\/2018\/11\/decorResto.jpg","width":580,"height":580,"caption":"Decor Resto"},"image":{"@id":"https:\/\/decor-resto.com\/#\/schema\/logo\/image\/"},"sameAs":["https:\/\/www.facebook.com\/DecorResto\/","https:\/\/x.com\/DECORRESTO","https:\/\/www.youtube.com\/user\/decorresto","https:\/\/www.linkedin.com\/in\/decor-resto-chairs-tables-inc-a23698a0\/?locale=fr_FR"]}]}},"jetpack_sharing_enabled":true,"jetpack-related-posts":[{"id":375,"url":"https:\/\/decor-resto.com\/en\/mobilier-en-metal\/","url_meta":{"origin":2971,"position":0},"title":"Metal Furniture","author":"","date":"29 February 2016","format":false,"excerpt":"Moderne, durable et \u00e9l\u00e9gant, il sublimera votre espace ext\u00e9rieur. Le mobilier en m\u00e9tal s\u2019adapte \u00e0 tous les styles et offre une robustesse \u00e0 toute \u00e9preuve. Pour une assistance personnalis\u00e9e, appelez-nous au 1 (514) 969-4482","rel":"","context":"Similar post","block_context":{"text":"Similar post","link":""},"img":{"alt_text":"","src":"https:\/\/i0.wp.com\/decor-resto.com\/wp-content\/uploads\/2022\/02\/sq-metal-chairs.jpg?resize=350%2C200&ssl=1","width":350,"height":200,"srcset":"https:\/\/i0.wp.com\/decor-resto.com\/wp-content\/uploads\/2022\/02\/sq-metal-chairs.jpg?resize=350%2C200&ssl=1 1x, https:\/\/i0.wp.com\/decor-resto.com\/wp-content\/uploads\/2022\/02\/sq-metal-chairs.jpg?resize=525%2C300&ssl=1 1.5x, https:\/\/i0.wp.com\/decor-resto.com\/wp-content\/uploads\/2022\/02\/sq-metal-chairs.jpg?resize=700%2C400&ssl=1 2x, https:\/\/i0.wp.com\/decor-resto.com\/wp-content\/uploads\/2022\/02\/sq-metal-chairs.jpg?resize=1050%2C600&ssl=1 3x"},"classes":[]},{"id":1789,"url":"https:\/\/decor-resto.com\/en\/mobilier-dexterieur\/","url_meta":{"origin":2971,"position":1},"title":"Outdoor Furniture","author":"","date":"13 April 2016","format":false,"excerpt":"The post showcases a horizontal gallery and a tabbed product grid section with four categories: Chaise de Terrasse, Bases de Table pour Terrasse, Dessus de Table, and Mobilier sur Commande. Each tab displays a product grid with 24 items in columns, available for pagination, without lazy loading.","rel":"","context":"Similar post","block_context":{"text":"Similar post","link":""},"img":{"alt_text":"","src":"https:\/\/i0.wp.com\/decor-resto.com\/wp-content\/uploads\/2021\/12\/terrace-cafe-paris-scaled.jpeg?resize=350%2C200&ssl=1","width":350,"height":200,"srcset":"https:\/\/i0.wp.com\/decor-resto.com\/wp-content\/uploads\/2021\/12\/terrace-cafe-paris-scaled.jpeg?resize=350%2C200&ssl=1 1x, https:\/\/i0.wp.com\/decor-resto.com\/wp-content\/uploads\/2021\/12\/terrace-cafe-paris-scaled.jpeg?resize=525%2C300&ssl=1 1.5x, https:\/\/i0.wp.com\/decor-resto.com\/wp-content\/uploads\/2021\/12\/terrace-cafe-paris-scaled.jpeg?resize=700%2C400&ssl=1 2x, https:\/\/i0.wp.com\/decor-resto.com\/wp-content\/uploads\/2021\/12\/terrace-cafe-paris-scaled.jpeg?resize=1050%2C600&ssl=1 3x, https:\/\/i0.wp.com\/decor-resto.com\/wp-content\/uploads\/2021\/12\/terrace-cafe-paris-scaled.jpeg?resize=1400%2C800&ssl=1 4x"},"classes":[]},{"id":889,"url":"https:\/\/decor-resto.com\/en\/mobilier-de-banquet\/","url_meta":{"origin":2971,"position":2},"title":"Banquet Furniture","author":"","date":"7 March 2016","format":false,"excerpt":"This content is code for a web page with a menu featuring two items, a horizontal gallery with four images, and a tab section with three categories - Banquet Chairs, Chair Trolleys, and Banquet Tables. Each category is presented in a grid, presumably with product options or images.","rel":"","context":"Similar post","block_context":{"text":"Similar post","link":""},"img":{"alt_text":"banquet furniture","src":"https:\/\/i0.wp.com\/decor-resto.com\/wp-content\/uploads\/2021\/11\/pxfuel.com-7-scaled.jpg?resize=350%2C200&ssl=1","width":350,"height":200,"srcset":"https:\/\/i0.wp.com\/decor-resto.com\/wp-content\/uploads\/2021\/11\/pxfuel.com-7-scaled.jpg?resize=350%2C200&ssl=1 1x, https:\/\/i0.wp.com\/decor-resto.com\/wp-content\/uploads\/2021\/11\/pxfuel.com-7-scaled.jpg?resize=525%2C300&ssl=1 1.5x, https:\/\/i0.wp.com\/decor-resto.com\/wp-content\/uploads\/2021\/11\/pxfuel.com-7-scaled.jpg?resize=700%2C400&ssl=1 2x, https:\/\/i0.wp.com\/decor-resto.com\/wp-content\/uploads\/2021\/11\/pxfuel.com-7-scaled.jpg?resize=1050%2C600&ssl=1 3x, https:\/\/i0.wp.com\/decor-resto.com\/wp-content\/uploads\/2021\/11\/pxfuel.com-7-scaled.jpg?resize=1400%2C800&ssl=1 4x"},"classes":[]},{"id":886,"url":"https:\/\/decor-resto.com\/en\/mobilier-en-bois\/","url_meta":{"origin":2971,"position":3},"title":"Wood Furniture","author":"","date":"7 March 2016","format":false,"excerpt":"Nous nous sp\u00e9cialisons dans le mobilier de bois, m\u00e9tal et de verre, avec des touches d\u2019aluminium et d\u2019acier, pour meubler tous les besoins de votre restaurant. Nous nous distinguons par l\u2019utilisation du noyer massif, par l\u2019innovation strat\u00e9gique dans tous nos proc\u00e9d\u00e9s, par notre \u00e9troite collaboration avec tous nos d\u00e9taillants et\u2026","rel":"","context":"Similar post","block_context":{"text":"Similar post","link":""},"img":{"alt_text":"","src":"https:\/\/i0.wp.com\/decor-resto.com\/wp-content\/uploads\/2022\/02\/sq-exterior-chairs.jpg?resize=350%2C200&ssl=1","width":350,"height":200,"srcset":"https:\/\/i0.wp.com\/decor-resto.com\/wp-content\/uploads\/2022\/02\/sq-exterior-chairs.jpg?resize=350%2C200&ssl=1 1x, https:\/\/i0.wp.com\/decor-resto.com\/wp-content\/uploads\/2022\/02\/sq-exterior-chairs.jpg?resize=525%2C300&ssl=1 1.5x, https:\/\/i0.wp.com\/decor-resto.com\/wp-content\/uploads\/2022\/02\/sq-exterior-chairs.jpg?resize=700%2C400&ssl=1 2x, https:\/\/i0.wp.com\/decor-resto.com\/wp-content\/uploads\/2022\/02\/sq-exterior-chairs.jpg?resize=1050%2C600&ssl=1 3x, https:\/\/i0.wp.com\/decor-resto.com\/wp-content\/uploads\/2022\/02\/sq-exterior-chairs.jpg?resize=1400%2C800&ssl=1 4x"},"classes":[]},{"id":3307,"url":"https:\/\/decor-resto.com\/en\/","url_meta":{"origin":2971,"position":4},"title":"Home","author":"Andrei Badulescu","date":"2 March 2015","format":false,"excerpt":"Appelez-nous au 514-969-4482 pour une d\u00e9coration unique pour la maison et le restaurant, des chaises, des tabourets et des banquettes ainsi que du rembourrage doux et robuste.","rel":"","context":"Similar post","block_context":{"text":"Similar post","link":""},"img":{"alt_text":"","src":"","width":0,"height":0},"classes":[]},{"id":3304,"url":"https:\/\/decor-resto.com\/en\/contact\/","url_meta":{"origin":2971,"position":5},"title":"Contact","author":"Bynapse","date":"3 March 2015","format":false,"excerpt":"","rel":"","context":"Similar post","block_context":{"text":"Similar post","link":""},"img":{"alt_text":"","src":"","width":0,"height":0},"classes":[]}],"_links":{"self":[{"href":"https:\/\/decor-resto.com\/en\/wp-json\/wp\/v2\/pages\/2971","targetHints":{"allow":["GET"]}}],"collection":[{"href":"https:\/\/decor-resto.com\/en\/wp-json\/wp\/v2\/pages"}],"about":[{"href":"https:\/\/decor-resto.com\/en\/wp-json\/wp\/v2\/types\/page"}],"author":[{"embeddable":true,"href":"https:\/\/decor-resto.com\/en\/wp-json\/wp\/v2\/users\/15"}],"replies":[{"embeddable":true,"href":"https:\/\/decor-resto.com\/en\/wp-json\/wp\/v2\/comments?post=2971"}],"version-history":[{"count":0,"href":"https:\/\/decor-resto.com\/en\/wp-json\/wp\/v2\/pages\/2971\/revisions"}],"wp:attachment":[{"href":"https:\/\/decor-resto.com\/en\/wp-json\/wp\/v2\/media?parent=2971"}],"curies":[{"name":"wp","href":"https:\/\/api.w.org\/{rel}","templated":true}]}}